{"id":13689,"date":"2025-02-24T22:44:57","date_gmt":"2025-02-24T21:44:57","guid":{"rendered":"https:\/\/staviori.com.pl\/product\/zlote-bransoletki-bzx1383\/"},"modified":"2026-04-23T13:06:06","modified_gmt":"2026-04-23T11:06:06","slug":"zlote-bransoletki-bzx1383","status":"publish","type":"product","link":"https:\/\/staviori.com.pl\/cs\/product\/zlote-bransoletki-bzx1383\/","title":{"rendered":"Zlat\u00fd jemn\u00fd n\u00e1ramek 18cm - 585 - BZX1383"},"content":{"rendered":"<p>Model: BZX1383<br \/>\nWaga ok. 0,49g<\/p>\n<p>N\u00e1ramek 18 cm.<br \/>\nSINGAPUR<br \/>\n\u017dlut\u00e9 zlato 0,585.<\/p>\n<p>Szeroko\u015b\u0107 oko\u0142o 1.13mm.<\/p>","protected":false},"excerpt":{"rendered":"<p>Staviori Bransoleta 18cm.  SINGAPUR \u017b\u00f3\u0142te Z\u0142oto 0,585. Szeroko\u015b\u0107 1,13 mm.<\/p>","protected":false},"featured_media":17158,"comment_status":"closed","ping_status":"closed","template":"","meta":{"om_disable_all_campaigns":false},"product_brand":[2284],"product_cat":[43,1392,1931,1930],"product_tag":[2547,2629,2551,1403],"class_list":{"0":"post-13689","1":"product","2":"type-product","3":"status-publish","4":"has-post-thumbnail","6":"product_brand-staviori","7":"product_cat-bransoletki","8":"product_cat-damskie","9":"product_cat-zlote-bransoletki","10":"product_cat-zloto-2","11":"product_tag-bransoletka-zlota","12":"product_tag-bzx1318","13":"product_tag-delikatna-bransoletka","14":"product_tag-singapur","15":"pa_kolor-zolte","16":"pa_kruszec-zloto","17":"pa_proba-0-585","18":"pa_splot-singapur","19":"pa_szerokosc-1-13mm","20":"pa_waga-0-49g","22":"first","23":"instock","24":"purchasable","25":"product-type-simple"},"aioseo_notices":[],"_links":{"self":[{"href":"https:\/\/staviori.com.pl\/cs\/wp-json\/wp\/v2\/product\/13689","targetHints":{"allow":["GET"]}}],"collection":[{"href":"https:\/\/staviori.com.pl\/cs\/wp-json\/wp\/v2\/product"}],"about":[{"href":"https:\/\/staviori.com.pl\/cs\/wp-json\/wp\/v2\/types\/product"}],"replies":[{"embeddable":true,"href":"https:\/\/staviori.com.pl\/cs\/wp-json\/wp\/v2\/comments?post=13689"}],"wp:featuredmedia":[{"embeddable":true,"href":"https:\/\/staviori.com.pl\/cs\/wp-json\/wp\/v2\/media\/17158"}],"wp:attachment":[{"href":"https:\/\/staviori.com.pl\/cs\/wp-json\/wp\/v2\/media?parent=13689"}],"wp:term":[{"taxonomy":"product_brand","embeddable":true,"href":"https:\/\/staviori.com.pl\/cs\/wp-json\/wp\/v2\/product_brand?post=13689"},{"taxonomy":"product_cat","embeddable":true,"href":"https:\/\/staviori.com.pl\/cs\/wp-json\/wp\/v2\/product_cat?post=13689"},{"taxonomy":"product_tag","embeddable":true,"href":"https:\/\/staviori.com.pl\/cs\/wp-json\/wp\/v2\/product_tag?post=13689"}],"curies":[{"name":"wp","href":"https:\/\/api.w.org\/{rel}","templated":true}]}}