{"id":13678,"date":"2025-02-24T22:44:57","date_gmt":"2025-02-24T21:44:57","guid":{"rendered":"https:\/\/staviori.com.pl\/product\/perly-ze-zlotem-bzn6319\/"},"modified":"2026-04-09T10:57:49","modified_gmt":"2026-04-09T08:57:49","slug":"perly-ze-zlotem-bzn6319","status":"publish","type":"product","link":"https:\/\/staviori.com.pl\/cs\/product\/perly-ze-zlotem-bzn6319\/","title":{"rendered":"Zlat\u00fd n\u00e1ramek s 8-9mm perlami - BZN6319"},"content":{"rendered":"<p>Model: BZN6319<br \/>\nHmotnost p\u0159ibli\u017en\u011b 1 g<\/p>\n<p>N\u00e1ramek 19 cm.<br \/>\n\u017dlut\u00e9 zlato 0,585.<br \/>\nP\u0159\u00edrodn\u00ed sladkovodn\u00ed kultivovan\u00e9 perly.<br \/>\nKvalita A - b\u00edl\u00e1<br \/>\n\u015arednica 8-9 mm.<\/p>\n<p>Per\u0142y od wiek\u00f3w symbolizuj\u0105 szcz\u0119\u015bcie w ma\u0142\u017ce\u0144stwie oraz niez\u0142omn\u0105 wiar\u0119. Ich ponadczasowe pi\u0119kno doskonale komponuje si\u0119 z klasyczn\u0105 bi\u017cuteri\u0105. Wzory z per\u0142ami to idealny wyb\u00f3r na wyj\u0105tkowy prezent dla bliskiej osoby.<br \/>\nBransoletka zdobiona hodowlanymi per\u0142ami o \u015brednicy 8-9 mm.<br \/>\nModel wzbogacono o z\u0142ote elementy wykonane z kruszcu pr\u00f3by 0,585, co dodaje jej elegancji i wyrafinowania.<\/p>","protected":false},"excerpt":{"rendered":"<p>Wyj\u0105tkowa bransoletka z wi\u0119kszych, naturalnych pere\u0142 hodowlanych o \u015brednicy 8\u20139 mm, kt\u00f3re zachwycaj\u0105 swoj\u0105 klasyczn\u0105 biel\u0105 i delikatnym po\u0142yskiem. Ca\u0142o\u015b\u0107 uzupe\u0142niaj\u0105 eleganckie elementy z \u017c\u00f3\u0142tego z\u0142ota pr\u00f3by 0,585, dodaj\u0105ce ca\u0142o\u015bci luksusowego charakteru. To wyrafinowana bi\u017cuteria, idealna dla kobiet ceni\u0105cych ponadczasowy styl i elegancj\u0119. Doskona\u0142y wyb\u00f3r na prezent z g\u0142\u0119bszym przes\u0142aniem \u2013 per\u0142y symbolizuj\u0105 mi\u0142o\u015b\u0107, czysto\u015b\u0107 i szcz\u0119\u015bcie.<\/p>","protected":false},"featured_media":989,"comment_status":"closed","ping_status":"closed","template":"","meta":{"om_disable_all_campaigns":false},"product_brand":[2284,2350],"product_cat":[43,1392,1393,1976,1930],"product_tag":[2650,2645,2602,2603,2280,2649,2532,2580,2364],"class_list":{"0":"post-13678","1":"product","2":"type-product","3":"status-publish","4":"has-post-thumbnail","6":"product_brand-staviori","7":"product_brand-verona","8":"product_cat-bransoletki","9":"product_cat-damskie","10":"product_cat-perly","11":"product_cat-perly-ze-zlotem","12":"product_cat-zloto-2","13":"product_tag-biale-perly","14":"product_tag-bransoletka-z-perel","15":"product_tag-elegancka-bransoletka","16":"product_tag-klasyczna-bizuteria","17":"product_tag-luksusowa-bizuteria","18":"product_tag-perly-8-9-mm","19":"product_tag-perly-slodkowodne","20":"product_tag-prezent-dla-kobiety","21":"product_tag-zloto-585","22":"pa_kamien-naturalne-perly-hodowane-slodkowodne","23":"pa_kolor-zolte","24":"pa_kruszec-zloto","25":"pa_perly-jakosc-a-biale","26":"pa_proba-0-585","27":"pa_srednica-perel-8-9mm","28":"pa_waga-14-63g","30":"first","31":"instock","32":"purchasable","33":"product-type-simple"},"aioseo_notices":[],"_links":{"self":[{"href":"https:\/\/staviori.com.pl\/cs\/wp-json\/wp\/v2\/product\/13678","targetHints":{"allow":["GET"]}}],"collection":[{"href":"https:\/\/staviori.com.pl\/cs\/wp-json\/wp\/v2\/product"}],"about":[{"href":"https:\/\/staviori.com.pl\/cs\/wp-json\/wp\/v2\/types\/product"}],"replies":[{"embeddable":true,"href":"https:\/\/staviori.com.pl\/cs\/wp-json\/wp\/v2\/comments?post=13678"}],"wp:featuredmedia":[{"embeddable":true,"href":"https:\/\/staviori.com.pl\/cs\/wp-json\/wp\/v2\/media\/989"}],"wp:attachment":[{"href":"https:\/\/staviori.com.pl\/cs\/wp-json\/wp\/v2\/media?parent=13678"}],"wp:term":[{"taxonomy":"product_brand","embeddable":true,"href":"https:\/\/staviori.com.pl\/cs\/wp-json\/wp\/v2\/product_brand?post=13678"},{"taxonomy":"product_cat","embeddable":true,"href":"https:\/\/staviori.com.pl\/cs\/wp-json\/wp\/v2\/product_cat?post=13678"},{"taxonomy":"product_tag","embeddable":true,"href":"https:\/\/staviori.com.pl\/cs\/wp-json\/wp\/v2\/product_tag?post=13678"}],"curies":[{"name":"wp","href":"https:\/\/api.w.org\/{rel}","templated":true}]}}