{"id":13677,"date":"2025-02-24T22:44:57","date_gmt":"2025-02-24T21:44:57","guid":{"rendered":"https:\/\/staviori.com.pl\/product\/perly-ze-zlotem-bzn4445\/"},"modified":"2026-04-09T10:59:11","modified_gmt":"2026-04-09T08:59:11","slug":"perly-ze-zlotem-bzn4445","status":"publish","type":"product","link":"https:\/\/staviori.com.pl\/cs\/product\/perly-ze-zlotem-bzn4445\/","title":{"rendered":"Zlat\u00fd n\u00e1ramek s 10-11mm perlami - BZN4445"},"content":{"rendered":"<p>Model: BZN4445<br \/>\nHmotnost p\u0159ibli\u017en\u011b 1 g<\/p>\n<p>N\u00e1ramek 19 cm.<br \/>\n\u017dlut\u00e9 zlato 0,585.<br \/>\nP\u0159\u00edrodn\u00ed sladkovodn\u00ed kultivovan\u00e9 perly.<br \/>\nKvalita A - b\u00edl\u00e1<br \/>\nPr\u016fm\u011br 10-11 mm.<\/p>","protected":false},"excerpt":{"rendered":"<p>Exkluzivn\u00ed n\u00e1ramek z p\u0159\u00edrodn\u00edch kultivovan\u00fdch perel o impozantn\u00edm pr\u016fm\u011bru 10-11 mm, kter\u00e9 ohromuj\u00ed sv\u00fdm klasick\u00fdm b\u00edl\u00fdm leskem. Cel\u00fd \u0161perk dopl\u0148uje elegantn\u00ed povrchov\u00e1 \u00faprava ze \u017elut\u00e9ho zlata 0,585, kter\u00e1 podtrhuje luxusn\u00ed charakter \u0161perku. Jedn\u00e1 se o v\u00fdrazn\u00fd a elegantn\u00ed dopln\u011bk pro \u017eeny, kter\u00e9 miluj\u00ed nad\u010dasovou klasiku v rafinovan\u00e9m proveden\u00ed. Perly ji\u017e po stalet\u00ed symbolizuj\u00ed \u0161t\u011bst\u00ed, \u010distotu a l\u00e1sku - ide\u00e1ln\u00ed volba pro d\u00e1rek pln\u00fd v\u00fdznamu.<\/p>","protected":false},"featured_media":984,"comment_status":"closed","ping_status":"closed","template":"","meta":{"om_disable_all_campaigns":false},"product_brand":[2284,2350],"product_cat":[43,1392,1393,1976,1930],"product_tag":[2650,2645,2602,2603,2280,2651,2532,2639,2364],"class_list":{"0":"post-13677","1":"product","2":"type-product","3":"status-publish","4":"has-post-thumbnail","6":"product_brand-staviori","7":"product_brand-verona","8":"product_cat-bransoletki","9":"product_cat-damskie","10":"product_cat-perly","11":"product_cat-perly-ze-zlotem","12":"product_cat-zloto-2","13":"product_tag-biale-perly","14":"product_tag-bransoletka-z-perel","15":"product_tag-elegancka-bransoletka","16":"product_tag-klasyczna-bizuteria","17":"product_tag-luksusowa-bizuteria","18":"product_tag-perly-10-11-mm","19":"product_tag-perly-slodkowodne","20":"product_tag-prezent-premium","21":"product_tag-zloto-585","22":"pa_kamien-naturalne-perly-hodowane-slodkowodne","23":"pa_kolor-zolte","24":"pa_kruszec-zloto","25":"pa_perly-jakosc-a-biale","26":"pa_proba-0-585","27":"pa_srednica-perel-10-11mm","28":"pa_waga-23g","30":"first","31":"instock","32":"purchasable","33":"product-type-simple"},"aioseo_notices":[],"_links":{"self":[{"href":"https:\/\/staviori.com.pl\/cs\/wp-json\/wp\/v2\/product\/13677","targetHints":{"allow":["GET"]}}],"collection":[{"href":"https:\/\/staviori.com.pl\/cs\/wp-json\/wp\/v2\/product"}],"about":[{"href":"https:\/\/staviori.com.pl\/cs\/wp-json\/wp\/v2\/types\/product"}],"replies":[{"embeddable":true,"href":"https:\/\/staviori.com.pl\/cs\/wp-json\/wp\/v2\/comments?post=13677"}],"wp:featuredmedia":[{"embeddable":true,"href":"https:\/\/staviori.com.pl\/cs\/wp-json\/wp\/v2\/media\/984"}],"wp:attachment":[{"href":"https:\/\/staviori.com.pl\/cs\/wp-json\/wp\/v2\/media?parent=13677"}],"wp:term":[{"taxonomy":"product_brand","embeddable":true,"href":"https:\/\/staviori.com.pl\/cs\/wp-json\/wp\/v2\/product_brand?post=13677"},{"taxonomy":"product_cat","embeddable":true,"href":"https:\/\/staviori.com.pl\/cs\/wp-json\/wp\/v2\/product_cat?post=13677"},{"taxonomy":"product_tag","embeddable":true,"href":"https:\/\/staviori.com.pl\/cs\/wp-json\/wp\/v2\/product_tag?post=13677"}],"curies":[{"name":"wp","href":"https:\/\/api.w.org\/{rel}","templated":true}]}}