{"id":13676,"date":"2025-02-24T22:44:57","date_gmt":"2025-02-24T21:44:57","guid":{"rendered":"https:\/\/staviori.com.pl\/product\/zlote-bransoletki-bzg6270\/"},"modified":"2026-02-11T00:08:28","modified_gmt":"2026-02-10T23:08:28","slug":"zlote-bransoletki-bzg6270","status":"publish","type":"product","link":"https:\/\/staviori.com.pl\/cs\/product\/zlote-bransoletki-bzg6270\/","title":{"rendered":"Zlat\u00fd diamantov\u00fd n\u00e1ramek ROLO - BZG6270"},"content":{"rendered":"<p>Model: BZG6270<br \/>\nWaga ok. 0,46g<\/p>\n<p>N\u00e1ramek 18 cm.<br \/>\n\u017dlut\u00e9 zlato 0,585.<br \/>\nSzeroko\u015b\u0107 1 mm.<br \/>\nMo\u017cliwo\u015b\u0107 regulacji d\u0142ugo\u015bci 16cm &#8211; 18cm.<\/p>\n<p>Pi\u0119kna, delikatna bransoletka w splocie unisex typu ROLO. Wykonana z \u017c\u00f3\u0142tego z\u0142ota 14-karatowego. Posiada regulacj\u0119 d\u0142ugo\u015bci 16 do 18cm.<\/p>","protected":false},"excerpt":{"rendered":"<p>Pi\u0119kna i niezwykle subtelna bransoletka w klasycznym splocie rolo, wykonana z \u017c\u00f3\u0142tego z\u0142ota pr\u00f3by 0,585. Jej lekka forma i delikatny po\u0142ysk sprawiaj\u0105, \u017ce idealnie dope\u0142nia codzienne oraz eleganckie stylizacje. Regulowana d\u0142ugo\u015b\u0107 od 16 do 18 cm pozwala na perfekcyjne dopasowanie do nadgarstka. Idealna dla mi\u0142o\u015bniczek minimalizmu i ponadczasowej elegancji.<\/p>","protected":false},"featured_media":982,"comment_status":"closed","ping_status":"closed","template":"","meta":{"om_disable_all_campaigns":false},"product_brand":[2284],"product_cat":[43,1392,2421,1931,1930],"product_tag":[2547,2565,2471,2384,2580,2448,2624,2599],"class_list":{"0":"post-13676","1":"product","2":"type-product","3":"status-publish","4":"has-post-thumbnail","6":"product_brand-staviori","7":"product_cat-bransoletki","8":"product_cat-damskie","9":"product_cat-meskie","10":"product_cat-zlote-bransoletki","11":"product_cat-zloto-2","12":"product_tag-bransoletka-zlota","13":"product_tag-delikatna-bizuteria","14":"product_tag-dziewczynka","15":"product_tag-minimalistyczna-bizuteria","16":"product_tag-prezent-dla-kobiety","17":"product_tag-regulowana-bransoletka","18":"product_tag-splot-rolo","19":"product_tag-zolte-zloto-585","20":"pa_dostawca-gese","21":"pa_kolor-zolte","22":"pa_kruszec-zloto","23":"pa_proba-0-585","24":"pa_splot-rolo","25":"pa_szerokosc-1mm","26":"pa_waga-0-46g","28":"first","29":"instock","30":"purchasable","31":"product-type-simple"},"aioseo_notices":[],"_links":{"self":[{"href":"https:\/\/staviori.com.pl\/cs\/wp-json\/wp\/v2\/product\/13676","targetHints":{"allow":["GET"]}}],"collection":[{"href":"https:\/\/staviori.com.pl\/cs\/wp-json\/wp\/v2\/product"}],"about":[{"href":"https:\/\/staviori.com.pl\/cs\/wp-json\/wp\/v2\/types\/product"}],"replies":[{"embeddable":true,"href":"https:\/\/staviori.com.pl\/cs\/wp-json\/wp\/v2\/comments?post=13676"}],"wp:featuredmedia":[{"embeddable":true,"href":"https:\/\/staviori.com.pl\/cs\/wp-json\/wp\/v2\/media\/982"}],"wp:attachment":[{"href":"https:\/\/staviori.com.pl\/cs\/wp-json\/wp\/v2\/media?parent=13676"}],"wp:term":[{"taxonomy":"product_brand","embeddable":true,"href":"https:\/\/staviori.com.pl\/cs\/wp-json\/wp\/v2\/product_brand?post=13676"},{"taxonomy":"product_cat","embeddable":true,"href":"https:\/\/staviori.com.pl\/cs\/wp-json\/wp\/v2\/product_cat?post=13676"},{"taxonomy":"product_tag","embeddable":true,"href":"https:\/\/staviori.com.pl\/cs\/wp-json\/wp\/v2\/product_tag?post=13676"}],"curies":[{"name":"wp","href":"https:\/\/api.w.org\/{rel}","templated":true}]}}