{"id":13673,"date":"2025-02-24T22:44:53","date_gmt":"2025-02-24T21:44:53","guid":{"rendered":"https:\/\/staviori.com.pl\/product\/zlote-bransoletki-bzg6047\/"},"modified":"2026-02-11T00:08:28","modified_gmt":"2026-02-10T23:08:28","slug":"zlote-bransoletki-bzg6047","status":"publish","type":"product","link":"https:\/\/staviori.com.pl\/cs\/product\/zlote-bransoletki-bzg6047\/","title":{"rendered":"Jemn\u00fd zlat\u00fd n\u00e1ramek s kor\u00e1lky"},"content":{"rendered":"<p>Model: BZG6047<br \/>\nWaga ok. 0,89g<\/p>\n<p>N\u00e1ramek 18 cm.<br \/>\n\u017dlut\u00e9 zlato 0,585.<\/p>\n<p>\u015arednica kulki 1.5 mm.<br \/>\nNastaviteln\u00e1 d\u00e9lka 17 cm - 19 cm.<\/p>\n<p>Pi\u0119kna z\u0142ota bransoletk\u0105 na r\u0119k\u0119 z regulacj\u0105 d\u0142ugo\u015bci, ozdobiona z\u0142otymi kuleczkami.<\/p>","protected":false},"excerpt":{"rendered":"<p>Jemn\u00fd n\u00e1ramek ze \u017elut\u00e9ho zlata 585 zdoben\u00fd jemn\u00fdmi zlat\u00fdmi kuli\u010dkami. Lehk\u00fd a minimalistick\u00fd n\u00e1ramek se bude skv\u011ble hodit jako ka\u017edodenn\u00ed dopln\u011bk i jako elegantn\u00ed akcent k ve\u010dern\u00edmu outfitu. Nastaviteln\u00e1 d\u00e9lka zaji\u0161\u0165uje pohodln\u00e9 no\u0161en\u00ed a dokonal\u00e9 usazen\u00ed na z\u00e1p\u011bst\u00ed.<\/p>","protected":false},"featured_media":957,"comment_status":"closed","ping_status":"closed","template":"","meta":{"om_disable_all_campaigns":false},"product_brand":[2284],"product_cat":[43,1931,1930],"product_tag":[6277,6293,6291,6290,2547,6295,6294,6297,6298,6289,6296,6292,6299,6276,2364],"class_list":{"0":"post-13673","1":"product","2":"type-product","3":"status-publish","4":"has-post-thumbnail","6":"product_brand-staviori","7":"product_cat-bransoletki","8":"product_cat-zlote-bransoletki","9":"product_cat-zloto-2","10":"product_tag-armband-gold","11":"product_tag-armband-mit-kugeln","12":"product_tag-bracelet-with-beads","13":"product_tag-bransoletka-z-kuleczkami","14":"product_tag-bransoletka-zlota","15":"product_tag-delicate-gold-jewelry","16":"product_tag-delikatna-bizuteria-zlota","17":"product_tag-feiner-goldschmuck","18":"product_tag-gold-585","19":"product_tag-gold-bracelet","20":"product_tag-jemne-zlate-sperky","21":"product_tag-naramek-s-kulickami","22":"product_tag-zlato-585","23":"product_tag-zlaty-naramek","24":"product_tag-zloto-585","25":"pa_dostawca-gese","26":"pa_kolor-zolte","27":"pa_kruszec-zloto","28":"pa_proba-0-585","29":"pa_srednica-kulki-1-5mm","30":"pa_waga-0-89g","32":"first","33":"instock","34":"purchasable","35":"product-type-simple"},"aioseo_notices":[],"_links":{"self":[{"href":"https:\/\/staviori.com.pl\/cs\/wp-json\/wp\/v2\/product\/13673","targetHints":{"allow":["GET"]}}],"collection":[{"href":"https:\/\/staviori.com.pl\/cs\/wp-json\/wp\/v2\/product"}],"about":[{"href":"https:\/\/staviori.com.pl\/cs\/wp-json\/wp\/v2\/types\/product"}],"replies":[{"embeddable":true,"href":"https:\/\/staviori.com.pl\/cs\/wp-json\/wp\/v2\/comments?post=13673"}],"wp:featuredmedia":[{"embeddable":true,"href":"https:\/\/staviori.com.pl\/cs\/wp-json\/wp\/v2\/media\/957"}],"wp:attachment":[{"href":"https:\/\/staviori.com.pl\/cs\/wp-json\/wp\/v2\/media?parent=13673"}],"wp:term":[{"taxonomy":"product_brand","embeddable":true,"href":"https:\/\/staviori.com.pl\/cs\/wp-json\/wp\/v2\/product_brand?post=13673"},{"taxonomy":"product_cat","embeddable":true,"href":"https:\/\/staviori.com.pl\/cs\/wp-json\/wp\/v2\/product_cat?post=13673"},{"taxonomy":"product_tag","embeddable":true,"href":"https:\/\/staviori.com.pl\/cs\/wp-json\/wp\/v2\/product_tag?post=13673"}],"curies":[{"name":"wp","href":"https:\/\/api.w.org\/{rel}","templated":true}]}}