{"id":13671,"date":"2025-02-24T22:44:53","date_gmt":"2025-02-24T21:44:53","guid":{"rendered":"https:\/\/staviori.com.pl\/product\/bransoletka-z-brylantami-bzd5284\/"},"modified":"2026-04-08T11:44:23","modified_gmt":"2026-04-08T09:44:23","slug":"bransoletka-z-brylantami-bzd5284","status":"publish","type":"product","link":"https:\/\/staviori.com.pl\/cs\/product\/bransoletka-z-brylantami-bzd5284\/","title":{"rendered":"Zlat\u00fd n\u00e1ramek s topasy, saf\u00edry a diamanty 585"},"content":{"rendered":"<p>Model: BZD5284<\/p>\n<p>Waga ok. 14,90g<\/p>\n<p>N\u00e1ramek 19 cm.<br \/>\n\u017dlut\u00e9 zlato 0,585.<br \/>\n100 Diament\u00f3w, szlif achtkant, o masie 0,27ct, barwa H, czysto\u015b\u0107 SI1-I1.<br \/>\n10 Topaz\u00f3w b\u0142\u0119kitnych, o masie 8,90ct.<br \/>\n80 Szafir\u00f3w, o masie 2,60ct.<br \/>\nSzeroko\u015b\u0107 6.50 mm.<\/p>\n<p>Dost\u0119pna na zam\u00f3wienie, czas realizacji ok. 1 tydzie\u0144<\/p>","protected":false},"excerpt":{"rendered":"<p>Luksusowa bransoleta z \u017c\u00f3\u0142tego z\u0142ota pr\u00f3by 585, ozdobiona b\u0142\u0119kitnymi topazami o masie 8,90 ct, g\u0142\u0119bokimi szafirami (2,60 ct) oraz a\u017c 100 diamentami w szlifie achtkant o \u0142\u0105cznej masie 0,27 ct. Po\u0142\u0105czenie intensywnego b\u0142\u0119kitu kamieni z blaskiem diament\u00f3w i ciep\u0142ym odcieniem z\u0142ota tworzy niezwykle efektown\u0105 i eleganck\u0105 kompozycj\u0119. Bi\u017cuteria idealna dla kobiet ceni\u0105cych luksus i wyj\u0105tkowy styl.<\/p>","protected":false},"featured_media":21403,"comment_status":"closed","ping_status":"closed","template":"","meta":{"om_disable_all_campaigns":false},"product_brand":[2284,2350],"product_cat":[1839,43,1803,1838],"product_tag":[6277,6358,6281,6356,6279,2313,6355,6278,2616,6283,6282,6206,6298,6289,6359,2280,3747,3753,6171,6280,6357,6299,6276,2364],"class_list":{"0":"post-13671","1":"product","2":"type-product","3":"status-publish","4":"has-post-thumbnail","6":"product_brand-staviori","7":"product_brand-verona","8":"product_cat-bransoletka-z-brylantami","9":"product_cat-bransoletki","10":"product_cat-brylanty-exclusive","11":"product_cat-diamenty","12":"product_tag-armband-gold","13":"product_tag-armband-mit-saphiren","14":"product_tag-armband-mit-topas","15":"product_tag-bracelet-with-sapphires","16":"product_tag-bracelet-with-topaz","17":"product_tag-bransoleta-z-diamentami","18":"product_tag-bransoleta-z-szafirami","19":"product_tag-bransoleta-z-topazami","20":"product_tag-bransoleta-zlota","21":"product_tag-diamanten-armband","22":"product_tag-diamantovy-naramek","23":"product_tag-diamond-bracelet","24":"product_tag-gold-585","25":"product_tag-gold-bracelet","26":"product_tag-goldschmuck-585","27":"product_tag-luksusowa-bizuteria","28":"product_tag-luxury-jewelry","29":"product_tag-luxusni-sperky","30":"product_tag-luxusschmuck","31":"product_tag-naramek-s-topazy","32":"product_tag-naramek-se-safiry","33":"product_tag-zlato-585","34":"product_tag-zlaty-naramek","35":"product_tag-zloto-585","36":"pa_barwa-h-2","37":"pa_czystosc-si1","38":"pa_kamien-diamenty","39":"pa_kamien-szafiry-naturalne","40":"pa_kamien-topazy-blekitne","41":"pa_kolor-zolte","42":"pa_kruszec-zloto","43":"pa_proba-0-585","44":"pa_rozmiar-17cm","45":"pa_szerokosc-6-50mm","46":"pa_waga-14-90g","48":"first","49":"outofstock","50":"purchasable","51":"product-type-simple"},"aioseo_notices":[],"_links":{"self":[{"href":"https:\/\/staviori.com.pl\/cs\/wp-json\/wp\/v2\/product\/13671","targetHints":{"allow":["GET"]}}],"collection":[{"href":"https:\/\/staviori.com.pl\/cs\/wp-json\/wp\/v2\/product"}],"about":[{"href":"https:\/\/staviori.com.pl\/cs\/wp-json\/wp\/v2\/types\/product"}],"replies":[{"embeddable":true,"href":"https:\/\/staviori.com.pl\/cs\/wp-json\/wp\/v2\/comments?post=13671"}],"wp:featuredmedia":[{"embeddable":true,"href":"https:\/\/staviori.com.pl\/cs\/wp-json\/wp\/v2\/media\/21403"}],"wp:attachment":[{"href":"https:\/\/staviori.com.pl\/cs\/wp-json\/wp\/v2\/media?parent=13671"}],"wp:term":[{"taxonomy":"product_brand","embeddable":true,"href":"https:\/\/staviori.com.pl\/cs\/wp-json\/wp\/v2\/product_brand?post=13671"},{"taxonomy":"product_cat","embeddable":true,"href":"https:\/\/staviori.com.pl\/cs\/wp-json\/wp\/v2\/product_cat?post=13671"},{"taxonomy":"product_tag","embeddable":true,"href":"https:\/\/staviori.com.pl\/cs\/wp-json\/wp\/v2\/product_tag?post=13671"}],"curies":[{"name":"wp","href":"https:\/\/api.w.org\/{rel}","templated":true}]}}