{"id":13670,"date":"2025-02-24T22:44:53","date_gmt":"2025-02-24T21:44:53","guid":{"rendered":"https:\/\/staviori.com.pl\/product\/bransoletka-z-brylantami-bzd4585\/"},"modified":"2026-02-11T00:08:28","modified_gmt":"2026-02-10T23:08:28","slug":"bransoletka-z-brylantami-bzd4585","status":"publish","type":"product","link":"https:\/\/staviori.com.pl\/cs\/product\/bransoletka-z-brylantami-bzd4585\/","title":{"rendered":"Exkluzivn\u011b | N\u00e1ramek se saf\u00edry a diamanty ze zlata 750"},"content":{"rendered":"<p>Model: BZD4585<br \/>\nHmotnost p\u0159ibli\u017en\u011b 12,90 g<\/p>\n<p>N\u00e1ramek 18 cm.<br \/>\n\u017dlut\u00e9 zlato 0,750.<br \/>\n9 Diament\u00f3w, szlif brylantowy, o masie 0,03ct., barwa G-H, czysto\u015b\u0107 SI1.<br \/>\n60 Szafir\u00f3w, o masie 4ct.<\/p>\n<p>Szeroko\u015b\u0107 3 mm.<\/p>\n<p>Produkt je k dispozici pouze na vy\u017e\u00e1d\u00e1n\u00ed, doba dod\u00e1n\u00ed cca 5 t\u00fddn\u016f.<\/p>","protected":false},"excerpt":{"rendered":"<p>V\u00fdjime\u010dn\u00fd n\u00e1ramek ze \u017elut\u00e9ho zlata 750, zdoben\u00fd 60 saf\u00edry o celkov\u00e9 hmotnosti p\u0159ibli\u017en\u011b 4ct a 9 brilianty. \u0160t\u00edhl\u00fd tvar o \u0161\u00ed\u0159ce 3 mm a elegantn\u00ed spojen\u00ed hlubok\u00fdch gran\u00e1tov\u00fdch kamen\u016f s leskem zlata \u010din\u00ed tento \u0161perk pln\u00fd noblesy a luxusu. Je ide\u00e1ln\u00ed pro zvl\u00e1\u0161tn\u00ed p\u0159\u00edle\u017eitosti a podtrhne kr\u00e1su ka\u017ed\u00e9 stylizace.<br \/>\nN\u00e1ramek m\u00e1 bezpe\u010dn\u00e9 dvojit\u00e9 zap\u00edn\u00e1n\u00ed.<\/p>","protected":false},"featured_media":21417,"comment_status":"closed","ping_status":"closed","template":"","meta":{"om_disable_all_campaigns":false},"product_brand":[2284],"product_cat":[1839,43,1803,1838],"product_tag":[6277,6358,6360,6356,2313,6355,2616,6283,6282,6206,6289,6361,2280,3747,3753,6171,6357,6363,6362,6276],"class_list":{"0":"post-13670","1":"product","2":"type-product","3":"status-publish","4":"has-post-thumbnail","6":"product_brand-staviori","7":"product_cat-bransoletka-z-brylantami","8":"product_cat-bransoletki","9":"product_cat-brylanty-exclusive","10":"product_cat-diamenty","11":"product_tag-armband-gold","12":"product_tag-armband-mit-saphiren","13":"product_tag-bizuteria-zlota-750","14":"product_tag-bracelet-with-sapphires","15":"product_tag-bransoleta-z-diamentami","16":"product_tag-bransoleta-z-szafirami","17":"product_tag-bransoleta-zlota","18":"product_tag-diamanten-armband","19":"product_tag-diamantovy-naramek","20":"product_tag-diamond-bracelet","21":"product_tag-gold-bracelet","22":"product_tag-gold-jewelry-750","23":"product_tag-luksusowa-bizuteria","24":"product_tag-luxury-jewelry","25":"product_tag-luxusni-sperky","26":"product_tag-luxusschmuck","27":"product_tag-naramek-se-safiry","28":"product_tag-schmuck-gold-750","29":"product_tag-zlate-sperky-750","30":"product_tag-zlaty-naramek","31":"pa_barwa-g-h","32":"pa_czystosc-si1","33":"pa_dostawca-estrella","34":"pa_kamien-brylanty","35":"pa_kamien-szafiry-naturalne","36":"pa_kolor-zolte","37":"pa_kruszec-zloto","38":"pa_proba-0-750","39":"pa_rozmiar-18cm","40":"pa_szerokosc-3mm","41":"pa_waga-12-90g","43":"first","44":"onbackorder","45":"purchasable","46":"product-type-simple"},"aioseo_notices":[],"_links":{"self":[{"href":"https:\/\/staviori.com.pl\/cs\/wp-json\/wp\/v2\/product\/13670","targetHints":{"allow":["GET"]}}],"collection":[{"href":"https:\/\/staviori.com.pl\/cs\/wp-json\/wp\/v2\/product"}],"about":[{"href":"https:\/\/staviori.com.pl\/cs\/wp-json\/wp\/v2\/types\/product"}],"replies":[{"embeddable":true,"href":"https:\/\/staviori.com.pl\/cs\/wp-json\/wp\/v2\/comments?post=13670"}],"wp:featuredmedia":[{"embeddable":true,"href":"https:\/\/staviori.com.pl\/cs\/wp-json\/wp\/v2\/media\/21417"}],"wp:attachment":[{"href":"https:\/\/staviori.com.pl\/cs\/wp-json\/wp\/v2\/media?parent=13670"}],"wp:term":[{"taxonomy":"product_brand","embeddable":true,"href":"https:\/\/staviori.com.pl\/cs\/wp-json\/wp\/v2\/product_brand?post=13670"},{"taxonomy":"product_cat","embeddable":true,"href":"https:\/\/staviori.com.pl\/cs\/wp-json\/wp\/v2\/product_cat?post=13670"},{"taxonomy":"product_tag","embeddable":true,"href":"https:\/\/staviori.com.pl\/cs\/wp-json\/wp\/v2\/product_tag?post=13670"}],"curies":[{"name":"wp","href":"https:\/\/api.w.org\/{rel}","templated":true}]}}