{"id":13669,"date":"2025-02-24T22:44:53","date_gmt":"2025-02-24T21:44:53","guid":{"rendered":"https:\/\/staviori.com.pl\/product\/bizuteria-inwestycyjna-bransoletka-bzd4302\/"},"modified":"2026-02-11T00:08:28","modified_gmt":"2026-02-10T23:08:28","slug":"bizuteria-inwestycyjna-bransoletka-bzd4302","status":"publish","type":"product","link":"https:\/\/staviori.com.pl\/cs\/product\/bizuteria-inwestycyjna-bransoletka-bzd4302\/","title":{"rendered":"Exclusive | Exkluzivn\u00ed n\u00e1ramek s diamanty ze \u017elut\u00e9ho a b\u00edl\u00e9ho zlata 750 K\u010d"},"content":{"rendered":"<p>Model: BZD4302<br \/>\nWaga ok. 27g<\/p>\n<p>N\u00e1ramek 18 cm.<br \/>\n\u017dlut\u00e9, b\u00edl\u00e9 zlato 0,750.<br \/>\n270 Diament\u00f3w, szlif brylantowy, o masie 3,43ct, barwa G-H, czysto\u015b\u0107 SI1.<\/p>\n<p>Szeroko\u015b\u0107 22-6 mm.<\/p>\n<p>Produkt je k dispozici pouze na vy\u017e\u00e1d\u00e1n\u00ed, doba dod\u00e1n\u00ed cca 5 t\u00fddn\u016f.<\/p>","protected":false},"excerpt":{"rendered":"<p>Velkolep\u00fd n\u00e1ramek ze \u017elut\u00e9ho a b\u00edl\u00e9ho zlata 750, os\u00e1zen\u00fd 270 diamanty o celkov\u00e9 hmotnosti 3,43 ct v briliantov\u00e9m brusu. Propl\u00e9taj\u00edc\u00ed se prameny zlata a diamant\u016f vytv\u00e1\u0159ej\u00ed mimo\u0159\u00e1dn\u011b n\u00e1padnou, luxusn\u00ed kompozici, kter\u00e1 zaujme sv\u00fdm leskem a eleganc\u00ed. Jedn\u00e1 se o v\u00fdjime\u010dn\u00fd \u0161perk, kter\u00fd podtrhne presti\u017e a vynikaj\u00edc\u00ed vkus sv\u00e9ho majitele.<\/p>","protected":false},"featured_media":930,"comment_status":"closed","ping_status":"closed","template":"","meta":{"om_disable_all_campaigns":false},"product_brand":[2284],"product_cat":[6893,43,1803],"product_tag":[6277,6360,6364,2313,2616,6283,6282,6206,2555,5069,6289,6361,6365,6367,6366,3753,6171,6363,6362,6276],"class_list":{"0":"post-13669","1":"product","2":"type-product","3":"status-publish","4":"has-post-thumbnail","6":"product_brand-staviori","7":"product_cat-bransoletka","8":"product_cat-bransoletki","9":"product_cat-brylanty-exclusive","10":"product_tag-armband-gold","11":"product_tag-bizuteria-zlota-750","12":"product_tag-bransoleta-luksusowa","13":"product_tag-bransoleta-z-diamentami","14":"product_tag-bransoleta-zlota","15":"product_tag-diamanten-armband","16":"product_tag-diamantovy-naramek","17":"product_tag-diamond-bracelet","18":"product_tag-ekskluzywna-bizuteria","19":"product_tag-exclusive-jewelry","20":"product_tag-gold-bracelet","21":"product_tag-gold-jewelry-750","22":"product_tag-luxury-bracelet","23":"product_tag-luxusarmband","24":"product_tag-luxusni-naramek","25":"product_tag-luxusni-sperky","26":"product_tag-luxusschmuck","27":"product_tag-schmuck-gold-750","28":"product_tag-zlate-sperky-750","29":"product_tag-zlaty-naramek","30":"pa_barwa-g-h","31":"pa_czystosc-si1","32":"pa_kamien-brylanty","33":"pa_kolor-biale","34":"pa_kolor-zolte","35":"pa_kruszec-zloto","36":"pa_proba-0-750","37":"pa_rozmiar-18cm","38":"pa_szerokosc-22-6mm","39":"pa_waga-27g","41":"first","42":"onbackorder","43":"purchasable","44":"product-type-simple"},"aioseo_notices":[],"_links":{"self":[{"href":"https:\/\/staviori.com.pl\/cs\/wp-json\/wp\/v2\/product\/13669","targetHints":{"allow":["GET"]}}],"collection":[{"href":"https:\/\/staviori.com.pl\/cs\/wp-json\/wp\/v2\/product"}],"about":[{"href":"https:\/\/staviori.com.pl\/cs\/wp-json\/wp\/v2\/types\/product"}],"replies":[{"embeddable":true,"href":"https:\/\/staviori.com.pl\/cs\/wp-json\/wp\/v2\/comments?post=13669"}],"wp:featuredmedia":[{"embeddable":true,"href":"https:\/\/staviori.com.pl\/cs\/wp-json\/wp\/v2\/media\/930"}],"wp:attachment":[{"href":"https:\/\/staviori.com.pl\/cs\/wp-json\/wp\/v2\/media?parent=13669"}],"wp:term":[{"taxonomy":"product_brand","embeddable":true,"href":"https:\/\/staviori.com.pl\/cs\/wp-json\/wp\/v2\/product_brand?post=13669"},{"taxonomy":"product_cat","embeddable":true,"href":"https:\/\/staviori.com.pl\/cs\/wp-json\/wp\/v2\/product_cat?post=13669"},{"taxonomy":"product_tag","embeddable":true,"href":"https:\/\/staviori.com.pl\/cs\/wp-json\/wp\/v2\/product_tag?post=13669"}],"curies":[{"name":"wp","href":"https:\/\/api.w.org\/{rel}","templated":true}]}}