{"id":13668,"date":"2025-02-24T22:44:53","date_gmt":"2025-02-24T21:44:53","guid":{"rendered":"https:\/\/staviori.com.pl\/product\/bizuteria-inwestycyjna-bransoletka-bzd4006\/"},"modified":"2026-02-11T00:08:28","modified_gmt":"2026-02-10T23:08:28","slug":"bizuteria-inwestycyjna-bransoletka-bzd4006","status":"publish","type":"product","link":"https:\/\/staviori.com.pl\/cs\/product\/bizuteria-inwestycyjna-bransoletka-bzd4006\/","title":{"rendered":"Exkluzivn\u00ed | zlat\u00fd tenisov\u00fd n\u00e1ramek s diamanty - 750 - DDB0699"},"content":{"rendered":"<p>Model: DDB0699<br \/>\nWaga ok. 5,86g<\/p>\n<p>N\u00e1ramek 18 cm.<br \/>\n\u017dlut\u00e9 zlato 0,750.<br \/>\n98 Diament\u00f3w, szlif brylantowy, o masie 1,83 ct., barwa G-H, czysto\u015b\u0107 SI1.<\/p>\n<p>Szeroko\u015b\u0107 1.85 mm.<br \/>\nGrubo\u015b\u0107 2.43 mm.<\/p>\n<p><strong><br \/>\nProdukt je k dispozici pouze na vy\u017e\u00e1d\u00e1n\u00ed, doba dod\u00e1n\u00ed cca 5 t\u00fddn\u016f.<br \/>\nMo\u017cliwo\u015b\u0107 wyboru koloru z\u0142ota.<br \/>\n<\/strong><\/p>","protected":false},"excerpt":{"rendered":"<p>Ol\u015bniewaj\u0105ca bransoletka tenisowa wykonana z najwy\u017cszej jako\u015bci \u017c\u00f3\u0142tego z\u0142ota pr\u00f3by 0,750. Zdobiona a\u017c 98 brylantami o \u0142\u0105cznej masie 1,83ct, zachwyca swoim blaskiem i precyzj\u0105 wykonania. Klasyczna forma w nowoczesnym wydaniu sprawia, \u017ce to idealna bi\u017cuteria na wyj\u0105tkowe okazje. Elegancja, luksus i ponadczasowy styl zamkni\u0119te w jednym perfekcyjnym projekcie.<\/p>","protected":false},"featured_media":927,"comment_status":"closed","ping_status":"closed","template":"","meta":{"om_disable_all_campaigns":false},"product_brand":[2284],"product_cat":[6893,43,1803,1392],"product_tag":[2276,2638,2275,2301,2637,2280,2639,2341,2522],"class_list":{"0":"post-13668","1":"product","2":"type-product","3":"status-publish","4":"has-post-thumbnail","6":"product_brand-staviori","7":"product_cat-bransoletka","8":"product_cat-bransoletki","9":"product_cat-brylanty-exclusive","10":"product_cat-damskie","11":"product_tag-bizuteria-ekskluzywna","12":"product_tag-bransoletka-tenisowa","13":"product_tag-bransoletka-z-diamentami","14":"product_tag-brylanty","15":"product_tag-ddb0699","16":"product_tag-luksusowa-bizuteria","17":"product_tag-prezent-premium","18":"product_tag-zloto-750","19":"product_tag-zolte-zloto","20":"pa_barwa-g-h","21":"pa_czystosc-si1","22":"pa_dostawca-draco","23":"pa_grubosc-2-43mm","24":"pa_kamien-biale-diamenty","25":"pa_kamien-brylanty","26":"pa_kolor-zolte","27":"pa_kruszec-zloto","28":"pa_proba-0-750","29":"pa_rozmiar-18cm","30":"pa_szerokosc-1-85mm","31":"pa_waga-5-86g","33":"first","34":"onbackorder","35":"purchasable","36":"product-type-simple"},"aioseo_notices":[],"_links":{"self":[{"href":"https:\/\/staviori.com.pl\/cs\/wp-json\/wp\/v2\/product\/13668","targetHints":{"allow":["GET"]}}],"collection":[{"href":"https:\/\/staviori.com.pl\/cs\/wp-json\/wp\/v2\/product"}],"about":[{"href":"https:\/\/staviori.com.pl\/cs\/wp-json\/wp\/v2\/types\/product"}],"replies":[{"embeddable":true,"href":"https:\/\/staviori.com.pl\/cs\/wp-json\/wp\/v2\/comments?post=13668"}],"wp:featuredmedia":[{"embeddable":true,"href":"https:\/\/staviori.com.pl\/cs\/wp-json\/wp\/v2\/media\/927"}],"wp:attachment":[{"href":"https:\/\/staviori.com.pl\/cs\/wp-json\/wp\/v2\/media?parent=13668"}],"wp:term":[{"taxonomy":"product_brand","embeddable":true,"href":"https:\/\/staviori.com.pl\/cs\/wp-json\/wp\/v2\/product_brand?post=13668"},{"taxonomy":"product_cat","embeddable":true,"href":"https:\/\/staviori.com.pl\/cs\/wp-json\/wp\/v2\/product_cat?post=13668"},{"taxonomy":"product_tag","embeddable":true,"href":"https:\/\/staviori.com.pl\/cs\/wp-json\/wp\/v2\/product_tag?post=13668"}],"curies":[{"name":"wp","href":"https:\/\/api.w.org\/{rel}","templated":true}]}}