{"id":13667,"date":"2025-02-24T22:44:53","date_gmt":"2025-02-24T21:44:53","guid":{"rendered":"https:\/\/staviori.com.pl\/product\/bizuteria-inwestycyjna-bransoletka-bzd4003\/"},"modified":"2026-02-11T00:08:28","modified_gmt":"2026-02-10T23:08:28","slug":"bizuteria-inwestycyjna-bransoletka-bzd4003","status":"publish","type":"product","link":"https:\/\/staviori.com.pl\/cs\/product\/bizuteria-inwestycyjna-bransoletka-bzd4003\/","title":{"rendered":"Exkluzivn\u00ed | zlat\u00fd tenisov\u00fd n\u00e1ramek s diamanty - DDB0316"},"content":{"rendered":"<p>Model: DDB0316<br \/>\nHmotnost p\u0159ibli\u017en\u011b 9,31 g<\/p>\n<p>N\u00e1ramek 18 cm.<br \/>\n\u017dlut\u00e9 zlato 0,750.<br \/>\n43 diamant\u016f, briliantov\u00fd brus, hmotnost 4,25 ct, barva G-H, \u010distota SI1.<\/p>\n<p>\u0160\u00ed\u0159ka 4,1 mm.<br \/>\nTlou\u0161\u0165ka 2,9 mm.<\/p>\n<p><strong>Produkt je k dispozici pouze na vy\u017e\u00e1d\u00e1n\u00ed, doba dod\u00e1n\u00ed cca 5 t\u00fddn\u016f.<\/strong><br \/>\n<strong>P\u0159i objedn\u00e1vce je mo\u017en\u00e9 zvolit zlatou barvu.<\/strong><\/p>","protected":false},"excerpt":{"rendered":"<p>Luxusn\u00ed tenisov\u00fd n\u00e1ramek z 18kar\u00e1tov\u00e9ho \u017elut\u00e9ho zlata, os\u00e1zen\u00fd a\u017e 43 oslniv\u00fdmi diamanty o celkov\u00e9 v\u00e1ze 4,25 ct. Precizn\u011b zasazen\u00e9 diamanty v briliantov\u00e9m brusu vytv\u00e1\u0159ej\u00ed velkolep\u00fd t\u0159pyt, kter\u00fd p\u0159itahuje pozornost. Klasick\u00fd a nad\u010dasov\u00fd model, kter\u00fd vyza\u0159uje eleganci a presti\u017e - ide\u00e1ln\u00ed volba pro zvl\u00e1\u0161tn\u00ed p\u0159\u00edle\u017eitosti i jako \u0161perk d\u011bd\u011bn\u00fd z generace na generaci.<\/p>","protected":false},"featured_media":924,"comment_status":"closed","ping_status":"closed","template":"","meta":{"om_disable_all_campaigns":false},"product_brand":[2284],"product_cat":[6893,43,1803,1392],"product_tag":[2591,2547,2301,2608,2296,2289,2280,2609,2610],"class_list":{"0":"post-13667","1":"product","2":"type-product","3":"status-publish","4":"has-post-thumbnail","6":"product_brand-staviori","7":"product_cat-bransoletka","8":"product_cat-bransoletki","9":"product_cat-brylanty-exclusive","10":"product_cat-damskie","11":"product_tag-bizuteria-premium","12":"product_tag-bransoletka-zlota","13":"product_tag-brylanty","14":"product_tag-ddb0316","15":"product_tag-diamenty","16":"product_tag-ekskluzywna-bransoletka","17":"product_tag-luksusowa-bizuteria","18":"product_tag-tennis-bracelet","19":"product_tag-zolte-zloto-750","20":"pa_barwa-g-h","21":"pa_czystosc-si1","22":"pa_dostawca-draco","23":"pa_grubosc-2-9mm","24":"pa_kamien-diamenty","25":"pa_kamien-brylanty","26":"pa_kolor-zolte","27":"pa_kruszec-zloto","28":"pa_proba-0-750","29":"pa_rozmiar-18cm","30":"pa_szerokosc-4-1mm","31":"pa_waga-9-31g","33":"first","34":"onbackorder","35":"purchasable","36":"product-type-simple"},"aioseo_notices":[],"_links":{"self":[{"href":"https:\/\/staviori.com.pl\/cs\/wp-json\/wp\/v2\/product\/13667","targetHints":{"allow":["GET"]}}],"collection":[{"href":"https:\/\/staviori.com.pl\/cs\/wp-json\/wp\/v2\/product"}],"about":[{"href":"https:\/\/staviori.com.pl\/cs\/wp-json\/wp\/v2\/types\/product"}],"replies":[{"embeddable":true,"href":"https:\/\/staviori.com.pl\/cs\/wp-json\/wp\/v2\/comments?post=13667"}],"wp:featuredmedia":[{"embeddable":true,"href":"https:\/\/staviori.com.pl\/cs\/wp-json\/wp\/v2\/media\/924"}],"wp:attachment":[{"href":"https:\/\/staviori.com.pl\/cs\/wp-json\/wp\/v2\/media?parent=13667"}],"wp:term":[{"taxonomy":"product_brand","embeddable":true,"href":"https:\/\/staviori.com.pl\/cs\/wp-json\/wp\/v2\/product_brand?post=13667"},{"taxonomy":"product_cat","embeddable":true,"href":"https:\/\/staviori.com.pl\/cs\/wp-json\/wp\/v2\/product_cat?post=13667"},{"taxonomy":"product_tag","embeddable":true,"href":"https:\/\/staviori.com.pl\/cs\/wp-json\/wp\/v2\/product_tag?post=13667"}],"curies":[{"name":"wp","href":"https:\/\/api.w.org\/{rel}","templated":true}]}}