{"id":13665,"date":"2025-02-24T22:44:53","date_gmt":"2025-02-24T21:44:53","guid":{"rendered":"https:\/\/staviori.com.pl\/product\/bizuteria-inwestycyjna-bransoletka-bzd3988\/"},"modified":"2026-02-11T00:08:27","modified_gmt":"2026-02-10T23:08:27","slug":"bizuteria-inwestycyjna-bransoletka-bzd3988","status":"publish","type":"product","link":"https:\/\/staviori.com.pl\/cs\/product\/bizuteria-inwestycyjna-bransoletka-bzd3988\/","title":{"rendered":"Exkluzivn\u011b | N\u00e1dhern\u00fd unisex n\u00e1ramek s \u0159et\u00edzkem a diamanty - DDB0706"},"content":{"rendered":"<p>Model: DDB0706<br \/>\nWaga ok. 32,76g<\/p>\n<p>N\u00e1ramek 18 cm.<br \/>\n\u017dlut\u00e9 zlato 0,750.<br \/>\n269 Diament\u00f3w, szlif brylantowy, o masie 4,30 ct., barwa G-H, czysto\u015b\u0107 SI1.<\/p>\n<p>Szeroko\u015b\u0107 8.4 mm.<br \/>\nTlou\u0161\u0165ka 2,9 mm.<\/p>\n<p><strong>Produkt je k dispozici pouze na vy\u017e\u00e1d\u00e1n\u00ed, doba dod\u00e1n\u00ed cca 5 t\u00fddn\u016f.<\/strong><\/p>","protected":false},"excerpt":{"rendered":"<p>Imponuj\u0105ca bransoleta wykonana z \u017c\u00f3\u0142tego z\u0142ota pr\u00f3by 0,750 to esencja luksusu i ponadczasowego stylu. Zdobiona a\u017c 269 brylantami o \u0142\u0105cznej masie 4,30 ct, przyci\u0105ga wzrok blaskiem i precyzj\u0105 wykonania. Szeroki, masywny splot o charakterystycznym designie tworzy wyrazist\u0105 kompozycj\u0119, kt\u00f3ra doskonale prezentuje si\u0119 na nadgarstku. Idealna dla os\u00f3b, kt\u00f3re szukaj\u0105 wyrafinowanej i efektownej bi\u017cuterii najwy\u017cszej klasy.<\/p>","protected":false},"featured_media":918,"comment_status":"closed","ping_status":"closed","template":"","meta":{"om_disable_all_campaigns":false},"product_brand":[2284],"product_cat":[6893,43,1803,1392,2421],"product_tag":[2587,2275,2585,2555,2280,2588,2487,1402,2586],"class_list":{"0":"post-13665","1":"product","2":"type-product","3":"status-publish","4":"has-post-thumbnail","6":"product_brand-staviori","7":"product_cat-bransoletka","8":"product_cat-bransoletki","9":"product_cat-brylanty-exclusive","10":"product_cat-damskie","11":"product_cat-meskie","12":"product_tag-bransoleta-premium","13":"product_tag-bransoletka-z-diamentami","14":"product_tag-ddb0706","15":"product_tag-ekskluzywna-bizuteria","16":"product_tag-luksusowa-bizuteria","17":"product_tag-masywna-bransoletka","18":"product_tag-unisex","19":"product_tag-zlota-bransoletka","20":"product_tag-zolte-zloto-18k","21":"pa_barwa-g-h","22":"pa_czystosc-si1","23":"pa_dostawca-draco","24":"pa_grubosc-2-9mm","25":"pa_kamien-diamenty","26":"pa_kamien-biale-diamenty","27":"pa_kamien-brylanty","28":"pa_kolor-zolte","29":"pa_kruszec-zloto","30":"pa_proba-0-750","31":"pa_rozmiar-18cm","32":"pa_szerokosc-8-4mm","33":"pa_waga-32-76g","35":"first","36":"onbackorder","37":"purchasable","38":"product-type-simple"},"aioseo_notices":[],"_links":{"self":[{"href":"https:\/\/staviori.com.pl\/cs\/wp-json\/wp\/v2\/product\/13665","targetHints":{"allow":["GET"]}}],"collection":[{"href":"https:\/\/staviori.com.pl\/cs\/wp-json\/wp\/v2\/product"}],"about":[{"href":"https:\/\/staviori.com.pl\/cs\/wp-json\/wp\/v2\/types\/product"}],"replies":[{"embeddable":true,"href":"https:\/\/staviori.com.pl\/cs\/wp-json\/wp\/v2\/comments?post=13665"}],"wp:featuredmedia":[{"embeddable":true,"href":"https:\/\/staviori.com.pl\/cs\/wp-json\/wp\/v2\/media\/918"}],"wp:attachment":[{"href":"https:\/\/staviori.com.pl\/cs\/wp-json\/wp\/v2\/media?parent=13665"}],"wp:term":[{"taxonomy":"product_brand","embeddable":true,"href":"https:\/\/staviori.com.pl\/cs\/wp-json\/wp\/v2\/product_brand?post=13665"},{"taxonomy":"product_cat","embeddable":true,"href":"https:\/\/staviori.com.pl\/cs\/wp-json\/wp\/v2\/product_cat?post=13665"},{"taxonomy":"product_tag","embeddable":true,"href":"https:\/\/staviori.com.pl\/cs\/wp-json\/wp\/v2\/product_tag?post=13665"}],"curies":[{"name":"wp","href":"https:\/\/api.w.org\/{rel}","templated":true}]}}