{"id":13656,"date":"2025-02-24T22:44:53","date_gmt":"2025-02-24T21:44:53","guid":{"rendered":"https:\/\/staviori.com.pl\/product\/zlote-bransoletki-bzc6671\/"},"modified":"2026-04-08T20:47:49","modified_gmt":"2026-04-08T18:47:49","slug":"zlote-bransoletki-bzc6671","status":"publish","type":"product","link":"https:\/\/staviori.com.pl\/cs\/product\/zlote-bransoletki-bzc6671\/","title":{"rendered":"Zlat\u00fd \u00fazk\u00fd n\u00e1ramek 585 - BZC6671"},"content":{"rendered":"<p>Model: BZC6671<br \/>\nWaga ok. 2,89g<\/p>\n<p>N\u00e1ramek 19 cm.<br \/>\n\u017dlut\u00e9 zlato 0,585.<br \/>\nSzeroko\u015b\u0107 2.5 mm.<\/p>\n<p>Pi\u0119kna, sztywna z\u0142ota bransoletka typu bangle z bezpiecznym podw\u00f3jnym zapi\u0119ciem. Stylowa i elegancka, idealna na ka\u017cd\u0105 okazj\u0119.<\/p>","protected":false},"excerpt":{"rendered":"<p>Elegancka bransoletka typu bangle wykonana z wysokiej jako\u015bci \u017c\u00f3\u0142tego z\u0142ota pr\u00f3by 585 to kwintesencja klasy i szyku. Jej minimalistyczna forma sprawia, \u017ce pasuje do ka\u017cdej stylizacji \u2013 od codziennej po wieczorow\u0105. Sztywna konstrukcja i subtelne wyko\u0144czenie tworz\u0105 ponadczasowy dodatek, kt\u00f3ry b\u0119dzie ol\u015bniewa\u0107 przez lata. Bezpieczne zapi\u0119cie zapewnia komfort noszenia i pewno\u015b\u0107, \u017ce bransoletka zawsze pozostanie na swoim miejscu.<\/p>","protected":false},"featured_media":13657,"comment_status":"closed","ping_status":"closed","template":"","meta":{"om_disable_all_campaigns":false},"product_brand":[2284,2350],"product_cat":[43,1392,1931,1930],"product_tag":[2335,2541,2547,2317,2597,2410,2364],"class_list":{"0":"post-13656","1":"product","2":"type-product","3":"status-publish","4":"has-post-thumbnail","6":"product_brand-staviori","7":"product_brand-verona","8":"product_cat-bransoletki","9":"product_cat-damskie","10":"product_cat-zlote-bransoletki","11":"product_cat-zloto-2","12":"product_tag-bangle","13":"product_tag-bizuteria-damska","14":"product_tag-bransoletka-zlota","15":"product_tag-elegancka-bizuteria","16":"product_tag-minimalistyczna-bransoletka","17":"product_tag-sztywna-bransoletka","18":"product_tag-zloto-585","19":"pa_kolor-zolte","20":"pa_kruszec-zloto","21":"pa_proba-0-585","22":"pa_rozmiar-19cm","23":"pa_szerokosc-2-5mm","24":"pa_waga-2-89g","26":"first","27":"instock","28":"purchasable","29":"product-type-simple"},"aioseo_notices":[],"_links":{"self":[{"href":"https:\/\/staviori.com.pl\/cs\/wp-json\/wp\/v2\/product\/13656","targetHints":{"allow":["GET"]}}],"collection":[{"href":"https:\/\/staviori.com.pl\/cs\/wp-json\/wp\/v2\/product"}],"about":[{"href":"https:\/\/staviori.com.pl\/cs\/wp-json\/wp\/v2\/types\/product"}],"replies":[{"embeddable":true,"href":"https:\/\/staviori.com.pl\/cs\/wp-json\/wp\/v2\/comments?post=13656"}],"wp:featuredmedia":[{"embeddable":true,"href":"https:\/\/staviori.com.pl\/cs\/wp-json\/wp\/v2\/media\/13657"}],"wp:attachment":[{"href":"https:\/\/staviori.com.pl\/cs\/wp-json\/wp\/v2\/media?parent=13656"}],"wp:term":[{"taxonomy":"product_brand","embeddable":true,"href":"https:\/\/staviori.com.pl\/cs\/wp-json\/wp\/v2\/product_brand?post=13656"},{"taxonomy":"product_cat","embeddable":true,"href":"https:\/\/staviori.com.pl\/cs\/wp-json\/wp\/v2\/product_cat?post=13656"},{"taxonomy":"product_tag","embeddable":true,"href":"https:\/\/staviori.com.pl\/cs\/wp-json\/wp\/v2\/product_tag?post=13656"}],"curies":[{"name":"wp","href":"https:\/\/api.w.org\/{rel}","templated":true}]}}