{"id":13643,"date":"2025-02-24T22:44:53","date_gmt":"2025-02-24T21:44:53","guid":{"rendered":"https:\/\/staviori.com.pl\/product\/zlote-bransoletki-bzc6576\/"},"modified":"2026-02-11T00:08:27","modified_gmt":"2026-02-10T23:08:27","slug":"zlote-bransoletki-bzc6576","status":"publish","type":"product","link":"https:\/\/staviori.com.pl\/cs\/product\/zlote-bransoletki-bzc6576\/","title":{"rendered":"Zlat\u00fd n\u00e1ramek vzorek 585"},"content":{"rendered":"<p>Model: BZC6576<br \/>\nWaga ok. 5,95g<\/p>\n<p>N\u00e1ramek 20 cm.<br \/>\n\u017dlut\u00e9 zlato 0,585.<\/p>","protected":false},"excerpt":{"rendered":"<p>Solidna i wyrazista bransoletka wykonana z dmuchanego \u017c\u00f3\u0142tego z\u0142ota pr\u00f3by 585 to doskona\u0142y wyb\u00f3r dla os\u00f3b ceni\u0105cych sobie elegancj\u0119 w bardziej zdecydowanej formie. Oryginalny splot o wyrazistych ogniwach przyci\u0105ga wzrok i dodaje charakteru ka\u017cdej stylizacji. Bransoletka \u015bwietnie sprawdzi si\u0119 zar\u00f3wno jako samodzielna ozdoba, jak i element zestawu bi\u017cuterii. To klasyka z nut\u0105 nowoczesno\u015bci.<\/p>","protected":false},"featured_media":13644,"comment_status":"closed","ping_status":"closed","template":"","meta":{"om_disable_all_campaigns":false},"product_brand":[2284,2350],"product_cat":[43,1392,1931,1930],"product_tag":[2604,2605,2547,2602,2603,2588,2599],"class_list":{"0":"post-13643","1":"product","2":"type-product","3":"status-publish","4":"has-post-thumbnail","6":"product_brand-staviori","7":"product_brand-verona","8":"product_cat-bransoletki","9":"product_cat-damskie","10":"product_cat-zlote-bransoletki","11":"product_cat-zloto-2","12":"product_tag-bizuteria-meska","13":"product_tag-bransoletka-ogniwowa","14":"product_tag-bransoletka-zlota","15":"product_tag-elegancka-bransoletka","16":"product_tag-klasyczna-bizuteria","17":"product_tag-masywna-bransoletka","18":"product_tag-zolte-zloto-585","19":"pa_kolor-zolte","20":"pa_kruszec-zloto","21":"pa_proba-0-585","22":"pa_rozmiar-20cm","23":"pa_waga-5-95g","25":"first","26":"onbackorder","27":"purchasable","28":"product-type-simple"},"aioseo_notices":[],"_links":{"self":[{"href":"https:\/\/staviori.com.pl\/cs\/wp-json\/wp\/v2\/product\/13643","targetHints":{"allow":["GET"]}}],"collection":[{"href":"https:\/\/staviori.com.pl\/cs\/wp-json\/wp\/v2\/product"}],"about":[{"href":"https:\/\/staviori.com.pl\/cs\/wp-json\/wp\/v2\/types\/product"}],"replies":[{"embeddable":true,"href":"https:\/\/staviori.com.pl\/cs\/wp-json\/wp\/v2\/comments?post=13643"}],"wp:featuredmedia":[{"embeddable":true,"href":"https:\/\/staviori.com.pl\/cs\/wp-json\/wp\/v2\/media\/13644"}],"wp:attachment":[{"href":"https:\/\/staviori.com.pl\/cs\/wp-json\/wp\/v2\/media?parent=13643"}],"wp:term":[{"taxonomy":"product_brand","embeddable":true,"href":"https:\/\/staviori.com.pl\/cs\/wp-json\/wp\/v2\/product_brand?post=13643"},{"taxonomy":"product_cat","embeddable":true,"href":"https:\/\/staviori.com.pl\/cs\/wp-json\/wp\/v2\/product_cat?post=13643"},{"taxonomy":"product_tag","embeddable":true,"href":"https:\/\/staviori.com.pl\/cs\/wp-json\/wp\/v2\/product_tag?post=13643"}],"curies":[{"name":"wp","href":"https:\/\/api.w.org\/{rel}","templated":true}]}}