{"id":13633,"date":"2025-02-24T22:44:53","date_gmt":"2025-02-24T21:44:53","guid":{"rendered":"https:\/\/staviori.com.pl\/product\/zlote-bransoletki-bzc5757\/"},"modified":"2026-02-11T00:08:27","modified_gmt":"2026-02-10T23:08:27","slug":"zlote-bransoletki-bzc5757","status":"publish","type":"product","link":"https:\/\/staviori.com.pl\/cs\/product\/zlote-bransoletki-bzc5757\/","title":{"rendered":"Zlat\u00fd n\u00e1ramek s kor\u00e1lem - 585 - BZC5757"},"content":{"rendered":"<p>Model: BZC5757<br \/>\nHmotnost p\u0159ibli\u017en\u011b 2,30 g<\/p>\n<p>N\u00e1ramek.<br \/>\n\u017dlut\u00e9 zlato 0,585.<br \/>\nKoral.<br \/>\nNastaviteln\u00e1 d\u00e9lka 17 cm nebo 18 cm.<\/p>","protected":false},"excerpt":{"rendered":"<p>Delikatna i stylowa bransoletka wykonana z \u017c\u00f3\u0142tego z\u0142ota pr\u00f3by 585 ozdobiona naturalnym koralem w intensywnym czerwonym odcieniu. Subtelny \u0142a\u0144cuszek z regulowan\u0105 d\u0142ugo\u015bci\u0105 oraz z\u0142ote akcenty podkre\u015blaj\u0105 lekko\u015b\u0107 i kobiecy charakter bi\u017cuterii. Idealna do noszenia na co dzie\u0144, jak i jako elegancki dodatek na wyj\u0105tkowe okazje. Koral dodaje nie tylko uroku, ale i symbolicznego znaczenia \u2013 to kamie\u0144 energii i ochrony.<\/p>","protected":false},"featured_media":883,"comment_status":"closed","ping_status":"closed","template":"","meta":{"om_disable_all_campaigns":false},"product_brand":[2284],"product_cat":[43,1392,1931,1930],"product_tag":[2612,2547,2613,2614,2611,2448,2599],"class_list":{"0":"post-13633","1":"product","2":"type-product","3":"status-publish","4":"has-post-thumbnail","6":"product_brand-staviori","7":"product_cat-bransoletki","8":"product_cat-damskie","9":"product_cat-zlote-bransoletki","10":"product_cat-zloto-2","11":"product_tag-bizuteria-z-kamieniami","12":"product_tag-bransoletka-zlota","13":"product_tag-czerwona-bransoletka","14":"product_tag-kobieca-bizuteria","15":"product_tag-koral-naturalny","16":"product_tag-regulowana-bransoletka","17":"product_tag-zolte-zloto-585","18":"pa_kamien-koral","19":"pa_kolor-zolte","20":"pa_kruszec-zloto","21":"pa_proba-0-585","22":"pa_rozmiar-cm","23":"pa_waga-g","25":"first","26":"instock","27":"purchasable","28":"product-type-simple"},"aioseo_notices":[],"_links":{"self":[{"href":"https:\/\/staviori.com.pl\/cs\/wp-json\/wp\/v2\/product\/13633","targetHints":{"allow":["GET"]}}],"collection":[{"href":"https:\/\/staviori.com.pl\/cs\/wp-json\/wp\/v2\/product"}],"about":[{"href":"https:\/\/staviori.com.pl\/cs\/wp-json\/wp\/v2\/types\/product"}],"replies":[{"embeddable":true,"href":"https:\/\/staviori.com.pl\/cs\/wp-json\/wp\/v2\/comments?post=13633"}],"wp:featuredmedia":[{"embeddable":true,"href":"https:\/\/staviori.com.pl\/cs\/wp-json\/wp\/v2\/media\/883"}],"wp:attachment":[{"href":"https:\/\/staviori.com.pl\/cs\/wp-json\/wp\/v2\/media?parent=13633"}],"wp:term":[{"taxonomy":"product_brand","embeddable":true,"href":"https:\/\/staviori.com.pl\/cs\/wp-json\/wp\/v2\/product_brand?post=13633"},{"taxonomy":"product_cat","embeddable":true,"href":"https:\/\/staviori.com.pl\/cs\/wp-json\/wp\/v2\/product_cat?post=13633"},{"taxonomy":"product_tag","embeddable":true,"href":"https:\/\/staviori.com.pl\/cs\/wp-json\/wp\/v2\/product_tag?post=13633"}],"curies":[{"name":"wp","href":"https:\/\/api.w.org\/{rel}","templated":true}]}}