{"id":13617,"date":"2025-02-24T22:44:49","date_gmt":"2025-02-24T21:44:49","guid":{"rendered":"https:\/\/staviori.com.pl\/product\/zlote-bransoletki-bxx6578\/"},"modified":"2026-02-11T00:08:27","modified_gmt":"2026-02-10T23:08:27","slug":"zlote-bransoletki-bxx6578","status":"publish","type":"product","link":"https:\/\/staviori.com.pl\/cs\/product\/zlote-bransoletki-bxx6578\/","title":{"rendered":"Zlat\u00fd n\u00e1ramek s ozdobn\u00fdmi \u010dl\u00e1nky vzorek 333"},"content":{"rendered":"<p>Model: BXX6578<br \/>\nHmotnost p\u0159ibli\u017en\u011b 1,50 g<\/p>\n<p>N\u00e1ramek 18 cm.<br \/>\n\u017dlut\u00e9 zlato 0,333.<\/p>\n<p>Nastaviteln\u00e1 d\u00e9lka 17 cm nebo 18 cm.<\/p>","protected":false},"excerpt":{"rendered":"<p>Elegancka bransoleta wykonana z \u017c\u00f3\u0142tego z\u0142ota pr\u00f3by 333. Jej wyj\u0105tkowy charakter podkre\u015blaj\u0105 ozdobne elementy w formie po\u0142yskuj\u0105cych, okr\u0105g\u0142ych ogniw, kt\u00f3re pi\u0119knie komponuj\u0105 si\u0119 z delikatnym \u0142a\u0144cuszkiem. Regulowana d\u0142ugo\u015b\u0107 pozwala na idealne dopasowanie do nadgarstka, czyni\u0105c z niej uniwersalny dodatek do ka\u017cdej stylizacji.<\/p>","protected":false},"featured_media":13618,"comment_status":"closed","ping_status":"closed","template":"","meta":{"om_disable_all_campaigns":false},"product_brand":[2284,2350],"product_cat":[43,1931,1930],"product_tag":[6277,6334,6332,2616,6331,6328,6335,6330,6289,6305,6329,6333,6307,6306,6276,6304],"class_list":{"0":"post-13617","1":"product","2":"type-product","3":"status-publish","4":"has-post-thumbnail","6":"product_brand-staviori","7":"product_brand-verona","8":"product_cat-bransoletki","9":"product_cat-zlote-bransoletki","10":"product_cat-zloto-2","11":"product_tag-armband-gold","12":"product_tag-armband-mit-gliedern","13":"product_tag-bracelet-with-links","14":"product_tag-bransoleta-zlota","15":"product_tag-bransoletka-z-ozdobnymi-ogniwami","16":"product_tag-delicate-gold-bracelet","17":"product_tag-delikatna-bransoletka-zlota","18":"product_tag-feiner-goldarmband","19":"product_tag-gold-bracelet","20":"product_tag-gold-jewelry-333","21":"product_tag-jemny-zlaty-naramek","22":"product_tag-naramek-s-ocky","23":"product_tag-schmuck-gold-333","24":"product_tag-zlate-sperky-333","25":"product_tag-zlaty-naramek","26":"product_tag-zlota-bizuteria-333","27":"pa_kolor-zolte","28":"pa_kruszec-zloto","29":"pa_proba-0-333","30":"pa_rozmiar-18cm","31":"pa_waga-1-50g","33":"first","34":"instock","35":"purchasable","36":"product-type-simple"},"aioseo_notices":[],"_links":{"self":[{"href":"https:\/\/staviori.com.pl\/cs\/wp-json\/wp\/v2\/product\/13617","targetHints":{"allow":["GET"]}}],"collection":[{"href":"https:\/\/staviori.com.pl\/cs\/wp-json\/wp\/v2\/product"}],"about":[{"href":"https:\/\/staviori.com.pl\/cs\/wp-json\/wp\/v2\/types\/product"}],"replies":[{"embeddable":true,"href":"https:\/\/staviori.com.pl\/cs\/wp-json\/wp\/v2\/comments?post=13617"}],"wp:featuredmedia":[{"embeddable":true,"href":"https:\/\/staviori.com.pl\/cs\/wp-json\/wp\/v2\/media\/13618"}],"wp:attachment":[{"href":"https:\/\/staviori.com.pl\/cs\/wp-json\/wp\/v2\/media?parent=13617"}],"wp:term":[{"taxonomy":"product_brand","embeddable":true,"href":"https:\/\/staviori.com.pl\/cs\/wp-json\/wp\/v2\/product_brand?post=13617"},{"taxonomy":"product_cat","embeddable":true,"href":"https:\/\/staviori.com.pl\/cs\/wp-json\/wp\/v2\/product_cat?post=13617"},{"taxonomy":"product_tag","embeddable":true,"href":"https:\/\/staviori.com.pl\/cs\/wp-json\/wp\/v2\/product_tag?post=13617"}],"curies":[{"name":"wp","href":"https:\/\/api.w.org\/{rel}","templated":true}]}}