{"id":13608,"date":"2025-02-24T22:44:49","date_gmt":"2025-02-24T21:44:49","guid":{"rendered":"https:\/\/staviori.com.pl\/product\/zlote-bransoletki-bxx6556\/"},"modified":"2026-04-08T21:31:34","modified_gmt":"2026-04-08T19:31:34","slug":"zlote-bransoletki-bxx6556","status":"publish","type":"product","link":"https:\/\/staviori.com.pl\/cs\/product\/zlote-bransoletki-bxx6556\/","title":{"rendered":"Vzorek 333 zlat\u00fd n\u00e1ramek"},"content":{"rendered":"<p>Model: BXX6556<br \/>\nHmotnost p\u0159ibli\u017en\u011b 4,15 g<\/p>\n<p>N\u00e1ramek 20 cm.<br \/>\n\u017dlut\u00e9 zlato 0,333.<\/p>","protected":false},"excerpt":{"rendered":"<p>Klasick\u00fd n\u00e1ramek ze \u017elut\u00e9ho zlata 333. Hladk\u00e9, le\u0161t\u011bn\u00e9 \u010dl\u00e1nky s v\u00fdrazn\u00fdm geometrick\u00fdm tvarem mu dod\u00e1vaj\u00ed nad\u010dasovou eleganci. Pevn\u00fd a pohodln\u00fd na no\u0161en\u00ed je ide\u00e1ln\u00ed volbou pro ty, kte\u0159\u00ed oce\u0148uj\u00ed jednoduchost a vyt\u0159\u00edben\u00fd styl.<\/p>","protected":false},"featured_media":13609,"comment_status":"closed","ping_status":"closed","template":"","meta":{"om_disable_all_campaigns":false},"product_brand":[2284,2350],"product_cat":[43,1931,1930],"product_tag":[6277,6319,6217,2616,6315,6289,6316,6318,6314,6322,6312,6320,6321,6313,6276,6317],"class_list":{"0":"post-13608","1":"product","2":"type-product","3":"status-publish","4":"has-post-thumbnail","6":"product_brand-staviori","7":"product_brand-verona","8":"product_cat-bransoletki","9":"product_cat-zlote-bransoletki","10":"product_cat-zloto-2","11":"product_tag-armband-gold","12":"product_tag-bizuteria-zlota-meska","13":"product_tag-bransoleta-meska","14":"product_tag-bransoleta-zlota","15":"product_tag-bransoleta-zlota-333","16":"product_tag-gold-bracelet","17":"product_tag-gold-bracelet-333","18":"product_tag-goldarmband-333","19":"product_tag-herrenarmband","20":"product_tag-herrenschmuck-gold","21":"product_tag-mens-bracelet","22":"product_tag-mens-gold-jewelry","23":"product_tag-panske-zlate-sperky","24":"product_tag-pansky-naramek","25":"product_tag-zlaty-naramek","26":"product_tag-zlaty-naramek-333","27":"pa_kolor-zolte","28":"pa_kruszec-zloto","29":"pa_proba-0-333","30":"pa_rozmiar-20cm","31":"pa_waga-4-15g","33":"first","34":"onbackorder","35":"purchasable","36":"product-type-simple"},"aioseo_notices":[],"_links":{"self":[{"href":"https:\/\/staviori.com.pl\/cs\/wp-json\/wp\/v2\/product\/13608","targetHints":{"allow":["GET"]}}],"collection":[{"href":"https:\/\/staviori.com.pl\/cs\/wp-json\/wp\/v2\/product"}],"about":[{"href":"https:\/\/staviori.com.pl\/cs\/wp-json\/wp\/v2\/types\/product"}],"replies":[{"embeddable":true,"href":"https:\/\/staviori.com.pl\/cs\/wp-json\/wp\/v2\/comments?post=13608"}],"wp:featuredmedia":[{"embeddable":true,"href":"https:\/\/staviori.com.pl\/cs\/wp-json\/wp\/v2\/media\/13609"}],"wp:attachment":[{"href":"https:\/\/staviori.com.pl\/cs\/wp-json\/wp\/v2\/media?parent=13608"}],"wp:term":[{"taxonomy":"product_brand","embeddable":true,"href":"https:\/\/staviori.com.pl\/cs\/wp-json\/wp\/v2\/product_brand?post=13608"},{"taxonomy":"product_cat","embeddable":true,"href":"https:\/\/staviori.com.pl\/cs\/wp-json\/wp\/v2\/product_cat?post=13608"},{"taxonomy":"product_tag","embeddable":true,"href":"https:\/\/staviori.com.pl\/cs\/wp-json\/wp\/v2\/product_tag?post=13608"}],"curies":[{"name":"wp","href":"https:\/\/api.w.org\/{rel}","templated":true}]}}