{"id":13601,"date":"2025-02-24T22:44:49","date_gmt":"2025-02-24T21:44:49","guid":{"rendered":"https:\/\/staviori.com.pl\/product\/zlote-bransoletki-bxx6420\/"},"modified":"2026-04-08T16:22:36","modified_gmt":"2026-04-08T14:22:36","slug":"zlote-bransoletki-bxx6420","status":"publish","type":"product","link":"https:\/\/staviori.com.pl\/cs\/product\/zlote-bransoletki-bxx6420\/","title":{"rendered":"Kr\u00e1sn\u00fd zlat\u00fd propleten\u00fd n\u00e1ramek - 333 - BXX6420"},"content":{"rendered":"<p>Model: BXX6420<br \/>\nHmotnost p\u0159ibli\u017en\u011b 4,85 g<\/p>\n<p>N\u00e1ramek 19 cm.<br \/>\n\u017dlut\u00e9 zlato 0,333.<\/p>\n<p>Nastaviteln\u00e1 d\u00e9lka 19 cm nebo 18 cm.<\/p>","protected":false},"excerpt":{"rendered":"<p>V\u00fdjime\u010dn\u00fd n\u00e1ramek ze \u017elut\u00e9ho zlata 0.333 zaujme elegantn\u00edm a z\u00e1rove\u0148 origin\u00e1ln\u00edm pr\u00fdmkem. Jeho v\u00fdrazn\u00fd tvar se na z\u00e1p\u011bst\u00ed kr\u00e1sn\u011b prezentuje a podtrhuje styl a charakter sv\u00e9ho majitele. Mo\u017enost nastaven\u00ed d\u00e9lky na 18 nebo 19 cm zaji\u0161\u0165uje pohodln\u00e9 no\u0161en\u00ed a dokonal\u00e9 p\u0159izp\u016fsoben\u00ed. Je vynikaj\u00edc\u00ed volbou pro \u017eeny, kter\u00e9 ocen\u00ed klasiku s n\u00e1dechem moderny.<\/p>","protected":false},"featured_media":17171,"comment_status":"closed","ping_status":"closed","template":"","meta":{"om_disable_all_campaigns":false},"product_brand":[2284,2350],"product_cat":[43,1392,1931,1930],"product_tag":[2600,2547,2317,2291,2448,2636,2544],"class_list":{"0":"post-13601","1":"product","2":"type-product","3":"status-publish","4":"has-post-thumbnail","6":"product_brand-staviori","7":"product_brand-verona","8":"product_cat-bransoletki","9":"product_cat-damskie","10":"product_cat-zlote-bransoletki","11":"product_cat-zloto-2","12":"product_tag-bransoletka-damska","13":"product_tag-bransoletka-zlota","14":"product_tag-elegancka-bizuteria","15":"product_tag-prezent-dla-niej","16":"product_tag-regulowana-bransoletka","17":"product_tag-splot-zloty","18":"product_tag-zolte-zloto-333","19":"pa_kolor-zolte","20":"pa_kruszec-zloto","21":"pa_proba-0-333","22":"pa_rozmiar-19cm","23":"pa_szerokosc-5mm","24":"pa_waga-4-85g","26":"first","27":"onbackorder","28":"purchasable","29":"product-type-simple"},"aioseo_notices":[],"_links":{"self":[{"href":"https:\/\/staviori.com.pl\/cs\/wp-json\/wp\/v2\/product\/13601","targetHints":{"allow":["GET"]}}],"collection":[{"href":"https:\/\/staviori.com.pl\/cs\/wp-json\/wp\/v2\/product"}],"about":[{"href":"https:\/\/staviori.com.pl\/cs\/wp-json\/wp\/v2\/types\/product"}],"replies":[{"embeddable":true,"href":"https:\/\/staviori.com.pl\/cs\/wp-json\/wp\/v2\/comments?post=13601"}],"wp:featuredmedia":[{"embeddable":true,"href":"https:\/\/staviori.com.pl\/cs\/wp-json\/wp\/v2\/media\/17171"}],"wp:attachment":[{"href":"https:\/\/staviori.com.pl\/cs\/wp-json\/wp\/v2\/media?parent=13601"}],"wp:term":[{"taxonomy":"product_brand","embeddable":true,"href":"https:\/\/staviori.com.pl\/cs\/wp-json\/wp\/v2\/product_brand?post=13601"},{"taxonomy":"product_cat","embeddable":true,"href":"https:\/\/staviori.com.pl\/cs\/wp-json\/wp\/v2\/product_cat?post=13601"},{"taxonomy":"product_tag","embeddable":true,"href":"https:\/\/staviori.com.pl\/cs\/wp-json\/wp\/v2\/product_tag?post=13601"}],"curies":[{"name":"wp","href":"https:\/\/api.w.org\/{rel}","templated":true}]}}