{"id":13591,"date":"2025-02-24T22:44:49","date_gmt":"2025-02-24T21:44:49","guid":{"rendered":"https:\/\/staviori.com.pl\/product\/zlote-bransoletki-bxn6452\/"},"modified":"2026-02-11T00:08:26","modified_gmt":"2026-02-10T23:08:26","slug":"zlote-bransoletki-bxn6452","status":"publish","type":"product","link":"https:\/\/staviori.com.pl\/cs\/product\/zlote-bransoletki-bxn6452\/","title":{"rendered":"Zlat\u00fd n\u00e1ramek na nohu - 333 - 25cm - BXN6452"},"content":{"rendered":"<p>Model: BXN6452<br \/>\nHmotnost p\u0159ibli\u017en\u011b 0,60 g<\/p>\n<p>Bransoleta 25 cm.<br \/>\n\u017dlut\u00e9 zlato 0,333.<\/p>\n<p>Pi\u0119kna, delikatna, z\u0142ota bransoletka na nog\u0119.<br \/>\nSplot typu Singapur.<\/p>","protected":false},"excerpt":{"rendered":"<p>Zmys\u0142owa i subtelna z\u0142ota bransoletka na nog\u0119 wykonana ze z\u0142ota pr\u00f3by 0,333. Delikatny splot typu Singapur pi\u0119knie odbija \u015bwiat\u0142o, nadaj\u0105c ca\u0142o\u015bci lekko\u015bci i kobiecego uroku. Idealna na lato, do sanda\u0142k\u00f3w lub jako elegancki akcent na specjalne okazje. Bi\u017cuteria, kt\u00f3ra dodaje blasku ka\u017cdemu krokowi.<\/p>","protected":false},"featured_media":9858,"comment_status":"closed","ping_status":"closed","template":"","meta":{"om_disable_all_campaigns":false},"product_brand":[2284],"product_cat":[43,1392,1931,1930],"product_tag":[2552,2535,2551,2550,2549,1402,2544],"class_list":{"0":"post-13591","1":"product","2":"type-product","3":"status-publish","4":"has-post-thumbnail","6":"product_brand-staviori","7":"product_cat-bransoletki","8":"product_cat-damskie","9":"product_cat-zlote-bransoletki","10":"product_cat-zloto-2","11":"product_tag-bizuteria-na-kostke","12":"product_tag-bransoletka-na-noge","13":"product_tag-delikatna-bransoletka","14":"product_tag-letnia-bizuteria","15":"product_tag-splot-singapur","16":"product_tag-zlota-bransoletka","17":"product_tag-zolte-zloto-333","18":"pa_barwa-70","19":"pa_kolor-zolte","20":"pa_kruszec-zloto","21":"pa_proba-0-333","22":"pa_rozmiar-25cm","23":"pa_splot-singapur","24":"pa_waga-0-60g","26":"first","27":"instock","28":"purchasable","29":"product-type-simple"},"aioseo_notices":[],"_links":{"self":[{"href":"https:\/\/staviori.com.pl\/cs\/wp-json\/wp\/v2\/product\/13591","targetHints":{"allow":["GET"]}}],"collection":[{"href":"https:\/\/staviori.com.pl\/cs\/wp-json\/wp\/v2\/product"}],"about":[{"href":"https:\/\/staviori.com.pl\/cs\/wp-json\/wp\/v2\/types\/product"}],"replies":[{"embeddable":true,"href":"https:\/\/staviori.com.pl\/cs\/wp-json\/wp\/v2\/comments?post=13591"}],"wp:featuredmedia":[{"embeddable":true,"href":"https:\/\/staviori.com.pl\/cs\/wp-json\/wp\/v2\/media\/9858"}],"wp:attachment":[{"href":"https:\/\/staviori.com.pl\/cs\/wp-json\/wp\/v2\/media?parent=13591"}],"wp:term":[{"taxonomy":"product_brand","embeddable":true,"href":"https:\/\/staviori.com.pl\/cs\/wp-json\/wp\/v2\/product_brand?post=13591"},{"taxonomy":"product_cat","embeddable":true,"href":"https:\/\/staviori.com.pl\/cs\/wp-json\/wp\/v2\/product_cat?post=13591"},{"taxonomy":"product_tag","embeddable":true,"href":"https:\/\/staviori.com.pl\/cs\/wp-json\/wp\/v2\/product_tag?post=13591"}],"curies":[{"name":"wp","href":"https:\/\/api.w.org\/{rel}","templated":true}]}}