{"id":13589,"date":"2025-02-24T22:44:49","date_gmt":"2025-02-24T21:44:49","guid":{"rendered":"https:\/\/staviori.com.pl\/product\/bizuteria-inwestycyjna-bransoletka-bxd3965\/"},"modified":"2026-02-11T00:08:26","modified_gmt":"2026-02-10T23:08:26","slug":"bizuteria-inwestycyjna-bransoletka-bxd3965","status":"publish","type":"product","link":"https:\/\/staviori.com.pl\/cs\/product\/bizuteria-inwestycyjna-bransoletka-bxd3965\/","title":{"rendered":"Exkluzivn\u011b | Kr\u00e1sn\u00fd n\u00e1ramek se saf\u00edry a diamanty - DSB0799"},"content":{"rendered":"<p>Model: DSB0799<br \/>\nWaga ok. 13,61g<\/p>\n<p>N\u00e1ramek 19 cm.<br \/>\nBia\u0142e, Czarne Z\u0142oto 0,750.<br \/>\n50 Diament\u00f3w, szlif brylantowy, o masie 1,93ct, barwa G-H, czysto\u015b\u0107 SI1.<br \/>\n250 Szafir\u00f3w, o masie 3,77ct.<\/p>\n<p>\u015arednica 12.2 mm.<br \/>\nGrubo\u015b\u0107 8.9 mm.<br \/>\nSzeroko\u015b\u0107 2.4 mm.<\/p>\n<p><strong>Produkt je k dispozici pouze na vy\u017e\u00e1d\u00e1n\u00ed, doba dod\u00e1n\u00ed cca 5 t\u00fddn\u016f.<\/strong><\/p>","protected":false},"excerpt":{"rendered":"<p>Ol\u015bniewaj\u0105ca bransoleta z bia\u0142ego i czarnego z\u0142ota pr\u00f3by 0,750 to wyj\u0105tkowe dzie\u0142o sztuki jubilerskiej. Model o nowoczesnym, otwartym kszta\u0142cie ozdobiony zosta\u0142 50 brylantami o \u0142\u0105cznej masie 1,93 ct oraz a\u017c 250 szafirami o masie 3,77 ct, kt\u00f3re zdobi\u0105 dwie kuliste ko\u0144c\u00f3wki, przyci\u0105gaj\u0105c wzrok g\u0142\u0119bokim, granatowym blaskiem. Ta elegancka i zmys\u0142owa kompozycja to idealny wyb\u00f3r na szczeg\u00f3lne okazje, dla kobiet ceni\u0105cych niebanalny styl i luksus.<\/p>","protected":false},"featured_media":17101,"comment_status":"closed","ping_status":"closed","template":"","meta":{"om_disable_all_campaigns":false},"product_brand":[2284],"product_cat":[6893,43,1803,1392],"product_tag":[2560,2557,2275,2559,2298,2280,2561],"class_list":{"0":"post-13589","1":"product","2":"type-product","3":"status-publish","4":"has-post-thumbnail","6":"product_brand-staviori","7":"product_cat-bransoletka","8":"product_cat-bransoletki","9":"product_cat-brylanty-exclusive","10":"product_cat-damskie","11":"product_tag-biale-i-czarne-zloto","12":"product_tag-bransoletka-18k","13":"product_tag-bransoletka-z-diamentami","14":"product_tag-bransoletka-z-szafirami","15":"product_tag-elegancka-bransoleta","16":"product_tag-luksusowa-bizuteria","17":"product_tag-szlachetne-kamienie","18":"pa_barwa-g-h","19":"pa_czystosc-si1","20":"pa_dostawca-draco","21":"pa_grubosc-8-9mm","22":"pa_kamien-biale-diamenty","23":"pa_kamien-brylanty","24":"pa_kamien-szafiry-naturalne","25":"pa_kolor-biale","26":"pa_kruszec-zloto","27":"pa_proba-0-750","28":"pa_rozmiar-19cm","29":"pa_srednica-12-2mm","30":"pa_waga-13-61g","32":"first","33":"onbackorder","34":"purchasable","35":"product-type-simple"},"aioseo_notices":[],"_links":{"self":[{"href":"https:\/\/staviori.com.pl\/cs\/wp-json\/wp\/v2\/product\/13589","targetHints":{"allow":["GET"]}}],"collection":[{"href":"https:\/\/staviori.com.pl\/cs\/wp-json\/wp\/v2\/product"}],"about":[{"href":"https:\/\/staviori.com.pl\/cs\/wp-json\/wp\/v2\/types\/product"}],"replies":[{"embeddable":true,"href":"https:\/\/staviori.com.pl\/cs\/wp-json\/wp\/v2\/comments?post=13589"}],"wp:featuredmedia":[{"embeddable":true,"href":"https:\/\/staviori.com.pl\/cs\/wp-json\/wp\/v2\/media\/17101"}],"wp:attachment":[{"href":"https:\/\/staviori.com.pl\/cs\/wp-json\/wp\/v2\/media?parent=13589"}],"wp:term":[{"taxonomy":"product_brand","embeddable":true,"href":"https:\/\/staviori.com.pl\/cs\/wp-json\/wp\/v2\/product_brand?post=13589"},{"taxonomy":"product_cat","embeddable":true,"href":"https:\/\/staviori.com.pl\/cs\/wp-json\/wp\/v2\/product_cat?post=13589"},{"taxonomy":"product_tag","embeddable":true,"href":"https:\/\/staviori.com.pl\/cs\/wp-json\/wp\/v2\/product_tag?post=13589"}],"curies":[{"name":"wp","href":"https:\/\/api.w.org\/{rel}","templated":true}]}}