{"id":13582,"date":"2025-02-24T22:44:44","date_gmt":"2025-02-24T21:44:44","guid":{"rendered":"https:\/\/staviori.com.pl\/product\/zlote-bransoletki-bxc6459\/"},"modified":"2026-02-11T00:08:26","modified_gmt":"2026-02-10T23:08:26","slug":"zlote-bransoletki-bxc6459","status":"publish","type":"product","link":"https:\/\/staviori.com.pl\/cs\/product\/zlote-bransoletki-bxc6459\/","title":{"rendered":"Zlat\u00fd pevn\u00fd n\u00e1ramek se zirkony - 333 - BXC6459"},"content":{"rendered":"<p>Model: BXC6459<br \/>\nHmotnost p\u0159ibli\u017en\u011b 1,80 g<\/p>\n<p>N\u00e1ramek 19 cm.<br \/>\n\u017dlut\u00e9 zlato 0,333.<br \/>\nZirkonie.<\/p>","protected":false},"excerpt":{"rendered":"<p>Elegancka bransoleta typu bangle wykonana z \u017c\u00f3\u0142tego z\u0142ota pr\u00f3by 0,333, wysadzana drobnymi cyrkoniami tworz\u0105cymi dwa subtelne rz\u0119dy l\u015bni\u0105cych akcent\u00f3w. Smuk\u0142y profil i otwarta konstrukcja pozwalaj\u0105 na \u0142atwe zak\u0142adanie, a dyskretny blask kamieni podkre\u015bla ka\u017cd\u0105 stylizacj\u0119, dodaj\u0105c jej wyj\u0105tkowej finezji.<\/p>","protected":false},"featured_media":17048,"comment_status":"closed","ping_status":"closed","template":"","meta":{"om_disable_all_campaigns":false},"product_brand":[2284,2350],"product_cat":[43,1392,1931,1930],"product_tag":[2335,2519,2454,2518],"class_list":{"0":"post-13582","1":"product","2":"type-product","3":"status-publish","4":"has-post-thumbnail","6":"product_brand-staviori","7":"product_brand-verona","8":"product_cat-bransoletki","9":"product_cat-damskie","10":"product_cat-zlote-bransoletki","11":"product_cat-zloto-2","12":"product_tag-bangle","13":"product_tag-bxc6459","14":"product_tag-cyrkonia","15":"product_tag-zloto-333","16":"pa_kamien-cyrkonia","17":"pa_kolor-zolte","18":"pa_kruszec-zloto","19":"pa_proba-0-333","20":"pa_rozmiar-19cm","21":"pa_waga-1-80g","23":"first","24":"instock","25":"purchasable","26":"product-type-simple"},"aioseo_notices":[],"_links":{"self":[{"href":"https:\/\/staviori.com.pl\/cs\/wp-json\/wp\/v2\/product\/13582","targetHints":{"allow":["GET"]}}],"collection":[{"href":"https:\/\/staviori.com.pl\/cs\/wp-json\/wp\/v2\/product"}],"about":[{"href":"https:\/\/staviori.com.pl\/cs\/wp-json\/wp\/v2\/types\/product"}],"replies":[{"embeddable":true,"href":"https:\/\/staviori.com.pl\/cs\/wp-json\/wp\/v2\/comments?post=13582"}],"wp:featuredmedia":[{"embeddable":true,"href":"https:\/\/staviori.com.pl\/cs\/wp-json\/wp\/v2\/media\/17048"}],"wp:attachment":[{"href":"https:\/\/staviori.com.pl\/cs\/wp-json\/wp\/v2\/media?parent=13582"}],"wp:term":[{"taxonomy":"product_brand","embeddable":true,"href":"https:\/\/staviori.com.pl\/cs\/wp-json\/wp\/v2\/product_brand?post=13582"},{"taxonomy":"product_cat","embeddable":true,"href":"https:\/\/staviori.com.pl\/cs\/wp-json\/wp\/v2\/product_cat?post=13582"},{"taxonomy":"product_tag","embeddable":true,"href":"https:\/\/staviori.com.pl\/cs\/wp-json\/wp\/v2\/product_tag?post=13582"}],"curies":[{"name":"wp","href":"https:\/\/api.w.org\/{rel}","templated":true}]}}