{"id":13581,"date":"2025-02-24T22:44:44","date_gmt":"2025-02-24T21:44:44","guid":{"rendered":"https:\/\/staviori.com.pl\/product\/zlote-bransoletki-bxc6182\/"},"modified":"2026-04-08T21:12:14","modified_gmt":"2026-04-08T19:12:14","slug":"zlote-bransoletki-bxc6182","status":"publish","type":"product","link":"https:\/\/staviori.com.pl\/cs\/product\/zlote-bransoletki-bxc6182\/","title":{"rendered":"n\u00e1ramek zlat\u00fd 333 se zirkony"},"content":{"rendered":"<p>Model: BXC6182<br \/>\nHmotnost p\u0159ibli\u017en\u011b 3,90 g<\/p>\n<p>N\u00e1ramek 19 cm.<br \/>\n\u017dlut\u00e9 zlato 0,333.<\/p>\n<p>Zirkonie.<\/p>\n<p>Je\u015bli brak na magazynie, to dost\u0119pna na zam\u00f3wienie, czas realizacji ok. 1 tydzie\u0144<\/p>","protected":false},"excerpt":{"rendered":"<p>Elegantn\u00ed n\u00e1ramek ze \u017elut\u00e9ho zlata 0,333. Jeho minimalistick\u00fd tvar zdob\u00ed centr\u00e1ln\u00ed prvek se t\u0159emi \u0159adami leskl\u00fdch bezbarv\u00fdch zirkon\u016f, kter\u00e9 kr\u00e1sn\u011b odr\u00e1\u017eej\u00ed sv\u011btlo a dod\u00e1vaj\u00ed \u0161perku jedine\u010dn\u00fd lesk. Klasick\u00fd a z\u00e1rove\u0148 v\u00fdrazn\u00fd model, ide\u00e1ln\u00ed pro ka\u017edodenn\u00ed no\u0161en\u00ed i v\u00fdjime\u010dn\u00e9 p\u0159\u00edle\u017eitosti.<\/p>","protected":false},"featured_media":815,"comment_status":"closed","ping_status":"closed","template":"","meta":{"om_disable_all_campaigns":false},"product_brand":[2284,2350],"product_cat":[43,1931,1930],"product_tag":[6273,2542,6270,2547,6272,2317,6271,2545,6274,2518],"class_list":{"0":"post-13581","1":"product","2":"type-product","3":"status-publish","4":"has-post-thumbnail","6":"product_brand-staviori","7":"product_brand-verona","8":"product_cat-bransoletki","9":"product_cat-zlote-bransoletki","10":"product_cat-zloto-2","11":"product_tag-armband-gold-333","12":"product_tag-bransoletka-bangle","13":"product_tag-bransoletka-z-cyrkoniami","14":"product_tag-bransoletka-zlota","15":"product_tag-cubic-zirconia-bracelet","16":"product_tag-elegancka-bizuteria","17":"product_tag-gold-bangle","18":"product_tag-klasyczna-bransoletka","19":"product_tag-naramek-zlato-333-zirkony","20":"product_tag-zloto-333","21":"pa_kamien-cyrkonia","22":"pa_kolor-zolte","23":"pa_kruszec-zloto","24":"pa_proba-0-333","25":"pa_rozmiar-19cm","26":"pa_waga-3-90g","28":"first","29":"instock","30":"purchasable","31":"product-type-simple"},"aioseo_notices":[],"_links":{"self":[{"href":"https:\/\/staviori.com.pl\/cs\/wp-json\/wp\/v2\/product\/13581","targetHints":{"allow":["GET"]}}],"collection":[{"href":"https:\/\/staviori.com.pl\/cs\/wp-json\/wp\/v2\/product"}],"about":[{"href":"https:\/\/staviori.com.pl\/cs\/wp-json\/wp\/v2\/types\/product"}],"replies":[{"embeddable":true,"href":"https:\/\/staviori.com.pl\/cs\/wp-json\/wp\/v2\/comments?post=13581"}],"wp:featuredmedia":[{"embeddable":true,"href":"https:\/\/staviori.com.pl\/cs\/wp-json\/wp\/v2\/media\/815"}],"wp:attachment":[{"href":"https:\/\/staviori.com.pl\/cs\/wp-json\/wp\/v2\/media?parent=13581"}],"wp:term":[{"taxonomy":"product_brand","embeddable":true,"href":"https:\/\/staviori.com.pl\/cs\/wp-json\/wp\/v2\/product_brand?post=13581"},{"taxonomy":"product_cat","embeddable":true,"href":"https:\/\/staviori.com.pl\/cs\/wp-json\/wp\/v2\/product_cat?post=13581"},{"taxonomy":"product_tag","embeddable":true,"href":"https:\/\/staviori.com.pl\/cs\/wp-json\/wp\/v2\/product_tag?post=13581"}],"curies":[{"name":"wp","href":"https:\/\/api.w.org\/{rel}","templated":true}]}}