{"id":13573,"date":"2025-02-24T22:44:44","date_gmt":"2025-02-24T21:44:44","guid":{"rendered":"https:\/\/staviori.com.pl\/product\/srebrna-bransoletka-bsx6025y\/"},"modified":"2026-04-16T11:07:55","modified_gmt":"2026-04-16T09:07:55","slug":"srebrna-bransoletka-bsx6025y","status":"publish","type":"product","link":"https:\/\/staviori.com.pl\/cs\/product\/srebrna-bransoletka-bsx6025y\/","title":{"rendered":"cestovn\u00ed n\u00e1ramek pozlacen\u00fd letadlo zem\u011bkoule srdce kufr"},"content":{"rendered":"<p>Model: BSX6025Y<br \/>\nWaga ok. 0,96g<\/p>\n<p>N\u00e1ramek 19 cm.<br \/>\nSt\u0159\u00edbro 0.925 pokoven\u00e9 \u017elut\u00fdm zlatem<\/p>\n<p>Samostatn\u011b nastaviteln\u00e1 d\u00e9lka.<\/p>","protected":false},"excerpt":{"rendered":"<p>Stylowa bransoletka podr\u00f3\u017cnicza wykonana ze srebra pr\u00f3by 0,925 pokrytego \u017c\u00f3\u0142tym z\u0142otem. Delikatny \u0142a\u0144cuszek zdobi\u0105 zawieszki: samolot, kula ziemska, serce i walizka \u2013 symbole pasji podr\u00f3\u017cowania, mi\u0142o\u015bci i odkrywania \u015bwiata. Regulowana d\u0142ugo\u015b\u0107 zapewnia idealne dopasowanie. Bi\u017cuteria pe\u0142na znacze\u0144, idealna dla mi\u0142o\u015bnik\u00f3w przyg\u00f3d.<\/p>","protected":false},"featured_media":21374,"comment_status":"closed","ping_status":"closed","template":"","meta":{"om_disable_all_campaigns":false},"product_brand":[2284,2350],"product_cat":[43,1863,1817],"product_tag":[6264,6254,6260,2584,6265,6244,6262,6261,1414,2427,6257,6263],"class_list":{"0":"post-13573","1":"product","2":"type-product","3":"status-publish","4":"has-post-thumbnail","6":"product_brand-staviori","7":"product_brand-verona","8":"product_cat-bransoletki","9":"product_cat-srebrna-bransoletka","10":"product_cat-srebro-2","11":"product_tag-armband-reisen-gold","12":"product_tag-bransoletka-podroznicza","13":"product_tag-bransoletka-pozlacana","14":"product_tag-bransoletka-z-zawieszkami","15":"product_tag-cestovatelsky-naramek-zlaceny","16":"product_tag-gold-plated-bracelet","17":"product_tag-kula-ziemska","18":"product_tag-samolot","19":"product_tag-serce","20":"product_tag-srebro-925","21":"product_tag-travel-bracelet","22":"product_tag-walizka","23":"pa_kruszec-srebro","24":"pa_kruszec-srebro-pozlacane","25":"pa_motyw-podroze","26":"pa_proba-0-925","27":"pa_waga-0-96g","29":"first","30":"outofstock","31":"purchasable","32":"product-type-simple"},"aioseo_notices":[],"_links":{"self":[{"href":"https:\/\/staviori.com.pl\/cs\/wp-json\/wp\/v2\/product\/13573","targetHints":{"allow":["GET"]}}],"collection":[{"href":"https:\/\/staviori.com.pl\/cs\/wp-json\/wp\/v2\/product"}],"about":[{"href":"https:\/\/staviori.com.pl\/cs\/wp-json\/wp\/v2\/types\/product"}],"replies":[{"embeddable":true,"href":"https:\/\/staviori.com.pl\/cs\/wp-json\/wp\/v2\/comments?post=13573"}],"wp:featuredmedia":[{"embeddable":true,"href":"https:\/\/staviori.com.pl\/cs\/wp-json\/wp\/v2\/media\/21374"}],"wp:attachment":[{"href":"https:\/\/staviori.com.pl\/cs\/wp-json\/wp\/v2\/media?parent=13573"}],"wp:term":[{"taxonomy":"product_brand","embeddable":true,"href":"https:\/\/staviori.com.pl\/cs\/wp-json\/wp\/v2\/product_brand?post=13573"},{"taxonomy":"product_cat","embeddable":true,"href":"https:\/\/staviori.com.pl\/cs\/wp-json\/wp\/v2\/product_cat?post=13573"},{"taxonomy":"product_tag","embeddable":true,"href":"https:\/\/staviori.com.pl\/cs\/wp-json\/wp\/v2\/product_tag?post=13573"}],"curies":[{"name":"wp","href":"https:\/\/api.w.org\/{rel}","templated":true}]}}