{"id":13556,"date":"2025-02-24T22:44:44","date_gmt":"2025-02-24T21:44:44","guid":{"rendered":"https:\/\/staviori.com.pl\/product\/perly-ze-srebrem-bsn6668\/"},"modified":"2026-02-11T00:08:25","modified_gmt":"2026-02-10T23:08:25","slug":"perly-ze-srebrem-bsn6668","status":"publish","type":"product","link":"https:\/\/staviori.com.pl\/cs\/product\/perly-ze-srebrem-bsn6668\/","title":{"rendered":"Jemn\u00fd n\u00e1ramek s perlami a srd\u00ed\u010dky - BSN6668"},"content":{"rendered":"<p>Model: BSN6668<br \/>\nHmotnost p\u0159ibli\u017en\u011b 1,90 g<\/p>\n<p>N\u00e1ramek 19 cm.<br \/>\n0,925 rhodiovan\u00e9 st\u0159\u00edbro.<br \/>\n1 P\u0159\u00edrodn\u00ed sladkovodn\u00ed kultivovan\u00e9 perly.<br \/>\nNastaviteln\u00e1 d\u00e9lka 16 cm - 19 cm.<\/p>\n<p>Jemn\u00fd n\u00e1ramek ze st\u0159\u00edbra 925, zdoben\u00fd b\u00edlou kulatou perlou a hladk\u00fdm,<br \/>\nst\u0159\u00edbrn\u00e9 srdce. Model s dvojit\u00fdm \u0159et\u00edzkem, kter\u00fd dokonale podtrhuje jemnost a eleganci.<\/p>","protected":false},"excerpt":{"rendered":"<p>Jemn\u00fd nastaviteln\u00fd n\u00e1ramek z rhodiovan\u00e9ho st\u0159\u00edbra o d\u00e9lce 16-19 cm. Model na dvojit\u00e9m \u0159et\u00edzku zdob\u00ed jedna b\u00edl\u00e1 kulat\u00e1 sladkovodn\u00ed kultivovan\u00e1 perla a decentn\u00ed hladk\u00e9 srd\u00ed\u010dko z leskl\u00e9ho st\u0159\u00edbra. Je mimo\u0159\u00e1dn\u011b lehk\u00fd a elegantn\u00ed, podtrhne \u017eenskou jemnost a dod\u00e1 noblesu ka\u017ed\u00e9 stylizaci.<\/p>","protected":false},"featured_media":13557,"comment_status":"closed","ping_status":"closed","template":"","meta":{"om_disable_all_campaigns":false},"product_brand":[2284,2350],"product_cat":[43,1392,1393,1919,1817],"product_tag":[1401,2528,2525,2448,1414,2426],"class_list":{"0":"post-13556","1":"product","2":"type-product","3":"status-publish","4":"has-post-thumbnail","6":"product_brand-staviori","7":"product_brand-verona","8":"product_cat-bransoletki","9":"product_cat-damskie","10":"product_cat-perly","11":"product_cat-perly-ze-srebrem","12":"product_cat-srebro-2","13":"product_tag-bransoletka","14":"product_tag-bsn6668","15":"product_tag-perla-hodowana-slodkowodna","16":"product_tag-regulowana-bransoletka","17":"product_tag-serce","18":"product_tag-srebro-rodowane","19":"pa_kamien-naturalne-perly-hodowane-slodkowodne","20":"pa_kruszec-srebro-rodowane","21":"pa_proba-0-925","22":"pa_rozmiar-19cm","23":"pa_srednica-perel-5mm","24":"pa_waga-1-90g","26":"first","27":"instock","28":"purchasable","29":"product-type-simple"},"aioseo_notices":[],"_links":{"self":[{"href":"https:\/\/staviori.com.pl\/cs\/wp-json\/wp\/v2\/product\/13556","targetHints":{"allow":["GET"]}}],"collection":[{"href":"https:\/\/staviori.com.pl\/cs\/wp-json\/wp\/v2\/product"}],"about":[{"href":"https:\/\/staviori.com.pl\/cs\/wp-json\/wp\/v2\/types\/product"}],"replies":[{"embeddable":true,"href":"https:\/\/staviori.com.pl\/cs\/wp-json\/wp\/v2\/comments?post=13556"}],"wp:featuredmedia":[{"embeddable":true,"href":"https:\/\/staviori.com.pl\/cs\/wp-json\/wp\/v2\/media\/13557"}],"wp:attachment":[{"href":"https:\/\/staviori.com.pl\/cs\/wp-json\/wp\/v2\/media?parent=13556"}],"wp:term":[{"taxonomy":"product_brand","embeddable":true,"href":"https:\/\/staviori.com.pl\/cs\/wp-json\/wp\/v2\/product_brand?post=13556"},{"taxonomy":"product_cat","embeddable":true,"href":"https:\/\/staviori.com.pl\/cs\/wp-json\/wp\/v2\/product_cat?post=13556"},{"taxonomy":"product_tag","embeddable":true,"href":"https:\/\/staviori.com.pl\/cs\/wp-json\/wp\/v2\/product_tag?post=13556"}],"curies":[{"name":"wp","href":"https:\/\/api.w.org\/{rel}","templated":true}]}}