{"id":13550,"date":"2025-02-24T22:44:44","date_gmt":"2025-02-24T21:44:44","guid":{"rendered":"https:\/\/staviori.com.pl\/product\/srebrna-bransoletka-bsn6450\/"},"modified":"2026-02-11T00:08:25","modified_gmt":"2026-02-10T23:08:25","slug":"srebrna-bransoletka-bsn6450","status":"publish","type":"product","link":"https:\/\/staviori.com.pl\/cs\/product\/srebrna-bransoletka-bsn6450\/","title":{"rendered":"Srebrna bransoletka na kostk\u0119 u nogi &#8211; 25cm &#8211; BSN6450"},"content":{"rendered":"<p>Model: BSN6450<br \/>\nHmotnost p\u0159ibli\u017en\u011b 1 g<\/p>\n<p>Bransoleta 25 cm.<br \/>\n0,925 rhodiovan\u00e9 st\u0159\u00edbro.<br \/>\nZirkonov\u00e1 \u010dern\u00e1.<br \/>\nD\u0142ugo\u015b\u0107 regulowana 23cm &#8211; 25cm.<\/p>\n<p>Bransoletka na nog\u0119 wykonana ze srebra pr\u00f3by 0,925.<br \/>\nModel ozdobiono czarn\u0105 cyrkoni\u0105.<\/p>","protected":false},"excerpt":{"rendered":"<p>Delikatna bransoletka na nog\u0119 wykonana z rodowanego srebra pr\u00f3by 0,925, o d\u0142ugo\u015bci regulowanej 23\u201325 cm. Subtelny \u0142a\u0144cuszek zdobi pojedyncza czarna cyrkonia, kt\u00f3ra dyskretnie przyci\u0105ga uwag\u0119 i podkre\u015bla lini\u0119 kostki. Lekka, minimalistyczna forma sprawia, \u017ce model doskonale komponuje si\u0119 z letnimi stylizacjami.<\/p>","protected":false},"featured_media":17074,"comment_status":"closed","ping_status":"closed","template":"","meta":{"om_disable_all_campaigns":false},"product_brand":[2284,2350],"product_cat":[43,1392,1863,1817],"product_tag":[2535,2537,2536,2448,2427,2426],"class_list":{"0":"post-13550","1":"product","2":"type-product","3":"status-publish","4":"has-post-thumbnail","6":"product_brand-staviori","7":"product_brand-verona","8":"product_cat-bransoletki","9":"product_cat-damskie","10":"product_cat-srebrna-bransoletka","11":"product_cat-srebro-2","12":"product_tag-bransoletka-na-noge","13":"product_tag-bsn6450","14":"product_tag-czarna-cyrkonia","15":"product_tag-regulowana-bransoletka","16":"product_tag-srebro-925","17":"product_tag-srebro-rodowane","18":"pa_kamien-cyrkonia-czarna","19":"pa_kruszec-srebro-rodowane","20":"pa_proba-0-925","21":"pa_rozmiar-25cm","22":"pa_waga-1g","24":"first","25":"instock","26":"purchasable","27":"product-type-simple"},"aioseo_notices":[],"_links":{"self":[{"href":"https:\/\/staviori.com.pl\/cs\/wp-json\/wp\/v2\/product\/13550","targetHints":{"allow":["GET"]}}],"collection":[{"href":"https:\/\/staviori.com.pl\/cs\/wp-json\/wp\/v2\/product"}],"about":[{"href":"https:\/\/staviori.com.pl\/cs\/wp-json\/wp\/v2\/types\/product"}],"replies":[{"embeddable":true,"href":"https:\/\/staviori.com.pl\/cs\/wp-json\/wp\/v2\/comments?post=13550"}],"wp:featuredmedia":[{"embeddable":true,"href":"https:\/\/staviori.com.pl\/cs\/wp-json\/wp\/v2\/media\/17074"}],"wp:attachment":[{"href":"https:\/\/staviori.com.pl\/cs\/wp-json\/wp\/v2\/media?parent=13550"}],"wp:term":[{"taxonomy":"product_brand","embeddable":true,"href":"https:\/\/staviori.com.pl\/cs\/wp-json\/wp\/v2\/product_brand?post=13550"},{"taxonomy":"product_cat","embeddable":true,"href":"https:\/\/staviori.com.pl\/cs\/wp-json\/wp\/v2\/product_cat?post=13550"},{"taxonomy":"product_tag","embeddable":true,"href":"https:\/\/staviori.com.pl\/cs\/wp-json\/wp\/v2\/product_tag?post=13550"}],"curies":[{"name":"wp","href":"https:\/\/api.w.org\/{rel}","templated":true}]}}