{"id":13549,"date":"2025-02-24T22:44:44","date_gmt":"2025-02-24T21:44:44","guid":{"rendered":"https:\/\/staviori.com.pl\/product\/perly-ze-srebrem-bsn6375\/"},"modified":"2026-02-11T00:08:25","modified_gmt":"2026-02-10T23:08:25","slug":"perly-ze-srebrem-bsn6375","status":"publish","type":"product","link":"https:\/\/staviori.com.pl\/cs\/product\/perly-ze-srebrem-bsn6375\/","title":{"rendered":"N\u00e1ramek s tmav\u00fdmi perlami 6-8 mm - BSN6375"},"content":{"rendered":"<p>Model: BSN6375<br \/>\nHmotnost p\u0159ibli\u017en\u011b 1 g<\/p>\n<p>N\u00e1ramek 19 cm.<br \/>\n0,925 rhodiovan\u00e9 st\u0159\u00edbro.<br \/>\nP\u0159\u00edrodn\u00ed sladkovodn\u00ed kultivovan\u00e9 perly.<br \/>\n\u015arednica pere\u0142 6-8 mm.<br \/>\nVezm\u011bte pros\u00edm na v\u011bdom\u00ed, \u017ee ka\u017ed\u00e1 perla je d\u00edlem p\u0159\u00edrody, a proto ka\u017ed\u00fd v\u00fdrobek ani perly samotn\u00e9 nejsou identick\u00e9.<\/p>","protected":false},"excerpt":{"rendered":"<p>Klasyczna bransoleta o d\u0142ugo\u015bci 19 cm, wykonana z rodowanego srebra pr\u00f3by 0,925 i naturalnych s\u0142odkowodnych pere\u0142 o \u015brednicy 6\u20138 mm. Per\u0142y s\u0105 starannie nawleczone na wytrzyma\u0142ym sznurku, a magnetyczne zapi\u0119cie zapewnia wygodne i bezpieczne u\u017cytkowanie. Ponadczasowy design sprawia, \u017ce to idealny dodatek do eleganckiej, jak i codziennej stylizacji.<\/p>","protected":false},"featured_media":9843,"comment_status":"closed","ping_status":"closed","template":"","meta":{"om_disable_all_campaigns":false},"product_brand":[2284,2350],"product_cat":[43,1392,1393,1919,1817],"product_tag":[1401,2534,2533,2532,2332,2427,2426],"class_list":{"0":"post-13549","1":"product","2":"type-product","3":"status-publish","4":"has-post-thumbnail","6":"product_brand-staviori","7":"product_brand-verona","8":"product_cat-bransoletki","9":"product_cat-damskie","10":"product_cat-perly","11":"product_cat-perly-ze-srebrem","12":"product_cat-srebro-2","13":"product_tag-bransoletka","14":"product_tag-bsn6375","15":"product_tag-magnetyczne-zapiecie","16":"product_tag-perly-slodkowodne","17":"product_tag-prezent","18":"product_tag-srebro-925","19":"product_tag-srebro-rodowane","20":"pa_kamien-naturalne-perly-hodowane-slodkowodne","21":"pa_kruszec-srebro-rodowane","22":"pa_proba-0-925","23":"pa_srednica-perel-6-8mm","24":"pa_waga-1g","26":"first","27":"instock","28":"purchasable","29":"product-type-simple"},"aioseo_notices":[],"_links":{"self":[{"href":"https:\/\/staviori.com.pl\/cs\/wp-json\/wp\/v2\/product\/13549","targetHints":{"allow":["GET"]}}],"collection":[{"href":"https:\/\/staviori.com.pl\/cs\/wp-json\/wp\/v2\/product"}],"about":[{"href":"https:\/\/staviori.com.pl\/cs\/wp-json\/wp\/v2\/types\/product"}],"replies":[{"embeddable":true,"href":"https:\/\/staviori.com.pl\/cs\/wp-json\/wp\/v2\/comments?post=13549"}],"wp:featuredmedia":[{"embeddable":true,"href":"https:\/\/staviori.com.pl\/cs\/wp-json\/wp\/v2\/media\/9843"}],"wp:attachment":[{"href":"https:\/\/staviori.com.pl\/cs\/wp-json\/wp\/v2\/media?parent=13549"}],"wp:term":[{"taxonomy":"product_brand","embeddable":true,"href":"https:\/\/staviori.com.pl\/cs\/wp-json\/wp\/v2\/product_brand?post=13549"},{"taxonomy":"product_cat","embeddable":true,"href":"https:\/\/staviori.com.pl\/cs\/wp-json\/wp\/v2\/product_cat?post=13549"},{"taxonomy":"product_tag","embeddable":true,"href":"https:\/\/staviori.com.pl\/cs\/wp-json\/wp\/v2\/product_tag?post=13549"}],"curies":[{"name":"wp","href":"https:\/\/api.w.org\/{rel}","templated":true}]}}