{"id":13546,"date":"2025-02-24T22:44:44","date_gmt":"2025-02-24T21:44:44","guid":{"rendered":"https:\/\/staviori.com.pl\/product\/perly-ze-srebrem-bsn6061\/"},"modified":"2026-02-11T00:08:25","modified_gmt":"2026-02-10T23:08:25","slug":"perly-ze-srebrem-bsn6061","status":"publish","type":"product","link":"https:\/\/staviori.com.pl\/cs\/product\/perly-ze-srebrem-bsn6061\/","title":{"rendered":"P\u0159\u00edrodn\u00ed perly se st\u0159\u00edbrem 10mm - BSN6061"},"content":{"rendered":"<p>Model: BSN6061<br \/>\nWaga ok. 28,00g<\/p>\n<p>N\u00e1ramek 21 cm.<br \/>\n0,925 rhodiovan\u00e9 st\u0159\u00edbro.<br \/>\nP\u0159\u00edrodn\u00ed sladkovodn\u00ed kultivovan\u00e9 perly.<br \/>\nJako\u015b\u0107 B.<br \/>\nPr\u016fm\u011br 10-11 mm.<\/p>","protected":false},"excerpt":{"rendered":"<p>Wyrafinowana bransoletka o d\u0142ugo\u015bci 21 cm, wykonana z rodowanego srebra pr\u00f3by 0,925, zdobiona naturalnymi, hodowanymi per\u0142ami s\u0142odkowodnymi o \u015brednicy 10\u201311 mm. Klasyczna kompozycja per\u0142owych kul emanuje ponadczasow\u0105 elegancj\u0105, a solidna, elastyczna konstrukcja zapewnia komfort noszenia oraz \u0142atwe zak\u0142adanie. Idealna dla mi\u0142o\u015bniczek luksusowej, delikatnej bi\u017cuterii.<\/p>","protected":false},"featured_media":802,"comment_status":"closed","ping_status":"closed","template":"","meta":{"om_disable_all_campaigns":false},"product_brand":[2284,2350],"product_cat":[1392,1393,1919,1817],"product_tag":[1401,2517,2512,2332,2427,2426],"class_list":{"0":"post-13546","1":"product","2":"type-product","3":"status-publish","4":"has-post-thumbnail","6":"product_brand-staviori","7":"product_brand-verona","8":"product_cat-damskie","9":"product_cat-perly","10":"product_cat-perly-ze-srebrem","11":"product_cat-srebro-2","12":"product_tag-bransoletka","13":"product_tag-bsn6061","14":"product_tag-perly-hodowane-slodkowodne","15":"product_tag-prezent","16":"product_tag-srebro-925","17":"product_tag-srebro-rodowane","18":"pa_kamien-naturalne-perly-hodowane-slodkowodne","19":"pa_kruszec-srebro-rodowane","20":"pa_proba-0-925","21":"pa_rozmiar-21cm","22":"pa_waga-28-00g","24":"first","25":"instock","26":"purchasable","27":"product-type-simple"},"aioseo_notices":[],"_links":{"self":[{"href":"https:\/\/staviori.com.pl\/cs\/wp-json\/wp\/v2\/product\/13546","targetHints":{"allow":["GET"]}}],"collection":[{"href":"https:\/\/staviori.com.pl\/cs\/wp-json\/wp\/v2\/product"}],"about":[{"href":"https:\/\/staviori.com.pl\/cs\/wp-json\/wp\/v2\/types\/product"}],"replies":[{"embeddable":true,"href":"https:\/\/staviori.com.pl\/cs\/wp-json\/wp\/v2\/comments?post=13546"}],"wp:featuredmedia":[{"embeddable":true,"href":"https:\/\/staviori.com.pl\/cs\/wp-json\/wp\/v2\/media\/802"}],"wp:attachment":[{"href":"https:\/\/staviori.com.pl\/cs\/wp-json\/wp\/v2\/media?parent=13546"}],"wp:term":[{"taxonomy":"product_brand","embeddable":true,"href":"https:\/\/staviori.com.pl\/cs\/wp-json\/wp\/v2\/product_brand?post=13546"},{"taxonomy":"product_cat","embeddable":true,"href":"https:\/\/staviori.com.pl\/cs\/wp-json\/wp\/v2\/product_cat?post=13546"},{"taxonomy":"product_tag","embeddable":true,"href":"https:\/\/staviori.com.pl\/cs\/wp-json\/wp\/v2\/product_tag?post=13546"}],"curies":[{"name":"wp","href":"https:\/\/api.w.org\/{rel}","templated":true}]}}