{"id":13545,"date":"2025-02-24T22:44:44","date_gmt":"2025-02-24T21:44:44","guid":{"rendered":"https:\/\/staviori.com.pl\/product\/perly-ze-srebrem-bsn5995\/"},"modified":"2026-04-16T11:07:33","modified_gmt":"2026-04-16T09:07:33","slug":"perly-ze-srebrem-bsn5995","status":"publish","type":"product","link":"https:\/\/staviori.com.pl\/cs\/product\/perly-ze-srebrem-bsn5995\/","title":{"rendered":"N\u00e1ramek z p\u0159\u00edrodn\u00edch perel 8 mm - BSN5995"},"content":{"rendered":"<p>Model: BSN5995<br \/>\nWaga ok. 18,00g<\/p>\n<p>N\u00e1ramek 19 cm.<br \/>\nP\u0159\u00edrodn\u00ed sladkovodn\u00ed kultivovan\u00e9 perly.<br \/>\nWymiary kamieni ok. 8-9 mm.<\/p>\n<p>Bransoletka z per\u0142ami elastyczna na gumce.<\/p>\n<p>W przypadku braku na magazynie &#8211; mo\u017cliwo\u015b\u0107 wykonania na zam\u00f3wienie w terminie oko\u0142o 1 tygodnia.<\/p>","protected":false},"excerpt":{"rendered":"<p>Subtelna bransoletka na elastycznej gumce z naturalnych, hodowanych s\u0142odkowodnych pere\u0142 o \u015brednicy oko\u0142o 8 mm. Klasyczny uk\u0142ad pere\u0142 emanuje ponadczasow\u0105 elegancj\u0105, a wygodna konstrukcja pozwala na \u0142atwe zak\u0142adanie i idealne dopasowanie do nadgarstka. Perfekcyjna dla mi\u0142o\u015bniczek delikatnej, luksusowej bi\u017cuterii.<\/p>","protected":false},"featured_media":800,"comment_status":"closed","ping_status":"closed","template":"","meta":{"om_disable_all_campaigns":false},"product_brand":[2284,2350],"product_cat":[43,1392,1393,1919,1817],"product_tag":[2514,1401,2515,2513,2512],"class_list":{"0":"post-13545","1":"product","2":"type-product","3":"status-publish","4":"has-post-thumbnail","6":"product_brand-staviori","7":"product_brand-verona","8":"product_cat-bransoletki","9":"product_cat-damskie","10":"product_cat-perly","11":"product_cat-perly-ze-srebrem","12":"product_cat-srebro-2","13":"product_tag-bizuteria-perlowa","14":"product_tag-bransoletka","15":"product_tag-bsn5995","16":"product_tag-naturalne-perly","17":"product_tag-perly-hodowane-slodkowodne","18":"pa_kamien-naturalne-perly-hodowane-slodkowodne","19":"pa_srednica-perel-8-9mm","20":"pa_waga-18-00g","22":"first","23":"outofstock","24":"purchasable","25":"product-type-simple"},"aioseo_notices":[],"_links":{"self":[{"href":"https:\/\/staviori.com.pl\/cs\/wp-json\/wp\/v2\/product\/13545","targetHints":{"allow":["GET"]}}],"collection":[{"href":"https:\/\/staviori.com.pl\/cs\/wp-json\/wp\/v2\/product"}],"about":[{"href":"https:\/\/staviori.com.pl\/cs\/wp-json\/wp\/v2\/types\/product"}],"replies":[{"embeddable":true,"href":"https:\/\/staviori.com.pl\/cs\/wp-json\/wp\/v2\/comments?post=13545"}],"wp:featuredmedia":[{"embeddable":true,"href":"https:\/\/staviori.com.pl\/cs\/wp-json\/wp\/v2\/media\/800"}],"wp:attachment":[{"href":"https:\/\/staviori.com.pl\/cs\/wp-json\/wp\/v2\/media?parent=13545"}],"wp:term":[{"taxonomy":"product_brand","embeddable":true,"href":"https:\/\/staviori.com.pl\/cs\/wp-json\/wp\/v2\/product_brand?post=13545"},{"taxonomy":"product_cat","embeddable":true,"href":"https:\/\/staviori.com.pl\/cs\/wp-json\/wp\/v2\/product_cat?post=13545"},{"taxonomy":"product_tag","embeddable":true,"href":"https:\/\/staviori.com.pl\/cs\/wp-json\/wp\/v2\/product_tag?post=13545"}],"curies":[{"name":"wp","href":"https:\/\/api.w.org\/{rel}","templated":true}]}}