{"id":13542,"date":"2025-02-24T22:44:44","date_gmt":"2025-02-24T21:44:44","guid":{"rendered":"https:\/\/staviori.com.pl\/product\/perly-ze-srebrem-bsn3453\/"},"modified":"2026-02-11T00:08:25","modified_gmt":"2026-02-10T23:08:25","slug":"perly-ze-srebrem-bsn3453","status":"publish","type":"product","link":"https:\/\/staviori.com.pl\/cs\/product\/perly-ze-srebrem-bsn3453\/","title":{"rendered":"St\u0159\u00edbrn\u00fd n\u00e1ramek s 8mm perlami - BSN3453"},"content":{"rendered":"<p>Model: BSN3453<br \/>\nWaga ok. 15,00g<\/p>\n<p>N\u00e1ramek 19 cm.<br \/>\n0,925 rhodiovan\u00e9 st\u0159\u00edbro.<br \/>\nP\u0159\u00edrodn\u00ed sladkovodn\u00ed kultivovan\u00e9 perly.<br \/>\nKvalita B - b\u00edl\u00e1<br \/>\n\u015arednica pere\u0142 oko\u0142o 8mm.<\/p>\n<p>Vezm\u011bte pros\u00edm na v\u011bdom\u00ed, \u017ee p\u0159\u00edrodn\u00ed perly a d\u00edlo p\u0159\u00edrody nejsou identick\u00e9 nebo dokonal\u00e9 a ka\u017ed\u00fd perlov\u00fd v\u00fdrobek se m\u016f\u017ee m\u00edrn\u011b li\u0161it.<\/p>","protected":false},"excerpt":{"rendered":"<p>Elegantn\u00ed n\u00e1ramek z pozlacen\u00e9ho st\u0159\u00edbra o ryzosti 0,925 a d\u00e9lce 20 cm s mo\u017enost\u00ed vlastn\u00ed \u00fapravy d\u00e9lky. \u0160t\u00edhl\u00fd profil a tepl\u00fd odst\u00edn zlata dod\u00e1vaj\u00ed \u0161perku jemnou jiskru, zat\u00edmco d\u00edky jednoduch\u00e9mu designu je vhodn\u00fd pro jak\u00fdkoli styling - od ka\u017edodenn\u00edho a\u017e po ve\u010dern\u00ed.<\/p>","protected":false},"featured_media":17038,"comment_status":"closed","ping_status":"closed","template":"","meta":{"om_disable_all_campaigns":false},"product_brand":[2284,2350],"product_cat":[43,1392,1393,1919,1817],"product_tag":[1401,2509,2511,2481,2448,2427],"class_list":{"0":"post-13542","1":"product","2":"type-product","3":"status-publish","4":"has-post-thumbnail","6":"product_brand-staviori","7":"product_brand-verona","8":"product_cat-bransoletki","9":"product_cat-damskie","10":"product_cat-perly","11":"product_cat-perly-ze-srebrem","12":"product_cat-srebro-2","13":"product_tag-bransoletka","14":"product_tag-bsc6689","15":"product_tag-perly","16":"product_tag-pozlacane-zloto","17":"product_tag-regulowana-bransoletka","18":"product_tag-srebro-925","19":"pa_kamien-naturalne-perly-hodowane-slodkowodne","20":"pa_kruszec-srebro-rodowane","21":"pa_proba-0-925","22":"pa_rozmiar-19cm","23":"pa_srednica-8-9mm","24":"pa_waga-15-00g","26":"first","27":"instock","28":"purchasable","29":"product-type-simple"},"aioseo_notices":[],"_links":{"self":[{"href":"https:\/\/staviori.com.pl\/cs\/wp-json\/wp\/v2\/product\/13542","targetHints":{"allow":["GET"]}}],"collection":[{"href":"https:\/\/staviori.com.pl\/cs\/wp-json\/wp\/v2\/product"}],"about":[{"href":"https:\/\/staviori.com.pl\/cs\/wp-json\/wp\/v2\/types\/product"}],"replies":[{"embeddable":true,"href":"https:\/\/staviori.com.pl\/cs\/wp-json\/wp\/v2\/comments?post=13542"}],"wp:featuredmedia":[{"embeddable":true,"href":"https:\/\/staviori.com.pl\/cs\/wp-json\/wp\/v2\/media\/17038"}],"wp:attachment":[{"href":"https:\/\/staviori.com.pl\/cs\/wp-json\/wp\/v2\/media?parent=13542"}],"wp:term":[{"taxonomy":"product_brand","embeddable":true,"href":"https:\/\/staviori.com.pl\/cs\/wp-json\/wp\/v2\/product_brand?post=13542"},{"taxonomy":"product_cat","embeddable":true,"href":"https:\/\/staviori.com.pl\/cs\/wp-json\/wp\/v2\/product_cat?post=13542"},{"taxonomy":"product_tag","embeddable":true,"href":"https:\/\/staviori.com.pl\/cs\/wp-json\/wp\/v2\/product_tag?post=13542"}],"curies":[{"name":"wp","href":"https:\/\/api.w.org\/{rel}","templated":true}]}}