{"id":13531,"date":"2025-02-24T22:44:44","date_gmt":"2025-02-24T21:44:44","guid":{"rendered":"https:\/\/staviori.com.pl\/product\/srebrna-bransoletka-bsc6684\/"},"modified":"2026-02-11T00:08:25","modified_gmt":"2026-02-10T23:08:25","slug":"srebrna-bransoletka-bsc6684","status":"publish","type":"product","link":"https:\/\/staviori.com.pl\/cs\/product\/srebrna-bransoletka-bsc6684\/","title":{"rendered":"Pozlacen\u00fd n\u00e1ramek s onyxem - BSC6684"},"content":{"rendered":"<p>Model: BSC6684<br \/>\nHmotnost p\u0159ibli\u017en\u011b 4,11 g<\/p>\n<p>N\u00e1ramek 19 cm.<br \/>\nSt\u0159\u00edbro 0.925 pokoven\u00e9 \u017elut\u00fdm zlatem<br \/>\nOnyx.<\/p>\n<p>Nastaviteln\u00e1 d\u00e9lka 16 cm - 19 cm.<\/p>\n<p>N\u00e1ramek vytvo\u0159en\u00fd ze st\u0159\u00edbra s elegantn\u00ed pozlacenou povrchovou \u00fapravou.<br \/>\nModel je zdoben\u00fd hlubok\u00fdmi \u010dern\u00fdmi onyxy, kter\u00e9 mu dod\u00e1vaj\u00ed sofistikovan\u00fd n\u00e1dech. K souprav\u011b je k dispozici tak\u00e9 n\u00e1hrdeln\u00edk.<\/p>","protected":false},"excerpt":{"rendered":"<p>Elegantn\u00ed n\u00e1ramek z pozlacen\u00e9ho st\u0159\u00edbra ryzosti 0,925 s d\u00e9lkou 19 cm, nastavitelnou od 16 cm do 19 cm. Model zdob\u00ed hlubok\u00e9 brou\u0161en\u00e9 onyxy prokl\u00e1dan\u00e9 jemn\u00fdmi \u010dl\u00e1nky a tepl\u00fd odst\u00edn pozlacen\u00ed zd\u016fraz\u0148uje kontrast mezi \u010dernou barvou kamen\u016f a leskem kovu. Skv\u011ble se hod\u00ed jako samostatn\u00fd akcent nebo v duu s odpov\u00eddaj\u00edc\u00edm n\u00e1hrdeln\u00edkem.<\/p>","protected":false},"featured_media":13532,"comment_status":"closed","ping_status":"closed","template":"","meta":{"om_disable_all_campaigns":false},"product_brand":[2284,2350],"product_cat":[43,1392,1863,1817],"product_tag":[1401,2529,2368,2496,2448,2427],"class_list":{"0":"post-13531","1":"product","2":"type-product","3":"status-publish","4":"has-post-thumbnail","6":"product_brand-staviori","7":"product_brand-verona","8":"product_cat-bransoletki","9":"product_cat-damskie","10":"product_cat-srebrna-bransoletka","11":"product_cat-srebro-2","12":"product_tag-bransoletka","13":"product_tag-bsc6684","14":"product_tag-onyks","15":"product_tag-pozlacane-srebro","16":"product_tag-regulowana-bransoletka","17":"product_tag-srebro-925","18":"pa_kamien-onyks","19":"pa_kruszec-srebro","20":"pa_kruszec-srebro-pozlacane","21":"pa_proba-0-925","22":"pa_rozmiar-19cm","23":"pa_waga-4-11g","25":"first","26":"instock","27":"purchasable","28":"product-type-simple"},"aioseo_notices":[],"_links":{"self":[{"href":"https:\/\/staviori.com.pl\/cs\/wp-json\/wp\/v2\/product\/13531","targetHints":{"allow":["GET"]}}],"collection":[{"href":"https:\/\/staviori.com.pl\/cs\/wp-json\/wp\/v2\/product"}],"about":[{"href":"https:\/\/staviori.com.pl\/cs\/wp-json\/wp\/v2\/types\/product"}],"replies":[{"embeddable":true,"href":"https:\/\/staviori.com.pl\/cs\/wp-json\/wp\/v2\/comments?post=13531"}],"wp:featuredmedia":[{"embeddable":true,"href":"https:\/\/staviori.com.pl\/cs\/wp-json\/wp\/v2\/media\/13532"}],"wp:attachment":[{"href":"https:\/\/staviori.com.pl\/cs\/wp-json\/wp\/v2\/media?parent=13531"}],"wp:term":[{"taxonomy":"product_brand","embeddable":true,"href":"https:\/\/staviori.com.pl\/cs\/wp-json\/wp\/v2\/product_brand?post=13531"},{"taxonomy":"product_cat","embeddable":true,"href":"https:\/\/staviori.com.pl\/cs\/wp-json\/wp\/v2\/product_cat?post=13531"},{"taxonomy":"product_tag","embeddable":true,"href":"https:\/\/staviori.com.pl\/cs\/wp-json\/wp\/v2\/product_tag?post=13531"}],"curies":[{"name":"wp","href":"https:\/\/api.w.org\/{rel}","templated":true}]}}