{"id":13525,"date":"2025-02-24T22:44:40","date_gmt":"2025-02-24T21:44:40","guid":{"rendered":"https:\/\/staviori.com.pl\/product\/srebrna-bransoletka-bsc6683\/"},"modified":"2026-02-11T00:08:25","modified_gmt":"2026-02-10T23:08:25","slug":"srebrna-bransoletka-bsc6683","status":"publish","type":"product","link":"https:\/\/staviori.com.pl\/cs\/product\/srebrna-bransoletka-bsc6683\/","title":{"rendered":"Pozlacen\u00fd n\u00e1ramek s hermatitem - BSC6683"},"content":{"rendered":"<p>Model: BSC6683<br \/>\nHmotnost p\u0159ibli\u017en\u011b 22 g<\/p>\n<p>N\u00e1ramek 20 cm.<br \/>\nSt\u0159\u00edbro 0.925 pokoven\u00e9 \u017elut\u00fdm zlatem<\/p>\n<p>Onyx.<br \/>\nHematyt.<\/p>","protected":false},"excerpt":{"rendered":"<p>Wyj\u0105tkowa bransoletka o d\u0142ugo\u015bci 20 cm, wykonana ze srebra pr\u00f3by 0,925 pokrytego \u017c\u00f3\u0142tym z\u0142otem. Subtelnie po\u0142yskuj\u0105ce kuleczki z hematytu zestawiono z eleganckimi onyksem, tworz\u0105c harmonijn\u0105 kompozycj\u0119 kontrastuj\u0105cych faktur i g\u0142\u0119bokich odcieni czerni. Z\u0142ocone akcenty dodaj\u0105 ciep\u0142a, a naturalne kamienie wprowadzaj\u0105 wyrafinowany charakter \u2014 idealny do zar\u00f3wno codziennych, jak i wieczorowych stylizacji.<\/p>","protected":false},"featured_media":13526,"comment_status":"closed","ping_status":"closed","template":"","meta":{"om_disable_all_campaigns":false},"product_brand":[2284,2350],"product_cat":[43,1392,1863,1817],"product_tag":[1401,2502,2500,2501,2368,2496,2427],"class_list":{"0":"post-13525","1":"product","2":"type-product","3":"status-publish","4":"has-post-thumbnail","6":"product_brand-staviori","7":"product_brand-verona","8":"product_cat-bransoletki","9":"product_cat-damskie","10":"product_cat-srebrna-bransoletka","11":"product_cat-srebro-2","12":"product_tag-bransoletka","13":"product_tag-bsc6683","14":"product_tag-hematyt","15":"product_tag-naturalne-kamienie","16":"product_tag-onyks","17":"product_tag-pozlacane-srebro","18":"product_tag-srebro-925","19":"pa_kamien-hermatyt","20":"pa_kamien-onyks","21":"pa_kruszec-srebro","22":"pa_kruszec-srebro-pozlacane","23":"pa_proba-0-925","24":"pa_rozmiar-20cm","25":"pa_waga-22g","27":"first","28":"instock","29":"purchasable","30":"product-type-simple"},"aioseo_notices":[],"_links":{"self":[{"href":"https:\/\/staviori.com.pl\/cs\/wp-json\/wp\/v2\/product\/13525","targetHints":{"allow":["GET"]}}],"collection":[{"href":"https:\/\/staviori.com.pl\/cs\/wp-json\/wp\/v2\/product"}],"about":[{"href":"https:\/\/staviori.com.pl\/cs\/wp-json\/wp\/v2\/types\/product"}],"replies":[{"embeddable":true,"href":"https:\/\/staviori.com.pl\/cs\/wp-json\/wp\/v2\/comments?post=13525"}],"wp:featuredmedia":[{"embeddable":true,"href":"https:\/\/staviori.com.pl\/cs\/wp-json\/wp\/v2\/media\/13526"}],"wp:attachment":[{"href":"https:\/\/staviori.com.pl\/cs\/wp-json\/wp\/v2\/media?parent=13525"}],"wp:term":[{"taxonomy":"product_brand","embeddable":true,"href":"https:\/\/staviori.com.pl\/cs\/wp-json\/wp\/v2\/product_brand?post=13525"},{"taxonomy":"product_cat","embeddable":true,"href":"https:\/\/staviori.com.pl\/cs\/wp-json\/wp\/v2\/product_cat?post=13525"},{"taxonomy":"product_tag","embeddable":true,"href":"https:\/\/staviori.com.pl\/cs\/wp-json\/wp\/v2\/product_tag?post=13525"}],"curies":[{"name":"wp","href":"https:\/\/api.w.org\/{rel}","templated":true}]}}