{"id":13519,"date":"2025-02-24T22:44:40","date_gmt":"2025-02-24T21:44:40","guid":{"rendered":"https:\/\/staviori.com.pl\/product\/srebrna-bransoletka-bsc6682\/"},"modified":"2026-04-13T21:44:38","modified_gmt":"2026-04-13T19:44:38","slug":"srebrna-bransoletka-bsc6682","status":"publish","type":"product","link":"https:\/\/staviori.com.pl\/cs\/product\/srebrna-bransoletka-bsc6682\/","title":{"rendered":"Srebrna skr\u0119cana poz\u0142acana bransoletka &#8211; BSC6682"},"content":{"rendered":"<p>Model: BSC6682<br \/>\nWaga ok. 3,39g<\/p>\n<p>N\u00e1ramek 19 cm.<br \/>\nSt\u0159\u00edbro 0.925 pokoven\u00e9 \u017elut\u00fdm zlatem<br \/>\nNastaviteln\u00e1 d\u00e9lka 16 cm - 19 cm.<\/p>","protected":false},"excerpt":{"rendered":"<p>Subtelna, regulowana bransoletka z poz\u0142acanego srebra pr\u00f3by 0,925 o d\u0142ugo\u015bci 19 cm, pozwalaj\u0105ca dopasowa\u0107 si\u0119 od 16 do 19 cm. Charakterystyczny, delikatnie skr\u0119cony splot dodaje klasycznego szyku, a minimalistyczny design sprawia, \u017ce bi\u017cuteria doskonale uzupe\u0142ni zar\u00f3wno codzienne, jak i bardziej eleganckie stylizacje.<\/p>","protected":false},"featured_media":13520,"comment_status":"closed","ping_status":"closed","template":"","meta":{"om_disable_all_campaigns":false},"product_brand":[2284,2350],"product_cat":[43,1392,1863,1817],"product_tag":[1401,2499,2384,2481,2448,2498,2427],"class_list":{"0":"post-13519","1":"product","2":"type-product","3":"status-publish","4":"has-post-thumbnail","6":"product_brand-staviori","7":"product_brand-verona","8":"product_cat-bransoletki","9":"product_cat-damskie","10":"product_cat-srebrna-bransoletka","11":"product_cat-srebro-2","12":"product_tag-bransoletka","13":"product_tag-bsc6682","14":"product_tag-minimalistyczna-bizuteria","15":"product_tag-pozlacane-zloto","16":"product_tag-regulowana-bransoletka","17":"product_tag-skrecany-splot","18":"product_tag-srebro-925","19":"pa_kruszec-srebro","20":"pa_proba-0-925","21":"pa_rozmiar-19cm","22":"pa_waga-3-39g","24":"first","25":"outofstock","26":"purchasable","27":"product-type-simple"},"aioseo_notices":[],"_links":{"self":[{"href":"https:\/\/staviori.com.pl\/cs\/wp-json\/wp\/v2\/product\/13519","targetHints":{"allow":["GET"]}}],"collection":[{"href":"https:\/\/staviori.com.pl\/cs\/wp-json\/wp\/v2\/product"}],"about":[{"href":"https:\/\/staviori.com.pl\/cs\/wp-json\/wp\/v2\/types\/product"}],"replies":[{"embeddable":true,"href":"https:\/\/staviori.com.pl\/cs\/wp-json\/wp\/v2\/comments?post=13519"}],"wp:featuredmedia":[{"embeddable":true,"href":"https:\/\/staviori.com.pl\/cs\/wp-json\/wp\/v2\/media\/13520"}],"wp:attachment":[{"href":"https:\/\/staviori.com.pl\/cs\/wp-json\/wp\/v2\/media?parent=13519"}],"wp:term":[{"taxonomy":"product_brand","embeddable":true,"href":"https:\/\/staviori.com.pl\/cs\/wp-json\/wp\/v2\/product_brand?post=13519"},{"taxonomy":"product_cat","embeddable":true,"href":"https:\/\/staviori.com.pl\/cs\/wp-json\/wp\/v2\/product_cat?post=13519"},{"taxonomy":"product_tag","embeddable":true,"href":"https:\/\/staviori.com.pl\/cs\/wp-json\/wp\/v2\/product_tag?post=13519"}],"curies":[{"name":"wp","href":"https:\/\/api.w.org\/{rel}","templated":true}]}}