{"id":13508,"date":"2025-02-24T22:44:40","date_gmt":"2025-02-24T21:44:40","guid":{"rendered":"https:\/\/staviori.com.pl\/product\/srebrna-bransoletka-bsc6680\/"},"modified":"2026-04-16T11:36:44","modified_gmt":"2026-04-16T09:36:44","slug":"srebrna-bransoletka-bsc6680","status":"publish","type":"product","link":"https:\/\/staviori.com.pl\/cs\/product\/srebrna-bransoletka-bsc6680\/","title":{"rendered":"St\u0159\u00edbrn\u00fd pozlacen\u00fd n\u00e1ramek s diskem - BSC6680"},"content":{"rendered":"<p>Model: BSC6680<br \/>\nHmotnost p\u0159ibli\u017en\u011b 3,05 g<\/p>\n<p>N\u00e1ramek 19 cm.<br \/>\nSt\u0159\u00edbro 0.925 pokoven\u00e9 \u017elut\u00fdm zlatem<\/p>\n<p>Nastaviteln\u00e1 d\u00e9lka 16 cm - 19 cm.<\/p>","protected":false},"excerpt":{"rendered":"<p>Subtelna bransoletka z poz\u0142acanego srebra pr\u00f3by 0,925, zdobiona drobnymi, swobodnie obracaj\u0105cymi si\u0119 kr\u0105\u017ckami rozmieszczonymi na delikatnym \u0142a\u0144cuszku. Regulowana d\u0142ugo\u015b\u0107 od 16 do 19 cm pozwala na idealne dopasowanie, a lekko\u015b\u0107 konstrukcji i dyskretny po\u0142ysk z\u0142ota sprawiaj\u0105, \u017ce bransoletka pi\u0119knie uzupe\u0142nia ka\u017cd\u0105 stylizacj\u0119 \u2014 od codziennej, po wieczorow\u0105.<\/p>","protected":false},"featured_media":13509,"comment_status":"closed","ping_status":"closed","template":"","meta":{"om_disable_all_campaigns":false},"product_brand":[2284,2350],"product_cat":[43,1392,1863,1817],"product_tag":[1401,2497,2495,2496,2448,2427],"class_list":{"0":"post-13508","1":"product","2":"type-product","3":"status-publish","4":"has-post-thumbnail","6":"product_brand-staviori","7":"product_brand-verona","8":"product_cat-bransoletki","9":"product_cat-damskie","10":"product_cat-srebrna-bransoletka","11":"product_cat-srebro-2","12":"product_tag-bransoletka","13":"product_tag-bsc6680","14":"product_tag-krazki","15":"product_tag-pozlacane-srebro","16":"product_tag-regulowana-bransoletka","17":"product_tag-srebro-925","18":"pa_kruszec-srebro","19":"pa_proba-0-925","20":"pa_rozmiar-19cm","21":"pa_waga-3-05g","23":"first","24":"outofstock","25":"purchasable","26":"product-type-simple"},"aioseo_notices":[],"_links":{"self":[{"href":"https:\/\/staviori.com.pl\/cs\/wp-json\/wp\/v2\/product\/13508","targetHints":{"allow":["GET"]}}],"collection":[{"href":"https:\/\/staviori.com.pl\/cs\/wp-json\/wp\/v2\/product"}],"about":[{"href":"https:\/\/staviori.com.pl\/cs\/wp-json\/wp\/v2\/types\/product"}],"replies":[{"embeddable":true,"href":"https:\/\/staviori.com.pl\/cs\/wp-json\/wp\/v2\/comments?post=13508"}],"wp:featuredmedia":[{"embeddable":true,"href":"https:\/\/staviori.com.pl\/cs\/wp-json\/wp\/v2\/media\/13509"}],"wp:attachment":[{"href":"https:\/\/staviori.com.pl\/cs\/wp-json\/wp\/v2\/media?parent=13508"}],"wp:term":[{"taxonomy":"product_brand","embeddable":true,"href":"https:\/\/staviori.com.pl\/cs\/wp-json\/wp\/v2\/product_brand?post=13508"},{"taxonomy":"product_cat","embeddable":true,"href":"https:\/\/staviori.com.pl\/cs\/wp-json\/wp\/v2\/product_cat?post=13508"},{"taxonomy":"product_tag","embeddable":true,"href":"https:\/\/staviori.com.pl\/cs\/wp-json\/wp\/v2\/product_tag?post=13508"}],"curies":[{"name":"wp","href":"https:\/\/api.w.org\/{rel}","templated":true}]}}