{"id":13491,"date":"2025-02-24T22:44:40","date_gmt":"2025-02-24T21:44:40","guid":{"rendered":"https:\/\/staviori.com.pl\/product\/srebrna-bransoletka-bsc6593y\/"},"modified":"2026-04-24T10:34:04","modified_gmt":"2026-04-24T08:34:04","slug":"srebrna-bransoletka-bsc6593y","status":"publish","type":"product","link":"https:\/\/staviori.com.pl\/cs\/product\/srebrna-bransoletka-bsc6593y\/","title":{"rendered":"Pozlacen\u00fd st\u0159\u00edbrn\u00fd n\u00e1ramek zmije - BSC6593Y"},"content":{"rendered":"<p>Model: BSC6593Y<br \/>\nWaga ok. 2,98g<\/p>\n<p>N\u00e1ramek 19 cm.<br \/>\nSt\u0159\u00edbro 0.925 pokoven\u00e9 \u017elut\u00fdm zlatem<\/p>\n<p>Nastaviteln\u00e1 d\u00e9lka 16 cm - 19 cm.<\/p>","protected":false},"excerpt":{"rendered":"<p>Wyrafinowana poz\u0142acana bransoletka typu \u017cmijka o d\u0142ugo\u015bci 19 cm, wykonana ze srebra pr\u00f3by 0,925 pokrytego \u017c\u00f3\u0142tym z\u0142otem. Jej g\u0142adki, p\u0142ynny splot pi\u0119knie otula nadgarstek, a mo\u017cliwo\u015b\u0107 regulacji d\u0142ugo\u015bci od 16 do 19 cm pozwala na idealne dopasowanie. Ponadczasowy design w ciep\u0142ej tonacji z\u0142ota sprawia, \u017ce bi\u017cuteria doskonale uzupe\u0142ni zar\u00f3wno codzienne, jak i wieczorowe stylizacje.<\/p>","protected":false},"featured_media":13492,"comment_status":"closed","ping_status":"closed","template":"","meta":{"om_disable_all_campaigns":false},"product_brand":[2284,2350],"product_cat":[43,1392,1863,1817],"product_tag":[1401,2484,2485,2452,2448,2427,2483],"class_list":{"0":"post-13491","1":"product","2":"type-product","3":"status-publish","4":"has-post-thumbnail","6":"product_brand-staviori","7":"product_brand-verona","8":"product_cat-bransoletki","9":"product_cat-damskie","10":"product_cat-srebrna-bransoletka","11":"product_cat-srebro-2","12":"product_tag-bransoletka","13":"product_tag-bsc6593","14":"product_tag-bsc6593y","15":"product_tag-pozlacane","16":"product_tag-regulowana-bransoletka","17":"product_tag-srebro-925","18":"product_tag-zmijka","19":"pa_kruszec-srebro","20":"pa_kruszec-srebro-pozlacane","21":"pa_proba-0-925","22":"pa_rozmiar-19cm","23":"pa_waga-2-98g","25":"first","26":"outofstock","27":"purchasable","28":"product-type-simple"},"aioseo_notices":[],"_links":{"self":[{"href":"https:\/\/staviori.com.pl\/cs\/wp-json\/wp\/v2\/product\/13491","targetHints":{"allow":["GET"]}}],"collection":[{"href":"https:\/\/staviori.com.pl\/cs\/wp-json\/wp\/v2\/product"}],"about":[{"href":"https:\/\/staviori.com.pl\/cs\/wp-json\/wp\/v2\/types\/product"}],"replies":[{"embeddable":true,"href":"https:\/\/staviori.com.pl\/cs\/wp-json\/wp\/v2\/comments?post=13491"}],"wp:featuredmedia":[{"embeddable":true,"href":"https:\/\/staviori.com.pl\/cs\/wp-json\/wp\/v2\/media\/13492"}],"wp:attachment":[{"href":"https:\/\/staviori.com.pl\/cs\/wp-json\/wp\/v2\/media?parent=13491"}],"wp:term":[{"taxonomy":"product_brand","embeddable":true,"href":"https:\/\/staviori.com.pl\/cs\/wp-json\/wp\/v2\/product_brand?post=13491"},{"taxonomy":"product_cat","embeddable":true,"href":"https:\/\/staviori.com.pl\/cs\/wp-json\/wp\/v2\/product_cat?post=13491"},{"taxonomy":"product_tag","embeddable":true,"href":"https:\/\/staviori.com.pl\/cs\/wp-json\/wp\/v2\/product_tag?post=13491"}],"curies":[{"name":"wp","href":"https:\/\/api.w.org\/{rel}","templated":true}]}}