{"id":13455,"date":"2025-02-24T22:44:40","date_gmt":"2025-02-24T21:44:40","guid":{"rendered":"https:\/\/staviori.com.pl\/product\/srebrna-bransoletka-bsc6468\/"},"modified":"2026-04-13T07:29:37","modified_gmt":"2026-04-13T05:29:37","slug":"srebrna-bransoletka-bsc6468","status":"publish","type":"product","link":"https:\/\/staviori.com.pl\/cs\/product\/srebrna-bransoletka-bsc6468\/","title":{"rendered":"St\u0159\u00edbrn\u00fd pevn\u00fd n\u00e1ramek - BSC6468"},"content":{"rendered":"<p>Model: BSC6468<br \/>\nHmotnost p\u0159ibli\u017en\u011b 11,50 g<\/p>\n<p>N\u00e1ramek 19 cm.<br \/>\n0,925 rhodiovan\u00e9 st\u0159\u00edbro.<br \/>\n\u0160\u00ed\u0159ka 6 mm.<\/p>\n<p><strong>Mo\u017cliwo\u015bc bezp\u0142atnego graweru<\/strong> ( wyd\u0142u\u017cy to realizacj\u0119 zam\u00f3wienia )<\/p>","protected":false},"excerpt":{"rendered":"<p>Minimalistyczna bransoleta typu bangle wykonana z rodowanego srebra pr\u00f3by 0,925 o d\u0142ugo\u015bci 19 cm i szeroko\u015bci 6 mm. Jej prosta, klasyczna forma pi\u0119knie podkre\u015bla nadgarstek, wprowadzaj\u0105c dyskretny akcent elegancji do codziennych i wieczorowych stylizacji.<\/p>","protected":false},"featured_media":22704,"comment_status":"closed","ping_status":"closed","template":"","meta":{"om_disable_all_campaigns":false},"product_brand":[2284,2350],"product_cat":[43,1392,1863,1817],"product_tag":[2335,2295,2508,2384,2427,2426],"class_list":{"0":"post-13455","1":"product","2":"type-product","3":"status-publish","4":"has-post-thumbnail","6":"product_brand-staviori","7":"product_brand-verona","8":"product_cat-bransoletki","9":"product_cat-damskie","10":"product_cat-srebrna-bransoletka","11":"product_cat-srebro-2","12":"product_tag-bangle","13":"product_tag-bransoleta","14":"product_tag-bsc6468","15":"product_tag-minimalistyczna-bizuteria","16":"product_tag-srebro-925","17":"product_tag-srebro-rodowane","18":"pa_kruszec-srebro-rodowane","19":"pa_proba-0-925","20":"pa_rozmiar-19cm","21":"pa_szerokosc-6mm","22":"pa_waga-11-50g","24":"first","25":"instock","26":"purchasable","27":"product-type-simple"},"aioseo_notices":[],"_links":{"self":[{"href":"https:\/\/staviori.com.pl\/cs\/wp-json\/wp\/v2\/product\/13455","targetHints":{"allow":["GET"]}}],"collection":[{"href":"https:\/\/staviori.com.pl\/cs\/wp-json\/wp\/v2\/product"}],"about":[{"href":"https:\/\/staviori.com.pl\/cs\/wp-json\/wp\/v2\/types\/product"}],"replies":[{"embeddable":true,"href":"https:\/\/staviori.com.pl\/cs\/wp-json\/wp\/v2\/comments?post=13455"}],"wp:featuredmedia":[{"embeddable":true,"href":"https:\/\/staviori.com.pl\/cs\/wp-json\/wp\/v2\/media\/22704"}],"wp:attachment":[{"href":"https:\/\/staviori.com.pl\/cs\/wp-json\/wp\/v2\/media?parent=13455"}],"wp:term":[{"taxonomy":"product_brand","embeddable":true,"href":"https:\/\/staviori.com.pl\/cs\/wp-json\/wp\/v2\/product_brand?post=13455"},{"taxonomy":"product_cat","embeddable":true,"href":"https:\/\/staviori.com.pl\/cs\/wp-json\/wp\/v2\/product_cat?post=13455"},{"taxonomy":"product_tag","embeddable":true,"href":"https:\/\/staviori.com.pl\/cs\/wp-json\/wp\/v2\/product_tag?post=13455"}],"curies":[{"name":"wp","href":"https:\/\/api.w.org\/{rel}","templated":true}]}}