{"id":13440,"date":"2025-02-24T22:44:40","date_gmt":"2025-02-24T21:44:40","guid":{"rendered":"https:\/\/staviori.com.pl\/product\/srebrna-bransoletka-bsc6465\/"},"modified":"2026-03-25T12:16:14","modified_gmt":"2026-03-25T11:16:14","slug":"srebrna-bransoletka-bsc6465","status":"publish","type":"product","link":"https:\/\/staviori.com.pl\/cs\/product\/srebrna-bransoletka-bsc6465\/","title":{"rendered":"St\u0159\u00edbrn\u00fd pevn\u00fd n\u00e1ramek - BSC6465"},"content":{"rendered":"<p>Model: BSC6465<br \/>\nWaga ok. 7,19g<\/p>\n<p>N\u00e1ramek 19 cm.<br \/>\n0,925 rhodiovan\u00e9 st\u0159\u00edbro.<br \/>\nTlou\u0161\u0165ka 3 mm.<\/p>","protected":false},"excerpt":{"rendered":"<p>Elegancka, otwarta bransoletka typu bangle wykonana z rodowanego srebra pr\u00f3by 0,925. Smuk\u0142y profil o grubo\u015bci 3 mm emanuje minimalistycznym szykiem, a solidna, sztywna forma subtelnie podkre\u015bla lini\u0119 nadgarstka. Prosty, ponadczasowy design czyni z niej uniwersalny dodatek, kt\u00f3ry doskonale uzupe\u0142ni codzienne stylizacje.<\/p>","protected":false},"featured_media":13441,"comment_status":"closed","ping_status":"closed","template":"","meta":{"om_disable_all_campaigns":false},"product_brand":[2284,2350],"product_cat":[43,1392,1863,1817],"product_tag":[2335,2295,2505,2384,2427,2426],"class_list":{"0":"post-13440","1":"product","2":"type-product","3":"status-publish","4":"has-post-thumbnail","6":"product_brand-staviori","7":"product_brand-verona","8":"product_cat-bransoletki","9":"product_cat-damskie","10":"product_cat-srebrna-bransoletka","11":"product_cat-srebro-2","12":"product_tag-bangle","13":"product_tag-bransoleta","14":"product_tag-bsc6465","15":"product_tag-minimalistyczna-bizuteria","16":"product_tag-srebro-925","17":"product_tag-srebro-rodowane","18":"pa_barwa-70","19":"pa_grubosc-3mm","20":"pa_kruszec-srebro-rodowane","21":"pa_proba-0-925","22":"pa_rozmiar-19cm","23":"pa_waga-7-19g","25":"first","26":"outofstock","27":"purchasable","28":"product-type-simple"},"aioseo_notices":[],"_links":{"self":[{"href":"https:\/\/staviori.com.pl\/cs\/wp-json\/wp\/v2\/product\/13440","targetHints":{"allow":["GET"]}}],"collection":[{"href":"https:\/\/staviori.com.pl\/cs\/wp-json\/wp\/v2\/product"}],"about":[{"href":"https:\/\/staviori.com.pl\/cs\/wp-json\/wp\/v2\/types\/product"}],"replies":[{"embeddable":true,"href":"https:\/\/staviori.com.pl\/cs\/wp-json\/wp\/v2\/comments?post=13440"}],"wp:featuredmedia":[{"embeddable":true,"href":"https:\/\/staviori.com.pl\/cs\/wp-json\/wp\/v2\/media\/13441"}],"wp:attachment":[{"href":"https:\/\/staviori.com.pl\/cs\/wp-json\/wp\/v2\/media?parent=13440"}],"wp:term":[{"taxonomy":"product_brand","embeddable":true,"href":"https:\/\/staviori.com.pl\/cs\/wp-json\/wp\/v2\/product_brand?post=13440"},{"taxonomy":"product_cat","embeddable":true,"href":"https:\/\/staviori.com.pl\/cs\/wp-json\/wp\/v2\/product_cat?post=13440"},{"taxonomy":"product_tag","embeddable":true,"href":"https:\/\/staviori.com.pl\/cs\/wp-json\/wp\/v2\/product_tag?post=13440"}],"curies":[{"name":"wp","href":"https:\/\/api.w.org\/{rel}","templated":true}]}}