{"id":13430,"date":"2025-02-24T22:44:37","date_gmt":"2025-02-24T21:44:37","guid":{"rendered":"https:\/\/staviori.com.pl\/product\/srebrna-bransoletka-bsc6362\/"},"modified":"2026-02-11T00:08:24","modified_gmt":"2026-02-10T23:08:24","slug":"srebrna-bransoletka-bsc6362","status":"publish","type":"product","link":"https:\/\/staviori.com.pl\/cs\/product\/srebrna-bransoletka-bsc6362\/","title":{"rendered":"St\u0159\u00edbrn\u00fd n\u00e1ramek na r\u016f\u017eov\u00e9 \u0161\u0148\u016frce se zirkony - srdce - BSC6362"},"content":{"rendered":"<p>Model: BSC6362<br \/>\nHmotnost p\u0159ibli\u017en\u011b 1 g<\/p>\n<p>N\u00e1ramek.<br \/>\n0,925 rhodiovan\u00e9 st\u0159\u00edbro.<br \/>\nR\u016f\u017eov\u00e1 \u0161\u0148\u016fra.<br \/>\nZirkonie.<\/p>\n<p>Rozm\u011bry 10 \u00d7 11 mm.<\/p>","protected":false},"excerpt":{"rendered":"<p>Okouzluj\u00edc\u00ed n\u00e1ramek na r\u016f\u017eov\u00e9 \u0161\u0148\u016frce zdoben\u00fd rhodiovan\u00fdm st\u0159\u00edbrn\u00fdm prvkem ve tvaru srdce osazen\u00fdm t\u0159pytiv\u00fdmi zirkony. Jemn\u00fd, \u017eensk\u00fd design kombinuje jemnost barvy \u0161\u0148\u016frky s elegantn\u00edm leskem st\u0159\u00edbrn\u00e9 a k\u0159i\u0161\u0165\u00e1lov\u00e9 ozdoby. Skv\u011ble se hod\u00ed jako romantick\u00fd akcent ke ka\u017edodenn\u00edmu i ve\u010dern\u00edmu oble\u010den\u00ed.<\/p>","protected":false},"featured_media":9830,"comment_status":"closed","ping_status":"closed","template":"","meta":{"om_disable_all_campaigns":false},"product_brand":[2284,2350],"product_cat":[43,1392,1863,1817],"product_tag":[1401,2467,2454,2332,1414,2427,2426,1410],"class_list":{"0":"post-13430","1":"product","2":"type-product","3":"status-publish","4":"has-post-thumbnail","6":"product_brand-staviori","7":"product_brand-verona","8":"product_cat-bransoletki","9":"product_cat-damskie","10":"product_cat-srebrna-bransoletka","11":"product_cat-srebro-2","12":"product_tag-bransoletka","13":"product_tag-bsc6362","14":"product_tag-cyrkonia","15":"product_tag-prezent","16":"product_tag-serce","17":"product_tag-srebro-925","18":"product_tag-srebro-rodowane","19":"product_tag-sznurek","20":"pa_kamien-cyrkonia","21":"pa_kruszec-srebro-rodowane","22":"pa_kruszec-sznurek","23":"pa_proba-0-925","24":"pa_waga-g","25":"pa_wymiary-10x11mm","27":"first","28":"instock","29":"taxable","30":"shipping-taxable","31":"purchasable","32":"product-type-simple"},"aioseo_notices":[],"_links":{"self":[{"href":"https:\/\/staviori.com.pl\/cs\/wp-json\/wp\/v2\/product\/13430","targetHints":{"allow":["GET"]}}],"collection":[{"href":"https:\/\/staviori.com.pl\/cs\/wp-json\/wp\/v2\/product"}],"about":[{"href":"https:\/\/staviori.com.pl\/cs\/wp-json\/wp\/v2\/types\/product"}],"replies":[{"embeddable":true,"href":"https:\/\/staviori.com.pl\/cs\/wp-json\/wp\/v2\/comments?post=13430"}],"wp:featuredmedia":[{"embeddable":true,"href":"https:\/\/staviori.com.pl\/cs\/wp-json\/wp\/v2\/media\/9830"}],"wp:attachment":[{"href":"https:\/\/staviori.com.pl\/cs\/wp-json\/wp\/v2\/media?parent=13430"}],"wp:term":[{"taxonomy":"product_brand","embeddable":true,"href":"https:\/\/staviori.com.pl\/cs\/wp-json\/wp\/v2\/product_brand?post=13430"},{"taxonomy":"product_cat","embeddable":true,"href":"https:\/\/staviori.com.pl\/cs\/wp-json\/wp\/v2\/product_cat?post=13430"},{"taxonomy":"product_tag","embeddable":true,"href":"https:\/\/staviori.com.pl\/cs\/wp-json\/wp\/v2\/product_tag?post=13430"}],"curies":[{"name":"wp","href":"https:\/\/api.w.org\/{rel}","templated":true}]}}