{"id":13429,"date":"2025-02-24T22:44:37","date_gmt":"2025-02-24T21:44:37","guid":{"rendered":"https:\/\/staviori.com.pl\/product\/srebrna-bransoletka-bsc6309\/"},"modified":"2026-02-11T00:08:24","modified_gmt":"2026-02-10T23:08:24","slug":"srebrna-bransoletka-bsc6309","status":"publish","type":"product","link":"https:\/\/staviori.com.pl\/cs\/product\/srebrna-bransoletka-bsc6309\/","title":{"rendered":"St\u0159\u00edbrn\u00fd n\u00e1ramek se srd\u00ed\u010dky a zirkony - BSC6309"},"content":{"rendered":"<p>Model: BSC6309<br \/>\nHmotnost p\u0159ibli\u017en\u011b 1 g<\/p>\n<p>N\u00e1ramek 19 cm.<br \/>\nSt\u0159\u00edbro 0,925.<br \/>\nZirkonie.<br \/>\nNastaviteln\u00e1 d\u00e9lka 17 cm - 19 cm.<\/p>","protected":false},"excerpt":{"rendered":"<p>Jemn\u00fd n\u00e1ramek z rhodiovan\u00e9ho st\u0159\u00edbra, srdce osazen\u00e9 t\u0159pytiv\u00fdmi zirkony, jejich\u017e precizn\u00ed v\u00fdbrus imituje briliantov\u00fd lesk. D\u00edky nastaviteln\u00e9 d\u00e9lce \u0161perk dokonale padne na z\u00e1p\u011bst\u00ed. Elegantn\u00ed minimalistick\u00fd design p\u0159edur\u010duje n\u00e1ramek ke ka\u017edodenn\u00edmu no\u0161en\u00ed i ke zvl\u00e1\u0161tn\u00edm p\u0159\u00edle\u017eitostem.<\/p>","protected":false},"featured_media":792,"comment_status":"closed","ping_status":"closed","template":"","meta":{"om_disable_all_campaigns":false},"product_brand":[2284,2350],"product_cat":[43,1392,1863,1817],"product_tag":[1401,2466,2454,2448,2455,1414,2427],"class_list":{"0":"post-13429","1":"product","2":"type-product","3":"status-publish","4":"has-post-thumbnail","6":"product_brand-staviori","7":"product_brand-verona","8":"product_cat-bransoletki","9":"product_cat-damskie","10":"product_cat-srebrna-bransoletka","11":"product_cat-srebro-2","12":"product_tag-bransoletka","13":"product_tag-bsc6309","14":"product_tag-cyrkonia","15":"product_tag-regulowana-bransoletka","16":"product_tag-rodowane-srebro","17":"product_tag-serce","18":"product_tag-srebro-925","19":"pa_kamien-cyrkonia","20":"pa_kruszec-srebro","21":"pa_proba-0-925","22":"pa_waga-1g","24":"first","25":"instock","26":"taxable","27":"shipping-taxable","28":"purchasable","29":"product-type-simple"},"aioseo_notices":[],"_links":{"self":[{"href":"https:\/\/staviori.com.pl\/cs\/wp-json\/wp\/v2\/product\/13429","targetHints":{"allow":["GET"]}}],"collection":[{"href":"https:\/\/staviori.com.pl\/cs\/wp-json\/wp\/v2\/product"}],"about":[{"href":"https:\/\/staviori.com.pl\/cs\/wp-json\/wp\/v2\/types\/product"}],"replies":[{"embeddable":true,"href":"https:\/\/staviori.com.pl\/cs\/wp-json\/wp\/v2\/comments?post=13429"}],"wp:featuredmedia":[{"embeddable":true,"href":"https:\/\/staviori.com.pl\/cs\/wp-json\/wp\/v2\/media\/792"}],"wp:attachment":[{"href":"https:\/\/staviori.com.pl\/cs\/wp-json\/wp\/v2\/media?parent=13429"}],"wp:term":[{"taxonomy":"product_brand","embeddable":true,"href":"https:\/\/staviori.com.pl\/cs\/wp-json\/wp\/v2\/product_brand?post=13429"},{"taxonomy":"product_cat","embeddable":true,"href":"https:\/\/staviori.com.pl\/cs\/wp-json\/wp\/v2\/product_cat?post=13429"},{"taxonomy":"product_tag","embeddable":true,"href":"https:\/\/staviori.com.pl\/cs\/wp-json\/wp\/v2\/product_tag?post=13429"}],"curies":[{"name":"wp","href":"https:\/\/api.w.org\/{rel}","templated":true}]}}