{"id":13428,"date":"2025-02-24T22:44:37","date_gmt":"2025-02-24T21:44:37","guid":{"rendered":"https:\/\/staviori.com.pl\/product\/srebrna-bransoletka-bsc6256\/"},"modified":"2026-04-26T01:30:44","modified_gmt":"2026-04-25T23:30:44","slug":"srebrna-bransoletka-bsc6256","status":"publish","type":"product","link":"https:\/\/staviori.com.pl\/cs\/product\/srebrna-bransoletka-bsc6256\/","title":{"rendered":"Nastaviteln\u00fd st\u0159\u00edbrn\u00fd jemn\u00fd n\u00e1ramek - BSC6256"},"content":{"rendered":"<p>Model: BSC6256<br \/>\nHmotnost p\u0159ibli\u017en\u011b 1,15 g<\/p>\n<p>N\u00e1ramek 19 cm.<br \/>\nSt\u0159\u00edbro 0,925.<br \/>\n\u0160\u00ed\u0159ka 4 mm.<br \/>\nNastaviteln\u00e1 d\u00e9lka 17 cm - 19 cm.<\/p>","protected":false},"excerpt":{"rendered":"<p>Jemn\u00fd n\u00e1ramek z rhodiovan\u00e9ho st\u0159\u00edbra s nastavitelnou d\u00e9lkou 17-19 cm. \u0160t\u00edhl\u00fd 4mm \u0159em\u00ednek wida jemn\u011b obep\u00edn\u00e1 z\u00e1p\u011bst\u00ed a d\u00edky klasick\u00e9mu designu se \u0161perk hod\u00ed ke ka\u017ed\u00e9mu oble\u010den\u00ed - od le\u017e\u00e9rn\u00edho p\u0159es pracovn\u00ed a\u017e po ve\u010dern\u00ed. Univerz\u00e1ln\u00ed styl a p\u0159izp\u016fsobiv\u00e1 d\u00e9lka zaru\u010duj\u00ed pohodln\u00e9 no\u0161en\u00ed a elegantn\u00ed vzhled.<\/p>","protected":false},"featured_media":783,"comment_status":"closed","ping_status":"closed","template":"","meta":{"om_disable_all_campaigns":false},"product_brand":[2284,2350],"product_cat":[43,1392,1863,1817],"product_tag":[1401,2462,2448,2427,2426],"class_list":{"0":"post-13428","1":"product","2":"type-product","3":"status-publish","4":"has-post-thumbnail","6":"product_brand-staviori","7":"product_brand-verona","8":"product_cat-bransoletki","9":"product_cat-damskie","10":"product_cat-srebrna-bransoletka","11":"product_cat-srebro-2","12":"product_tag-bransoletka","13":"product_tag-bsc6256","14":"product_tag-regulowana-bransoletka","15":"product_tag-srebro-925","16":"product_tag-srebro-rodowane","17":"pa_kruszec-srebro","18":"pa_proba-0-925","19":"pa_rozmiar-19cm","20":"pa_szerokosc-4mm","21":"pa_waga-1-15g","23":"first","24":"instock","25":"taxable","26":"shipping-taxable","27":"purchasable","28":"product-type-simple"},"aioseo_notices":[],"_links":{"self":[{"href":"https:\/\/staviori.com.pl\/cs\/wp-json\/wp\/v2\/product\/13428","targetHints":{"allow":["GET"]}}],"collection":[{"href":"https:\/\/staviori.com.pl\/cs\/wp-json\/wp\/v2\/product"}],"about":[{"href":"https:\/\/staviori.com.pl\/cs\/wp-json\/wp\/v2\/types\/product"}],"replies":[{"embeddable":true,"href":"https:\/\/staviori.com.pl\/cs\/wp-json\/wp\/v2\/comments?post=13428"}],"wp:featuredmedia":[{"embeddable":true,"href":"https:\/\/staviori.com.pl\/cs\/wp-json\/wp\/v2\/media\/783"}],"wp:attachment":[{"href":"https:\/\/staviori.com.pl\/cs\/wp-json\/wp\/v2\/media?parent=13428"}],"wp:term":[{"taxonomy":"product_brand","embeddable":true,"href":"https:\/\/staviori.com.pl\/cs\/wp-json\/wp\/v2\/product_brand?post=13428"},{"taxonomy":"product_cat","embeddable":true,"href":"https:\/\/staviori.com.pl\/cs\/wp-json\/wp\/v2\/product_cat?post=13428"},{"taxonomy":"product_tag","embeddable":true,"href":"https:\/\/staviori.com.pl\/cs\/wp-json\/wp\/v2\/product_tag?post=13428"}],"curies":[{"name":"wp","href":"https:\/\/api.w.org\/{rel}","templated":true}]}}