{"id":13416,"date":"2025-02-24T22:44:37","date_gmt":"2025-02-24T21:44:37","guid":{"rendered":"https:\/\/staviori.com.pl\/product\/srebrna-bransoletka-bsc5823\/"},"modified":"2026-04-24T09:39:10","modified_gmt":"2026-04-24T07:39:10","slug":"srebrna-bransoletka-bsc5823","status":"publish","type":"product","link":"https:\/\/staviori.com.pl\/cs\/product\/srebrna-bransoletka-bsc5823\/","title":{"rendered":"St\u0159\u00edbrn\u00fd nastaviteln\u00fd n\u00e1ramek se srd\u00ed\u010dky - BSC5823"},"content":{"rendered":"<p>Model: BSC5823<br \/>\nHmotnost p\u0159ibli\u017en\u011b 2,10 g<\/p>\n<p>N\u00e1ramek<br \/>\nSt\u0159\u00edbro 0,925.<br \/>\nD\u0142ugo\u015b\u0107 regulowana 18cm &#8211; 20cm.<\/p>\n<p>Mo\u017cliwo\u015b\u0107 regulacji d\u0142ugo\u015bci. <\/p>","protected":false},"excerpt":{"rendered":"<p>Delikatna bransoletka z wysokiej jako\u015bci srebra pr\u00f3by 0,925, ozdobiona uroczymi zawieszkami w kszta\u0142cie serduszek. Regulowana d\u0142ugo\u015b\u0107 od 18 do 20 cm pozwala na idealne dopasowanie do nadgarstka. Subtelny, romantyczny wz\u00f3r sprawia, \u017ce to doskona\u0142y pomys\u0142 na prezent dla ukochanej osoby. Idealna dla dziecka jak i osoby doros\u0142ej.<\/p>","protected":false},"featured_media":16996,"comment_status":"closed","ping_status":"closed","template":"","meta":{"om_disable_all_campaigns":false},"product_brand":[2284,2350],"product_cat":[43,1392,1863,1817],"product_tag":[1401,2469,2470,2471,2332,2448,2468,2427],"class_list":{"0":"post-13416","1":"product","2":"type-product","3":"status-publish","4":"has-post-thumbnail","6":"product_brand-staviori","7":"product_brand-verona","8":"product_cat-bransoletki","9":"product_cat-damskie","10":"product_cat-srebrna-bransoletka","11":"product_cat-srebro-2","12":"product_tag-bransoletka","13":"product_tag-bsc5823","14":"product_tag-dziecko","15":"product_tag-dziewczynka","16":"product_tag-prezent","17":"product_tag-regulowana-bransoletka","18":"product_tag-serduszka","19":"product_tag-srebro-925","20":"pa_kruszec-srebro","21":"pa_kruszec-srebro-rodowane","22":"pa_motyw-serce","23":"pa_proba-0-925","24":"pa_waga-2-10g","26":"first","27":"instock","28":"taxable","29":"shipping-taxable","30":"purchasable","31":"product-type-simple"},"aioseo_notices":[],"_links":{"self":[{"href":"https:\/\/staviori.com.pl\/cs\/wp-json\/wp\/v2\/product\/13416","targetHints":{"allow":["GET"]}}],"collection":[{"href":"https:\/\/staviori.com.pl\/cs\/wp-json\/wp\/v2\/product"}],"about":[{"href":"https:\/\/staviori.com.pl\/cs\/wp-json\/wp\/v2\/types\/product"}],"replies":[{"embeddable":true,"href":"https:\/\/staviori.com.pl\/cs\/wp-json\/wp\/v2\/comments?post=13416"}],"wp:featuredmedia":[{"embeddable":true,"href":"https:\/\/staviori.com.pl\/cs\/wp-json\/wp\/v2\/media\/16996"}],"wp:attachment":[{"href":"https:\/\/staviori.com.pl\/cs\/wp-json\/wp\/v2\/media?parent=13416"}],"wp:term":[{"taxonomy":"product_brand","embeddable":true,"href":"https:\/\/staviori.com.pl\/cs\/wp-json\/wp\/v2\/product_brand?post=13416"},{"taxonomy":"product_cat","embeddable":true,"href":"https:\/\/staviori.com.pl\/cs\/wp-json\/wp\/v2\/product_cat?post=13416"},{"taxonomy":"product_tag","embeddable":true,"href":"https:\/\/staviori.com.pl\/cs\/wp-json\/wp\/v2\/product_tag?post=13416"}],"curies":[{"name":"wp","href":"https:\/\/api.w.org\/{rel}","templated":true}]}}