{"id":13413,"date":"2025-02-24T22:44:37","date_gmt":"2025-02-24T21:44:37","guid":{"rendered":"https:\/\/staviori.com.pl\/product\/bizuteria-inwestycyjna-bransoletka-brd4043\/"},"modified":"2026-02-11T00:08:23","modified_gmt":"2026-02-10T23:08:23","slug":"bizuteria-inwestycyjna-bransoletka-brd4043","status":"publish","type":"product","link":"https:\/\/staviori.com.pl\/cs\/product\/bizuteria-inwestycyjna-bransoletka-brd4043\/","title":{"rendered":"Exkluzivn\u011b | Tuh\u00fd n\u00e1ramek z r\u016f\u017eov\u00e9ho zlata s ametysty a diamanty - BRD4043"},"content":{"rendered":"<p>Model: BRD4043<br \/>\nWaga ok. 14,00g<\/p>\n<p>N\u00e1ramek 19 cm.<br \/>\nR\u016f\u017eov\u00e9 zlato 0,750.<br \/>\n98 Diament\u00f3w, szlif brylantowy, o masie 2,55 ct., barwa G, czysto\u015b\u0107 SI1-SI2.<\/p>\n<p>Wymiary 14&#215;10 mm.<br \/>\nGrubo\u015b\u0107 8.9 mm.<br \/>\nSzeroko\u015b\u0107 2.4 mm.<br \/>\nWymiary kamieni ok. 10&#215;6 mm.<\/p>\n<p><strong>Produkt je k dispozici pouze na vy\u017e\u00e1d\u00e1n\u00ed, doba dod\u00e1n\u00ed cca 5 t\u00fddn\u016f.<\/strong><\/p>","protected":false},"excerpt":{"rendered":"<p>Przepi\u0119kna bransoleta z 18-karatowego r\u00f3\u017cowego z\u0142ota pr\u00f3by 0,750, wysadzana 98 misternie oszlifowanymi brylantami o \u0142\u0105cznej masie 2,55ct (barwa G, czysto\u015b\u0107 SI1-SI2). Ko\u0144ce ozdobiono dwoma delikatnymi ametystami otoczonymi l\u015bni\u0105cym ametystami, co tworzy zjawiskowy kontrast ciep\u0142ej barwy z\u0142ota i fioletu kamieni. Elastyczna, lekko otwarta forma sprawia, \u017ce bransoletka pi\u0119knie otula nadgarstek, emanuj\u0105c subtelnym, luksusowym blaskiem.<\/p>","protected":false},"featured_media":746,"comment_status":"closed","ping_status":"closed","template":"","meta":{"om_disable_all_campaigns":false},"product_brand":[2284],"product_cat":[6893,43,1803,1392],"product_tag":[2338,2472,2295,2473,2301,2280,2332,2336,2341],"class_list":{"0":"post-13413","1":"product","2":"type-product","3":"status-publish","4":"has-post-thumbnail","6":"product_brand-staviori","7":"product_cat-bransoletka","8":"product_cat-bransoletki","9":"product_cat-brylanty-exclusive","10":"product_cat-damskie","11":"product_tag-18k","12":"product_tag-ametyst","13":"product_tag-bransoleta","14":"product_tag-brd4043","15":"product_tag-brylanty","16":"product_tag-luksusowa-bizuteria","17":"product_tag-prezent","18":"product_tag-rozowe-zloto","19":"product_tag-zloto-750","20":"pa_barwa-g","21":"pa_czystosc-si1","22":"pa_grubosc-8-9mm","23":"pa_kamien-diamenty","24":"pa_kamien-ametysty","25":"pa_kamien-brylanty","26":"pa_kolor-rozowe","27":"pa_kruszec-zloto","28":"pa_proba-0-750","29":"pa_rozmiar-19cm","30":"pa_waga-14-00g","31":"pa_wymiary-14x10mm","33":"first","34":"onbackorder","35":"taxable","36":"shipping-taxable","37":"purchasable","38":"product-type-simple"},"aioseo_notices":[],"_links":{"self":[{"href":"https:\/\/staviori.com.pl\/cs\/wp-json\/wp\/v2\/product\/13413","targetHints":{"allow":["GET"]}}],"collection":[{"href":"https:\/\/staviori.com.pl\/cs\/wp-json\/wp\/v2\/product"}],"about":[{"href":"https:\/\/staviori.com.pl\/cs\/wp-json\/wp\/v2\/types\/product"}],"replies":[{"embeddable":true,"href":"https:\/\/staviori.com.pl\/cs\/wp-json\/wp\/v2\/comments?post=13413"}],"wp:featuredmedia":[{"embeddable":true,"href":"https:\/\/staviori.com.pl\/cs\/wp-json\/wp\/v2\/media\/746"}],"wp:attachment":[{"href":"https:\/\/staviori.com.pl\/cs\/wp-json\/wp\/v2\/media?parent=13413"}],"wp:term":[{"taxonomy":"product_brand","embeddable":true,"href":"https:\/\/staviori.com.pl\/cs\/wp-json\/wp\/v2\/product_brand?post=13413"},{"taxonomy":"product_cat","embeddable":true,"href":"https:\/\/staviori.com.pl\/cs\/wp-json\/wp\/v2\/product_cat?post=13413"},{"taxonomy":"product_tag","embeddable":true,"href":"https:\/\/staviori.com.pl\/cs\/wp-json\/wp\/v2\/product_tag?post=13413"}],"curies":[{"name":"wp","href":"https:\/\/api.w.org\/{rel}","templated":true}]}}