{"id":13411,"date":"2025-02-24T22:44:37","date_gmt":"2025-02-24T21:44:37","guid":{"rendered":"https:\/\/staviori.com.pl\/product\/bizuteria-inwestycyjna-bransoletka-brd3989\/"},"modified":"2026-02-11T00:08:23","modified_gmt":"2026-02-10T23:08:23","slug":"bizuteria-inwestycyjna-bransoletka-brd3989","status":"publish","type":"product","link":"https:\/\/staviori.com.pl\/cs\/product\/bizuteria-inwestycyjna-bransoletka-brd3989\/","title":{"rendered":"Exkluzivn\u00ed | \u0158et\u00edzkov\u00fd n\u00e1ramek s \u010dern\u00fdmi diamanty z 18kar\u00e1tov\u00e9ho r\u016f\u017eov\u00e9ho zlata"},"content":{"rendered":"<p>Model: DDB0153B<br \/>\nWaga ok. 35,27g<\/p>\n<p>N\u00e1ramek 18 cm.<br \/>\nR\u016f\u017eov\u00e9 zlato 0,750.<br \/>\n1340 Diament\u00f3w, kolor czarny, szlif brylantowy, o masie 12,14ct.<\/p>\n<p>\u0160\u00ed\u0159ka 12,5 mm.<br \/>\nTlou\u0161\u0165ka 5 mm.<\/p>\n<p><strong>Produkt je k dispozici pouze na vy\u017e\u00e1d\u00e1n\u00ed, doba dod\u00e1n\u00ed cca 5 t\u00fddn\u016f.<\/strong><\/p>","protected":false},"excerpt":{"rendered":"<p>Zmys\u0142owa bransoleta z 18-karatowego r\u00f3\u017cowego z\u0142ota pr\u00f3by 0,750, wysadzana 1 340 czarnymi brylantami o \u0142\u0105cznej masie 12,14 ct. G\u0119sty splot ogniw emanuje intensywnym, aksamitnym blaskiem, tworz\u0105c awangardowy i jednocze\u015bnie niezwykle kobiecy akcent. Idealna dla mi\u0142o\u015bniczek odwa\u017cnych, a zarazem eleganckich dodatk\u00f3w.<\/p>","protected":false},"featured_media":740,"comment_status":"closed","ping_status":"closed","template":"","meta":{"om_disable_all_campaigns":false},"product_brand":[2284],"product_cat":[6893,43,1803,1392,2421],"product_tag":[2338,2293,2295,2479,2478,2480,2280,2332,2336,2341],"class_list":{"0":"post-13411","1":"product","2":"type-product","3":"status-publish","4":"has-post-thumbnail","6":"product_brand-staviori","7":"product_cat-bransoletka","8":"product_cat-bransoletki","9":"product_cat-brylanty-exclusive","10":"product_cat-damskie","11":"product_cat-meskie","12":"product_tag-18k","13":"product_tag-bizuteria-na-zamowienie","14":"product_tag-bransoleta","15":"product_tag-brd3989","16":"product_tag-czarne-brylanty","17":"product_tag-ddb0153b","18":"product_tag-luksusowa-bizuteria","19":"product_tag-prezent","20":"product_tag-rozowe-zloto","21":"product_tag-zloto-750","22":"pa_grubosc-5mm","23":"pa_kamien-czarne-diamenty","24":"pa_kolor-rozowe","25":"pa_kruszec-zloto","26":"pa_proba-0-750","27":"pa_rozmiar-18cm","28":"pa_szerokosc-12-5mm","29":"pa_waga-35-27g","31":"first","32":"onbackorder","33":"purchasable","34":"product-type-simple"},"aioseo_notices":[],"_links":{"self":[{"href":"https:\/\/staviori.com.pl\/cs\/wp-json\/wp\/v2\/product\/13411","targetHints":{"allow":["GET"]}}],"collection":[{"href":"https:\/\/staviori.com.pl\/cs\/wp-json\/wp\/v2\/product"}],"about":[{"href":"https:\/\/staviori.com.pl\/cs\/wp-json\/wp\/v2\/types\/product"}],"replies":[{"embeddable":true,"href":"https:\/\/staviori.com.pl\/cs\/wp-json\/wp\/v2\/comments?post=13411"}],"wp:featuredmedia":[{"embeddable":true,"href":"https:\/\/staviori.com.pl\/cs\/wp-json\/wp\/v2\/media\/740"}],"wp:attachment":[{"href":"https:\/\/staviori.com.pl\/cs\/wp-json\/wp\/v2\/media?parent=13411"}],"wp:term":[{"taxonomy":"product_brand","embeddable":true,"href":"https:\/\/staviori.com.pl\/cs\/wp-json\/wp\/v2\/product_brand?post=13411"},{"taxonomy":"product_cat","embeddable":true,"href":"https:\/\/staviori.com.pl\/cs\/wp-json\/wp\/v2\/product_cat?post=13411"},{"taxonomy":"product_tag","embeddable":true,"href":"https:\/\/staviori.com.pl\/cs\/wp-json\/wp\/v2\/product_tag?post=13411"}],"curies":[{"name":"wp","href":"https:\/\/api.w.org\/{rel}","templated":true}]}}