{"id":13406,"date":"2025-02-24T22:44:33","date_gmt":"2025-02-24T21:44:33","guid":{"rendered":"https:\/\/staviori.com.pl\/product\/bransoletka-z-brylantami-br1753\/"},"modified":"2026-02-11T00:08:23","modified_gmt":"2026-02-10T23:08:23","slug":"bransoletka-z-brylantami-br1753","status":"publish","type":"product","link":"https:\/\/staviori.com.pl\/cs\/product\/bransoletka-z-brylantami-br1753\/","title":{"rendered":"Zlat\u00fd n\u00e1ramek s diamanty BR1753"},"content":{"rendered":"<p>Model: BR1753<br \/>\nHmotnost p\u0159ibli\u017en\u011b 1,48 g<\/p>\n<p>N\u00e1ramek 18 cm.<br \/>\nB\u00edl\u00e9, r\u016f\u017eov\u00e9 zlato 0,585.<br \/>\n11 diamant\u016f, briliantov\u00fd brus, hmotnost 0,06ct, barva G, \u010distota SI1.<\/p>\n<p>Rozm\u011bry 10 \u00d7 23 mm.<br \/>\n\u0160\u00ed\u0159ka 3,9 mm.<\/p>\n<p>Produkt je k dispozici pouze na vy\u017e\u00e1d\u00e1n\u00ed, doba dod\u00e1n\u00ed cca 4 t\u00fddny.<br \/>\nVyb\u00edrat m\u016f\u017eete ze zlat\u00fdch barev.<\/p>","protected":false},"excerpt":{"rendered":"<p>Jemn\u00fd n\u00e1ramek se symbolem nekone\u010dna, vyroben\u00fd z kombinace b\u00edl\u00e9ho a r\u016f\u017eov\u00e9ho zlata o ryzosti 0,585. Jemn\u00e9 srd\u00ed\u010dko s n\u00e1pisem \u221e dod\u00e1v\u00e1 cel\u00e9mu \u0161perku mimo\u0159\u00e1dn\u011b romantick\u00fd charakter. Jeden\u00e1ct diamant\u016f o celkov\u00e9 v\u00e1ze 0,06 ct se p\u0159i ka\u017ed\u00e9m pohybu n\u00e1dhern\u011b rozz\u00e1\u0159\u00ed a dodaj\u00ed mu jiskru a eleganci. Ide\u00e1ln\u00ed volba pro d\u00e1rek pln\u00fd symboliky l\u00e1sky a v\u011b\u010dnosti.<\/p>\n<p>https:\/\/www.youtube.com\/watch?v=EMs-rF_SYNQ<\/p>","protected":false},"featured_media":731,"comment_status":"closed","ping_status":"closed","template":"","meta":{"om_disable_all_campaigns":false},"product_brand":[2284],"product_cat":[1839,43,1838],"product_tag":[6228,6230,6224,2275,2547,6206,6227,6229,6225,6226],"class_list":{"0":"post-13406","1":"product","2":"type-product","3":"status-publish","4":"has-post-thumbnail","6":"product_brand-staviori","7":"product_cat-bransoletka-z-brylantami","8":"product_cat-bransoletki","9":"product_cat-diamenty","10":"product_tag-armband-gold-diamanten","11":"product_tag-bizuteria-zlota-z-diamentami","12":"product_tag-bransoletka-nieskonczonosc","13":"product_tag-bransoletka-z-diamentami","14":"product_tag-bransoletka-zlota","15":"product_tag-diamond-bracelet","16":"product_tag-infinity-bracelet","17":"product_tag-naramek-zlato-diamanty","18":"product_tag-zloto-biale-585","19":"product_tag-zloto-rozowe-585","20":"pa_barwa-g-2","21":"pa_czystosc-si1","22":"pa_dostawca-estrella","23":"pa_kamien-diamenty","24":"pa_kolor-biale","25":"pa_kruszec-zloto","26":"pa_motyw-nieskonczonosc","27":"pa_motyw-serce","28":"pa_proba-0-585","29":"pa_rozmiar-18cm","30":"pa_szerokosc-3-9mm","31":"pa_szlif-brylantowy-okragly","32":"pa_waga-1-48g","33":"pa_wymiary-10x23mm","35":"first","36":"onbackorder","37":"purchasable","38":"product-type-simple"},"aioseo_notices":[],"_links":{"self":[{"href":"https:\/\/staviori.com.pl\/cs\/wp-json\/wp\/v2\/product\/13406","targetHints":{"allow":["GET"]}}],"collection":[{"href":"https:\/\/staviori.com.pl\/cs\/wp-json\/wp\/v2\/product"}],"about":[{"href":"https:\/\/staviori.com.pl\/cs\/wp-json\/wp\/v2\/types\/product"}],"replies":[{"embeddable":true,"href":"https:\/\/staviori.com.pl\/cs\/wp-json\/wp\/v2\/comments?post=13406"}],"wp:featuredmedia":[{"embeddable":true,"href":"https:\/\/staviori.com.pl\/cs\/wp-json\/wp\/v2\/media\/731"}],"wp:attachment":[{"href":"https:\/\/staviori.com.pl\/cs\/wp-json\/wp\/v2\/media?parent=13406"}],"wp:term":[{"taxonomy":"product_brand","embeddable":true,"href":"https:\/\/staviori.com.pl\/cs\/wp-json\/wp\/v2\/product_brand?post=13406"},{"taxonomy":"product_cat","embeddable":true,"href":"https:\/\/staviori.com.pl\/cs\/wp-json\/wp\/v2\/product_cat?post=13406"},{"taxonomy":"product_tag","embeddable":true,"href":"https:\/\/staviori.com.pl\/cs\/wp-json\/wp\/v2\/product_tag?post=13406"}],"curies":[{"name":"wp","href":"https:\/\/api.w.org\/{rel}","templated":true}]}}