{"id":13403,"date":"2025-02-24T22:44:33","date_gmt":"2025-02-24T21:44:33","guid":{"rendered":"https:\/\/staviori.com.pl\/product\/srebrna-bransoletka-bmm6032\/"},"modified":"2026-04-17T11:00:29","modified_gmt":"2026-04-17T09:00:29","slug":"srebrna-bransoletka-bmm6032","status":"publish","type":"product","link":"https:\/\/staviori.com.pl\/cs\/product\/srebrna-bransoletka-bmm6032\/","title":{"rendered":"St\u0159\u00edbrn\u00fd rhodiovan\u00fd p\u00e1nsk\u00fd n\u00e1ramek 21 cm"},"content":{"rendered":"<p>Model: BMM6032<br \/>\nHmotnost p\u0159ibli\u017en\u011b 3,30 g<\/p>\n<p>N\u00e1ramek 21 cm.<br \/>\n0,925 rhodiovan\u00e9 st\u0159\u00edbro.<\/p>","protected":false},"excerpt":{"rendered":"<p>Elegancka bransoleta m\u0119ska wykonana ze srebra rodowanego pr\u00f3by 0,925. Klasyczny splot o subtelnym po\u0142ysku podkre\u015bla nowoczesny charakter bi\u017cuterii, a rodowana powierzchnia gwarantuje trwa\u0142o\u015b\u0107 i odporno\u015b\u0107 na matowienie. Idealny dodatek zar\u00f3wno do codziennych stylizacji, jak i eleganckich okazji.<\/p>","protected":false},"featured_media":21359,"comment_status":"closed","ping_status":"closed","template":"","meta":{"om_disable_all_campaigns":false},"product_brand":[2284,2350],"product_cat":[43,2421,1863,1817],"product_tag":[6220,6223,6217,6216,6219,6221,2455,6218,3101,6222,2427],"class_list":{"0":"post-13403","1":"product","2":"type-product","3":"status-publish","4":"has-post-thumbnail","6":"product_brand-staviori","7":"product_brand-verona","8":"product_cat-bransoletki","9":"product_cat-meskie","10":"product_cat-srebrna-bransoletka","11":"product_cat-srebro-2","12":"product_tag-armband-silber","13":"product_tag-bizuteria-meska-srebrna","14":"product_tag-bransoleta-meska","15":"product_tag-bransoleta-srebrna","16":"product_tag-mens-silver-bracelet","17":"product_tag-pansky-naramek-stribrny","18":"product_tag-rodowane-srebro","19":"product_tag-silver-bracelet","20":"product_tag-srebrna-bizuteria","21":"product_tag-srebrna-bransoletka-meska-925","22":"product_tag-srebro-925","23":"pa_kruszec-srebro-rodowane","24":"pa_proba-0-925","25":"pa_rozmiar-21cm","26":"pa_waga-3-30g","28":"first","29":"outofstock","30":"purchasable","31":"product-type-simple"},"aioseo_notices":[],"_links":{"self":[{"href":"https:\/\/staviori.com.pl\/cs\/wp-json\/wp\/v2\/product\/13403","targetHints":{"allow":["GET"]}}],"collection":[{"href":"https:\/\/staviori.com.pl\/cs\/wp-json\/wp\/v2\/product"}],"about":[{"href":"https:\/\/staviori.com.pl\/cs\/wp-json\/wp\/v2\/types\/product"}],"replies":[{"embeddable":true,"href":"https:\/\/staviori.com.pl\/cs\/wp-json\/wp\/v2\/comments?post=13403"}],"wp:featuredmedia":[{"embeddable":true,"href":"https:\/\/staviori.com.pl\/cs\/wp-json\/wp\/v2\/media\/21359"}],"wp:attachment":[{"href":"https:\/\/staviori.com.pl\/cs\/wp-json\/wp\/v2\/media?parent=13403"}],"wp:term":[{"taxonomy":"product_brand","embeddable":true,"href":"https:\/\/staviori.com.pl\/cs\/wp-json\/wp\/v2\/product_brand?post=13403"},{"taxonomy":"product_cat","embeddable":true,"href":"https:\/\/staviori.com.pl\/cs\/wp-json\/wp\/v2\/product_cat?post=13403"},{"taxonomy":"product_tag","embeddable":true,"href":"https:\/\/staviori.com.pl\/cs\/wp-json\/wp\/v2\/product_tag?post=13403"}],"curies":[{"name":"wp","href":"https:\/\/api.w.org\/{rel}","templated":true}]}}