{"id":13397,"date":"2025-02-24T22:44:33","date_gmt":"2025-02-24T21:44:33","guid":{"rendered":"https:\/\/staviori.com.pl\/product\/srebrna-bransoletka-bmm5686\/"},"modified":"2026-04-13T08:50:15","modified_gmt":"2026-04-13T06:50:15","slug":"srebrna-bransoletka-bmm5686","status":"publish","type":"product","link":"https:\/\/staviori.com.pl\/cs\/product\/srebrna-bransoletka-bmm5686\/","title":{"rendered":"Srebrna bransoleta pancerka m\u0119ska pe\u0142na &#8211; BMM5686"},"content":{"rendered":"<p>Model: BMM5686<br \/>\nHmotnost p\u0159ibli\u017en\u011b 13,10 g<\/p>\n<p>N\u00e1ramek 21 cm.<br \/>\n0,925 rhodiovan\u00e9 st\u0159\u00edbro.<\/p>\n<p>\u0160\u00ed\u0159ka 8 mm.<\/p>\n<p>P\u00e1nsk\u00fd v\u00fdrobek<br \/>\nZap\u00edn\u00e1n\u00ed na karabinu.<\/p>","protected":false},"excerpt":{"rendered":"<p>Masivn\u00ed n\u00e1ramek z rhodiovan\u00e9ho st\u0159\u00edbra, d\u00e9lka 21 cm. Jeho v\u00fdrazn\u00fd, mu\u017en\u00fd charakter podtrhuje v\u00fdrazn\u00e1 vazba \u010dl\u00e1nk\u016f a kvalitn\u00ed povrchov\u00e1 \u00faprava, kter\u00e9 zaru\u010duj\u00ed odolnost a pohodln\u00e9 no\u0161en\u00ed. D\u00edky univerz\u00e1ln\u00edmu designu se n\u00e1ramek skv\u011ble hod\u00ed ke ka\u017edodenn\u00edmu i form\u00e1ln\u011bj\u0161\u00edmu oble\u010den\u00ed.<\/p>","protected":false},"featured_media":16963,"comment_status":"closed","ping_status":"closed","template":"","meta":{"om_disable_all_campaigns":false},"product_brand":[2284,2350],"product_cat":[1384,43,2421,1863,1817,145],"product_tag":[2443,2295,2440,2441,2442,2427,2426],"class_list":{"0":"post-13397","1":"product","2":"type-product","3":"status-publish","4":"has-post-thumbnail","6":"product_brand-staviori","7":"product_brand-verona","8":"product_cat-bizuteria","9":"product_cat-bransoletki","10":"product_cat-meskie","11":"product_cat-srebrna-bransoletka","12":"product_cat-srebro-2","13":"product_cat-srebro","14":"product_tag-bmm5686","15":"product_tag-bransoleta","16":"product_tag-bransoleta-pancerka","17":"product_tag-meska-bizuteria","18":"product_tag-prezent-dla-niego","19":"product_tag-srebro-925","20":"product_tag-srebro-rodowane","21":"pa_kruszec-srebro-rodowane","22":"pa_proba-0-925","23":"pa_rozmiar-21cm","24":"pa_szerokosc-8mm","25":"pa_waga-13-10g","27":"first","28":"outofstock","29":"taxable","30":"shipping-taxable","31":"purchasable","32":"product-type-simple"},"aioseo_notices":[],"_links":{"self":[{"href":"https:\/\/staviori.com.pl\/cs\/wp-json\/wp\/v2\/product\/13397","targetHints":{"allow":["GET"]}}],"collection":[{"href":"https:\/\/staviori.com.pl\/cs\/wp-json\/wp\/v2\/product"}],"about":[{"href":"https:\/\/staviori.com.pl\/cs\/wp-json\/wp\/v2\/types\/product"}],"replies":[{"embeddable":true,"href":"https:\/\/staviori.com.pl\/cs\/wp-json\/wp\/v2\/comments?post=13397"}],"wp:featuredmedia":[{"embeddable":true,"href":"https:\/\/staviori.com.pl\/cs\/wp-json\/wp\/v2\/media\/16963"}],"wp:attachment":[{"href":"https:\/\/staviori.com.pl\/cs\/wp-json\/wp\/v2\/media?parent=13397"}],"wp:term":[{"taxonomy":"product_brand","embeddable":true,"href":"https:\/\/staviori.com.pl\/cs\/wp-json\/wp\/v2\/product_brand?post=13397"},{"taxonomy":"product_cat","embeddable":true,"href":"https:\/\/staviori.com.pl\/cs\/wp-json\/wp\/v2\/product_cat?post=13397"},{"taxonomy":"product_tag","embeddable":true,"href":"https:\/\/staviori.com.pl\/cs\/wp-json\/wp\/v2\/product_tag?post=13397"}],"curies":[{"name":"wp","href":"https:\/\/api.w.org\/{rel}","templated":true}]}}