{"id":13396,"date":"2025-02-24T22:44:33","date_gmt":"2025-02-24T21:44:33","guid":{"rendered":"https:\/\/staviori.com.pl\/product\/srebrna-bransoletka-bdm4107\/"},"modified":"2026-02-23T13:34:55","modified_gmt":"2026-02-23T12:34:55","slug":"srebrna-bransoletka-bdm4107","status":"publish","type":"product","link":"https:\/\/staviori.com.pl\/cs\/product\/srebrna-bransoletka-bdm4107\/","title":{"rendered":"St\u0159\u00edbrn\u00fd markazitov\u00fd n\u00e1ramek - kv\u011btiny - BDM4107"},"content":{"rendered":"<p>Model: BDM4107<br \/>\nWaga ok. 11,80g<\/p>\n<p>N\u00e1ramek 18 cm.<br \/>\n0,925 rhodiovan\u00e9 st\u0159\u00edbro.<br \/>\nMarkazit\u00e9.<br \/>\nSzeroko\u015b\u0107 9.4-3 mm.<br \/>\nGrubo\u015b\u0107 5.35 mm.<\/p>","protected":false},"excerpt":{"rendered":"<p>Subtelna bransoleta z rodowanego srebra pr\u00f3by 0,925, zdobiona l\u015bni\u0105cymi markazytami. Finezyjny, lekko faluj\u0105cy uk\u0142ad kamieni tworzy harmonijn\u0105 kompozycj\u0119, kt\u00f3ra uwydatnia metaliczny po\u0142ysk i dodaje bi\u017cuterii artystycznego charakteru. Wyj\u0105tkowy design sprawia, \u017ce bransoletka doskonale uzupe\u0142ni zar\u00f3wno codzienne, jak i wieczorowe stylizacje.<\/p>","protected":false},"featured_media":707,"comment_status":"closed","ping_status":"closed","template":"","meta":{"om_disable_all_campaigns":false},"product_brand":[2284],"product_cat":[43,1392,1863,1817],"product_tag":[2444,1401,2425,2427,2426],"class_list":{"0":"post-13396","1":"product","2":"type-product","3":"status-publish","4":"has-post-thumbnail","6":"product_brand-staviori","7":"product_cat-bransoletki","8":"product_cat-damskie","9":"product_cat-srebrna-bransoletka","10":"product_cat-srebro-2","11":"product_tag-bdm4107","12":"product_tag-bransoletka","13":"product_tag-markazyty","14":"product_tag-srebro-925","15":"product_tag-srebro-rodowane","16":"pa_grubosc-5-35mm","17":"pa_kamien-markazyty","18":"pa_kruszec-srebro-rodowane","19":"pa_proba-0-925","20":"pa_rozmiar-18cm","21":"pa_szerokosc-9-4-3mm","22":"pa_waga-11-80g","24":"first","25":"instock","26":"taxable","27":"shipping-taxable","28":"purchasable","29":"product-type-simple"},"aioseo_notices":[],"_links":{"self":[{"href":"https:\/\/staviori.com.pl\/cs\/wp-json\/wp\/v2\/product\/13396","targetHints":{"allow":["GET"]}}],"collection":[{"href":"https:\/\/staviori.com.pl\/cs\/wp-json\/wp\/v2\/product"}],"about":[{"href":"https:\/\/staviori.com.pl\/cs\/wp-json\/wp\/v2\/types\/product"}],"replies":[{"embeddable":true,"href":"https:\/\/staviori.com.pl\/cs\/wp-json\/wp\/v2\/comments?post=13396"}],"wp:featuredmedia":[{"embeddable":true,"href":"https:\/\/staviori.com.pl\/cs\/wp-json\/wp\/v2\/media\/707"}],"wp:attachment":[{"href":"https:\/\/staviori.com.pl\/cs\/wp-json\/wp\/v2\/media?parent=13396"}],"wp:term":[{"taxonomy":"product_brand","embeddable":true,"href":"https:\/\/staviori.com.pl\/cs\/wp-json\/wp\/v2\/product_brand?post=13396"},{"taxonomy":"product_cat","embeddable":true,"href":"https:\/\/staviori.com.pl\/cs\/wp-json\/wp\/v2\/product_cat?post=13396"},{"taxonomy":"product_tag","embeddable":true,"href":"https:\/\/staviori.com.pl\/cs\/wp-json\/wp\/v2\/product_tag?post=13396"}],"curies":[{"name":"wp","href":"https:\/\/api.w.org\/{rel}","templated":true}]}}