{"id":13395,"date":"2025-02-24T22:44:33","date_gmt":"2025-02-24T21:44:33","guid":{"rendered":"https:\/\/staviori.com.pl\/product\/srebrna-bransoletka-bdm3237\/"},"modified":"2026-02-11T00:08:23","modified_gmt":"2026-02-10T23:08:23","slug":"srebrna-bransoletka-bdm3237","status":"publish","type":"product","link":"https:\/\/staviori.com.pl\/cs\/product\/srebrna-bransoletka-bdm3237\/","title":{"rendered":"St\u0159\u00edbrn\u00fd n\u00e1ramek s markazity - BDM3237"},"content":{"rendered":"<p>Model: BDM3237<br \/>\nWaga ok. 6,50g<\/p>\n<p>N\u00e1ramek 18 cm.<br \/>\n0,925 rhodiovan\u00e9 st\u0159\u00edbro.<br \/>\nMarkazit\u00e9.<br \/>\nSzeroko\u015b\u0107 3&#215;7.8 mm.<\/p>","protected":false},"excerpt":{"rendered":"<p>Subtelna bransoletka z rodowanego srebra pr\u00f3by 0,925, wysadzana po\u0142yskuj\u0105cymi markazytami. Ciemne, grafitowe odcienie kamieni elegancko kontrastuj\u0105 ze srebrn\u0105 opraw\u0105, podkre\u015blaj\u0105c finezyjny, pleciony wz\u00f3r. Minimalistyczna forma w ponadczasowym stylu sprawia, \u017ce bi\u017cuteria doskonale pasuje zar\u00f3wno do codziennych, jak i wieczorowych kreacji, dodaj\u0105c szyku i charakteru.<\/p>","protected":false},"featured_media":21889,"comment_status":"closed","ping_status":"closed","template":"","meta":{"om_disable_all_campaigns":false},"product_brand":[2284],"product_cat":[43,1392,2421,1863,1817],"product_tag":[2424,2428,1401,2425,2384,2332,2427,2426],"class_list":{"0":"post-13395","1":"product","2":"type-product","3":"status-publish","4":"has-post-thumbnail","6":"product_brand-staviori","7":"product_cat-bransoletki","8":"product_cat-damskie","9":"product_cat-meskie","10":"product_cat-srebrna-bransoletka","11":"product_cat-srebro-2","12":"product_tag-bdm3237","13":"product_tag-bizuteria-srebrna","14":"product_tag-bransoletka","15":"product_tag-markazyty","16":"product_tag-minimalistyczna-bizuteria","17":"product_tag-prezent","18":"product_tag-srebro-925","19":"product_tag-srebro-rodowane","20":"pa_kamien-markazyty","21":"pa_kruszec-srebro","22":"pa_kruszec-srebro-rodowane","23":"pa_proba-0-925","24":"pa_rozmiar-18cm","25":"pa_szerokosc-3x7-8mm","26":"pa_waga-6-50g","28":"first","29":"instock","30":"taxable","31":"shipping-taxable","32":"purchasable","33":"product-type-simple"},"aioseo_notices":[],"_links":{"self":[{"href":"https:\/\/staviori.com.pl\/cs\/wp-json\/wp\/v2\/product\/13395","targetHints":{"allow":["GET"]}}],"collection":[{"href":"https:\/\/staviori.com.pl\/cs\/wp-json\/wp\/v2\/product"}],"about":[{"href":"https:\/\/staviori.com.pl\/cs\/wp-json\/wp\/v2\/types\/product"}],"replies":[{"embeddable":true,"href":"https:\/\/staviori.com.pl\/cs\/wp-json\/wp\/v2\/comments?post=13395"}],"wp:featuredmedia":[{"embeddable":true,"href":"https:\/\/staviori.com.pl\/cs\/wp-json\/wp\/v2\/media\/21889"}],"wp:attachment":[{"href":"https:\/\/staviori.com.pl\/cs\/wp-json\/wp\/v2\/media?parent=13395"}],"wp:term":[{"taxonomy":"product_brand","embeddable":true,"href":"https:\/\/staviori.com.pl\/cs\/wp-json\/wp\/v2\/product_brand?post=13395"},{"taxonomy":"product_cat","embeddable":true,"href":"https:\/\/staviori.com.pl\/cs\/wp-json\/wp\/v2\/product_cat?post=13395"},{"taxonomy":"product_tag","embeddable":true,"href":"https:\/\/staviori.com.pl\/cs\/wp-json\/wp\/v2\/product_tag?post=13395"}],"curies":[{"name":"wp","href":"https:\/\/api.w.org\/{rel}","templated":true}]}}