{"id":13394,"date":"2025-02-24T22:44:33","date_gmt":"2025-02-24T21:44:33","guid":{"rendered":"https:\/\/staviori.com.pl\/product\/srebrna-bransoletka-bdm3236\/"},"modified":"2026-02-11T00:08:23","modified_gmt":"2026-02-10T23:08:23","slug":"srebrna-bransoletka-bdm3236","status":"publish","type":"product","link":"https:\/\/staviori.com.pl\/cs\/product\/srebrna-bransoletka-bdm3236\/","title":{"rendered":"St\u0159\u00edbrn\u00fd n\u00e1ramek s markazity - BDM3236"},"content":{"rendered":"<p>Model: BDM3236<br \/>\nHmotnost p\u0159ibli\u017en\u011b 13,75 g<\/p>\n<p>N\u00e1ramek 19 cm.<br \/>\n0,925 rhodiovan\u00e9 st\u0159\u00edbro.<br \/>\nMarkazit\u00e9.<br \/>\n\u0160\u00ed\u0159ka 4,15 mm.<\/p>","protected":false},"excerpt":{"rendered":"<p>Elegantn\u00ed n\u00e1ramek z rhodiovan\u00e9ho st\u0159\u00edbra o ryzosti 0,925, os\u00e1zen\u00fd jemn\u00fdmi markazity. Jejich jemn\u00fd kovov\u00fd lesk lad\u00ed se st\u0159\u00edbrn\u00fdm zasazen\u00edm a vytv\u00e1\u0159\u00ed sofistikovan\u00fd, lehce retro styl. D\u00edky \u0161t\u00edhl\u00e9mu tvaru a jemn\u00e9mu lesku kamen\u016f \u0161perk skv\u011ble dopln\u00ed ka\u017edodenn\u00ed i ve\u010dern\u00ed outfit.<\/p>","protected":false},"featured_media":692,"comment_status":"closed","ping_status":"closed","template":"","meta":{"om_disable_all_campaigns":false},"product_brand":[2284],"product_cat":[43,1392,2421,1863,1817],"product_tag":[2429,2293,2428,1401,2425,2332,2427,2426],"class_list":{"0":"post-13394","1":"product","2":"type-product","3":"status-publish","4":"has-post-thumbnail","6":"product_brand-staviori","7":"product_cat-bransoletki","8":"product_cat-damskie","9":"product_cat-meskie","10":"product_cat-srebrna-bransoletka","11":"product_cat-srebro-2","12":"product_tag-bdm3236","13":"product_tag-bizuteria-na-zamowienie","14":"product_tag-bizuteria-srebrna","15":"product_tag-bransoletka","16":"product_tag-markazyty","17":"product_tag-prezent","18":"product_tag-srebro-925","19":"product_tag-srebro-rodowane","20":"pa_barwa-70","21":"pa_kamien-markazyty","22":"pa_kruszec-srebro","23":"pa_kruszec-srebro-rodowane","24":"pa_proba-0-925","25":"pa_rozmiar-19cm","26":"pa_szerokosc-4-15mm","27":"pa_waga-13-75g","29":"first","30":"instock","31":"purchasable","32":"product-type-simple"},"aioseo_notices":[],"_links":{"self":[{"href":"https:\/\/staviori.com.pl\/cs\/wp-json\/wp\/v2\/product\/13394","targetHints":{"allow":["GET"]}}],"collection":[{"href":"https:\/\/staviori.com.pl\/cs\/wp-json\/wp\/v2\/product"}],"about":[{"href":"https:\/\/staviori.com.pl\/cs\/wp-json\/wp\/v2\/types\/product"}],"replies":[{"embeddable":true,"href":"https:\/\/staviori.com.pl\/cs\/wp-json\/wp\/v2\/comments?post=13394"}],"wp:featuredmedia":[{"embeddable":true,"href":"https:\/\/staviori.com.pl\/cs\/wp-json\/wp\/v2\/media\/692"}],"wp:attachment":[{"href":"https:\/\/staviori.com.pl\/cs\/wp-json\/wp\/v2\/media?parent=13394"}],"wp:term":[{"taxonomy":"product_brand","embeddable":true,"href":"https:\/\/staviori.com.pl\/cs\/wp-json\/wp\/v2\/product_brand?post=13394"},{"taxonomy":"product_cat","embeddable":true,"href":"https:\/\/staviori.com.pl\/cs\/wp-json\/wp\/v2\/product_cat?post=13394"},{"taxonomy":"product_tag","embeddable":true,"href":"https:\/\/staviori.com.pl\/cs\/wp-json\/wp\/v2\/product_tag?post=13394"}],"curies":[{"name":"wp","href":"https:\/\/api.w.org\/{rel}","templated":true}]}}