{"id":13392,"date":"2025-02-24T22:44:33","date_gmt":"2025-02-24T21:44:33","guid":{"rendered":"https:\/\/staviori.com.pl\/product\/srebrna-bransoletka-bdm3227\/"},"modified":"2026-02-11T00:08:23","modified_gmt":"2026-02-10T23:08:23","slug":"srebrna-bransoletka-bdm3227","status":"publish","type":"product","link":"https:\/\/staviori.com.pl\/cs\/product\/srebrna-bransoletka-bdm3227\/","title":{"rendered":"Kr\u00e1sn\u00fd st\u0159\u00edbrn\u00fd a\u017eurov\u00fd n\u00e1ramek - BDM3227"},"content":{"rendered":"<p>Model: BDM3227<br \/>\nWaga ok. 20,00g<\/p>\n<p>N\u00e1ramek 18 cm.<br \/>\n0,925 rhodiovan\u00e9 st\u0159\u00edbro.<br \/>\nMarkazit\u00e9.<br \/>\nSzeroko\u015b\u0107 8.7 mm.<\/p>","protected":false},"excerpt":{"rendered":"<p>Wyj\u0105tkowa, a\u017curowa sztywna bransoleta (obr\u0119cz) z rodowanego srebra pr\u00f3by 0,925, misternie zdobiona po\u0142yskuj\u0105cymi markazytami. Otwarte, geometryczne wzory podkre\u015blaj\u0105 lekko\u015b\u0107 formy, a grafitowy blask kamieni tworzy elegancki, nieco retro efekt. Idealna jako awangardowy akcent dla wielbicielek subtelnej, lecz wyrazistej bi\u017cuterii.<\/p>","protected":false},"featured_media":675,"comment_status":"closed","ping_status":"closed","template":"","meta":{"om_disable_all_campaigns":false},"product_brand":[2284],"product_cat":[43,1392,1863,1817],"product_tag":[2346,2302,2335,2431,2293,2428,1401,2425,2332,2427,2426],"class_list":{"0":"post-13392","1":"product","2":"type-product","3":"status-publish","4":"has-post-thumbnail","6":"product_brand-staviori","7":"product_cat-bransoletki","8":"product_cat-damskie","9":"product_cat-srebrna-bransoletka","10":"product_cat-srebro-2","11":"product_tag-18-cm","12":"product_tag-azurowa","13":"product_tag-bangle","14":"product_tag-bdm3227","15":"product_tag-bizuteria-na-zamowienie","16":"product_tag-bizuteria-srebrna","17":"product_tag-bransoletka","18":"product_tag-markazyty","19":"product_tag-prezent","20":"product_tag-srebro-925","21":"product_tag-srebro-rodowane","22":"pa_barwa-70","23":"pa_kamien-markazyty","24":"pa_kruszec-srebro-rodowane","25":"pa_proba-0-925","26":"pa_rozmiar-18cm","27":"pa_szerokosc-8-7mm","28":"pa_waga-20-00g","30":"first","31":"instock","32":"taxable","33":"shipping-taxable","34":"purchasable","35":"product-type-simple"},"aioseo_notices":[],"_links":{"self":[{"href":"https:\/\/staviori.com.pl\/cs\/wp-json\/wp\/v2\/product\/13392","targetHints":{"allow":["GET"]}}],"collection":[{"href":"https:\/\/staviori.com.pl\/cs\/wp-json\/wp\/v2\/product"}],"about":[{"href":"https:\/\/staviori.com.pl\/cs\/wp-json\/wp\/v2\/types\/product"}],"replies":[{"embeddable":true,"href":"https:\/\/staviori.com.pl\/cs\/wp-json\/wp\/v2\/comments?post=13392"}],"wp:featuredmedia":[{"embeddable":true,"href":"https:\/\/staviori.com.pl\/cs\/wp-json\/wp\/v2\/media\/675"}],"wp:attachment":[{"href":"https:\/\/staviori.com.pl\/cs\/wp-json\/wp\/v2\/media?parent=13392"}],"wp:term":[{"taxonomy":"product_brand","embeddable":true,"href":"https:\/\/staviori.com.pl\/cs\/wp-json\/wp\/v2\/product_brand?post=13392"},{"taxonomy":"product_cat","embeddable":true,"href":"https:\/\/staviori.com.pl\/cs\/wp-json\/wp\/v2\/product_cat?post=13392"},{"taxonomy":"product_tag","embeddable":true,"href":"https:\/\/staviori.com.pl\/cs\/wp-json\/wp\/v2\/product_tag?post=13392"}],"curies":[{"name":"wp","href":"https:\/\/api.w.org\/{rel}","templated":true}]}}