{"id":13391,"date":"2025-02-24T22:44:33","date_gmt":"2025-02-24T21:44:33","guid":{"rendered":"https:\/\/staviori.com.pl\/product\/srebrna-bransoletka-bdm2867\/"},"modified":"2026-02-23T13:43:21","modified_gmt":"2026-02-23T12:43:21","slug":"srebrna-bransoletka-bdm2867","status":"publish","type":"product","link":"https:\/\/staviori.com.pl\/cs\/product\/srebrna-bransoletka-bdm2867\/","title":{"rendered":"St\u0159\u00edbrn\u00fd a\u017eurov\u00fd n\u00e1ramek s markazity - 18\/19cm - BDM2867"},"content":{"rendered":"<p>Model: BDM2867<br \/>\nWaga ok. 37,00g<\/p>\n<p>Bransoleta 18cm lub 19cm<br \/>\n0,925 rhodiovan\u00e9 st\u0159\u00edbro.<br \/>\nMarkazit\u00e9.<br \/>\nSzeroko\u015b\u0107 15.8 mm.<\/p>","protected":false},"excerpt":{"rendered":"<p>Imponuj\u0105ca bransoleta z rodowanego srebra pr\u00f3by 0,925, bogato zdobiona po\u0142yskuj\u0105cymi markazytami. Szeroki profil podkre\u015bla wyrazisty, nieco retro charakter bi\u017cuterii, a g\u0119sto u\u0142o\u017cone kamienie tworz\u0105 hipnotyzuj\u0105cy, metaliczny blask. To wyrafinowany dodatek dla mi\u0142o\u015bniczek efektownych, a zarazem eleganckich akcent\u00f3w.<\/p>","protected":false},"featured_media":662,"comment_status":"closed","ping_status":"closed","template":"","meta":{"om_disable_all_campaigns":false},"product_brand":[2284],"product_cat":[1384,43,1392,1863,1817,145],"product_tag":[2432,2293,2428,1401,2425,2332,2427,2426],"class_list":{"0":"post-13391","1":"product","2":"type-product","3":"status-publish","4":"has-post-thumbnail","6":"product_brand-staviori","7":"product_cat-bizuteria","8":"product_cat-bransoletki","9":"product_cat-damskie","10":"product_cat-srebrna-bransoletka","11":"product_cat-srebro-2","12":"product_cat-srebro","13":"product_tag-bdm2867","14":"product_tag-bizuteria-na-zamowienie","15":"product_tag-bizuteria-srebrna","16":"product_tag-bransoletka","17":"product_tag-markazyty","18":"product_tag-prezent","19":"product_tag-srebro-925","20":"product_tag-srebro-rodowane","21":"pa_kamien-markazyty","22":"pa_kruszec-srebro-rodowane","23":"pa_proba-0-925","24":"pa_rozmiar-18cm","25":"pa_rozmiar-19cm","26":"pa_szerokosc-15-8mm","27":"pa_waga-37-00g","29":"first","30":"instock","31":"sold-individually","32":"taxable","33":"shipping-taxable","34":"purchasable","35":"product-type-variable"},"aioseo_notices":[],"_links":{"self":[{"href":"https:\/\/staviori.com.pl\/cs\/wp-json\/wp\/v2\/product\/13391","targetHints":{"allow":["GET"]}}],"collection":[{"href":"https:\/\/staviori.com.pl\/cs\/wp-json\/wp\/v2\/product"}],"about":[{"href":"https:\/\/staviori.com.pl\/cs\/wp-json\/wp\/v2\/types\/product"}],"replies":[{"embeddable":true,"href":"https:\/\/staviori.com.pl\/cs\/wp-json\/wp\/v2\/comments?post=13391"}],"wp:featuredmedia":[{"embeddable":true,"href":"https:\/\/staviori.com.pl\/cs\/wp-json\/wp\/v2\/media\/662"}],"wp:attachment":[{"href":"https:\/\/staviori.com.pl\/cs\/wp-json\/wp\/v2\/media?parent=13391"}],"wp:term":[{"taxonomy":"product_brand","embeddable":true,"href":"https:\/\/staviori.com.pl\/cs\/wp-json\/wp\/v2\/product_brand?post=13391"},{"taxonomy":"product_cat","embeddable":true,"href":"https:\/\/staviori.com.pl\/cs\/wp-json\/wp\/v2\/product_cat?post=13391"},{"taxonomy":"product_tag","embeddable":true,"href":"https:\/\/staviori.com.pl\/cs\/wp-json\/wp\/v2\/product_tag?post=13391"}],"curies":[{"name":"wp","href":"https:\/\/api.w.org\/{rel}","templated":true}]}}