{"id":13378,"date":"2025-02-24T22:44:30","date_gmt":"2025-02-24T21:44:30","guid":{"rendered":"https:\/\/staviori.com.pl\/product\/bizuteria-inwestycyjna-bransoletka-bcs3987\/"},"modified":"2026-02-11T00:08:23","modified_gmt":"2026-02-10T23:08:23","slug":"bizuteria-inwestycyjna-bransoletka-bcs3987","status":"publish","type":"product","link":"https:\/\/staviori.com.pl\/cs\/product\/bizuteria-inwestycyjna-bransoletka-bcs3987\/","title":{"rendered":"Exkluzivn\u011b | \u010cern\u00fd n\u00e1ramek se \u017elut\u00fdmi saf\u00edry - DSB0724"},"content":{"rendered":"<p>Model: DSB0724<br \/>\nWaga ok. 31,22g<\/p>\n<p>N\u00e1ramek 19 cm.<br \/>\n\u010cern\u00e9 zlato 0.750.<br \/>\n261 Szafir\u00f3w \u017c\u00f3\u0142tych, o masie 4,94ct.<\/p>\n<p>Szeroko\u015b\u0107 8.3 mm.<br \/>\nGrubo\u015b\u0107 2.8 mm.<\/p>\n<p><strong>Produkt je k dispozici pouze na vy\u017e\u00e1d\u00e1n\u00ed, doba dod\u00e1n\u00ed cca 5 t\u00fddn\u016f.<\/strong><\/p>","protected":false},"excerpt":{"rendered":"<p>V\u00fdjime\u010dn\u00fd n\u00e1ramek z \u010dern\u00e9ho zlata ryzosti 0,750, os\u00e1zen\u00fd 261 \u017elut\u00fdmi saf\u00edry o celkov\u00e9 hmotnosti 4,94 ct.<br \/>\nSyt\u011b \u010dern\u00e1 barva kovu vytv\u00e1\u0159\u00ed v\u00fdrazn\u00fd kontrast s teplou slune\u010dn\u00ed z\u00e1\u0159\u00ed kamen\u016f a jemn\u00fd, ale v\u00fdrazn\u00fd tvar obep\u00edn\u00e1 z\u00e1p\u011bst\u00ed jako elegantn\u00ed n\u00e1ramek. Jedn\u00e1 se o origin\u00e1ln\u00ed akcent, kter\u00fd dod\u00e1 charakter ve\u010dern\u00edm i ka\u017edodenn\u00edm stylizac\u00edm.<\/p>","protected":false},"featured_media":616,"comment_status":"closed","ping_status":"closed","template":"","meta":{"om_disable_all_campaigns":false},"product_brand":[2284],"product_cat":[6893,43,1803],"product_tag":[2338,2293,2295,2405,2414,2280,2332,2341,2415],"class_list":{"0":"post-13378","1":"product","2":"type-product","3":"status-publish","4":"has-post-thumbnail","6":"product_brand-staviori","7":"product_cat-bransoletka","8":"product_cat-bransoletki","9":"product_cat-brylanty-exclusive","10":"product_tag-18k","11":"product_tag-bizuteria-na-zamowienie","12":"product_tag-bransoleta","13":"product_tag-czarne-zloto","14":"product_tag-dsb0724","15":"product_tag-luksusowa-bizuteria","16":"product_tag-prezent","17":"product_tag-zloto-750","18":"product_tag-zolte-szafiry","19":"pa_barwa-70","20":"pa_grubosc-2-8mm","21":"pa_kamien-szafiry-naturalne","22":"pa_kamien-szafiry-zolte","23":"pa_kolor-biale","24":"pa_kolor-czarne","25":"pa_kruszec-zloto","26":"pa_proba-0-750","27":"pa_rozmiar-19cm","28":"pa_szerokosc-8-3mm","29":"pa_waga-31-22g","31":"first","32":"onbackorder","33":"taxable","34":"shipping-taxable","35":"purchasable","36":"product-type-simple"},"aioseo_notices":[],"_links":{"self":[{"href":"https:\/\/staviori.com.pl\/cs\/wp-json\/wp\/v2\/product\/13378","targetHints":{"allow":["GET"]}}],"collection":[{"href":"https:\/\/staviori.com.pl\/cs\/wp-json\/wp\/v2\/product"}],"about":[{"href":"https:\/\/staviori.com.pl\/cs\/wp-json\/wp\/v2\/types\/product"}],"replies":[{"embeddable":true,"href":"https:\/\/staviori.com.pl\/cs\/wp-json\/wp\/v2\/comments?post=13378"}],"wp:featuredmedia":[{"embeddable":true,"href":"https:\/\/staviori.com.pl\/cs\/wp-json\/wp\/v2\/media\/616"}],"wp:attachment":[{"href":"https:\/\/staviori.com.pl\/cs\/wp-json\/wp\/v2\/media?parent=13378"}],"wp:term":[{"taxonomy":"product_brand","embeddable":true,"href":"https:\/\/staviori.com.pl\/cs\/wp-json\/wp\/v2\/product_brand?post=13378"},{"taxonomy":"product_cat","embeddable":true,"href":"https:\/\/staviori.com.pl\/cs\/wp-json\/wp\/v2\/product_cat?post=13378"},{"taxonomy":"product_tag","embeddable":true,"href":"https:\/\/staviori.com.pl\/cs\/wp-json\/wp\/v2\/product_tag?post=13378"}],"curies":[{"name":"wp","href":"https:\/\/api.w.org\/{rel}","templated":true}]}}